{"id":15348,"date":"2024-10-24T07:43:59","date_gmt":"2024-10-24T05:43:59","guid":{"rendered":"http:\/\/billigtrikots.com\/?post_type=product&#038;p=15348"},"modified":"2024-10-24T07:46:35","modified_gmt":"2024-10-24T05:46:35","slug":"neue-fussballtrikots-ssc-napoli-23-24-drittes-trikot-herren-set","status":"publish","type":"product","link":"https:\/\/www.billigtrikotde.com\/sv\/neue-fussballtrikots-ssc-napoli-23-24-drittes-trikot-herren-set\/","title":{"rendered":"Nya Fotbollstr\u00f6jor SSC Napoli 23-24 Tredje Jersey Herr Set"},"content":{"rendered":"<p>Det tredje fotbollstr\u00f6jan fr\u00e5n EA7 SSC Napoli 23-24 har en trendig f\u00e4rgkombination f\u00f6r fotbollstr\u00f6jor. EA7 Napoli 2023-2024 tredje tr\u00f6ja kombinerar en svart bas med helt guldiga logotyper. Vad som g\u00f6r EA7 Napoli 2023-2024 tredje fotbollstr\u00f6ja unik \u00e4r ett unikt gr\u00f6nt m\u00f6nster p\u00e5 \u00e4rmarna och uppe till v\u00e4nster. Det \u00e4r inspirerat av maorit\u00e4 tattoos.<\/p>\n<p>Tips f\u00f6r utskrift: Om namn och nummer p\u00e5 bilden \u00e4r exakt vad du vill ha, beh\u00f6ver du inte ange dem igen. Om inte, ska du ange \u00f6nskat namn och nummer.<\/p>\n<p>Tips f\u00f6r tv\u00e4tt: Det \u00e4r rekommenderat att tv\u00e4tta fotbollstr\u00f6jor f\u00f6r hand. Om du vill anv\u00e4nda tv\u00e4ttmaskinen ska du komma ih\u00e5g att v\u00e4nda fotbollstr\u00f6jorna ut och in och sedan tv\u00e4tta dem. Fyll maskinen med kallt vatten och anv\u00e4nd ett skonsamt program f\u00f6r att b\u00e4ttre skydda f\u00e4rgerna.<\/p>","protected":false},"excerpt":{"rendered":"<p>Det tredje fotbollstr\u00f6jan fr\u00e5n EA7 SSC Napoli 23-24 har en trendig f\u00e4rgkombination f\u00f6r fotbollstr\u00f6jor. EA7 Napoli 2023-2024 tredje tr\u00f6ja kombinerar en svart bas med helt guldiga logotyper. Vad som g\u00f6r EA7 Napoli 2023-2024 tredje fotbollstr\u00f6ja unik \u00e4r ett unikt gr\u00f6nt m\u00f6nster p\u00e5 \u00e4rmarna och uppe till v\u00e4nster. Det \u00e4r inspirerat av maorit\u00e4 tattoos.<\/p>","protected":false},"featured_media":15390,"comment_status":"open","ping_status":"closed","template":"","meta":[],"product_brand":[],"product_cat":[192],"product_tag":[20,574,21,23,739,24,496,497],"class_list":{"0":"post-15348","1":"product","2":"type-product","3":"status-publish","4":"has-post-thumbnail","6":"product_cat-ssc-napoli","7":"product_tag-coole-fussballtrikots","8":"product_tag-fussballtrikot-deutschland","9":"product_tag-fussballtrikot-fuer-herren","10":"product_tag-fussballtrikot-kurzarm","11":"product_tag-guenstig-fussballtrikots","12":"product_tag-guenstiges-fussballtrikot","13":"product_tag-ssc-napoli-fussballtrikot","14":"product_tag-ssc-napoli-trikot","16":"first","17":"instock","18":"shipping-taxable","19":"purchasable","20":"product-type-variable"},"_links":{"self":[{"href":"https:\/\/www.billigtrikotde.com\/sv\/wp-json\/wp\/v2\/product\/15348","targetHints":{"allow":["GET"]}}],"collection":[{"href":"https:\/\/www.billigtrikotde.com\/sv\/wp-json\/wp\/v2\/product"}],"about":[{"href":"https:\/\/www.billigtrikotde.com\/sv\/wp-json\/wp\/v2\/types\/product"}],"replies":[{"embeddable":true,"href":"https:\/\/www.billigtrikotde.com\/sv\/wp-json\/wp\/v2\/comments?post=15348"}],"wp:featuredmedia":[{"embeddable":true,"href":"https:\/\/www.billigtrikotde.com\/sv\/wp-json\/wp\/v2\/media\/15390"}],"wp:attachment":[{"href":"https:\/\/www.billigtrikotde.com\/sv\/wp-json\/wp\/v2\/media?parent=15348"}],"wp:term":[{"taxonomy":"product_brand","embeddable":true,"href":"https:\/\/www.billigtrikotde.com\/sv\/wp-json\/wp\/v2\/product_brand?post=15348"},{"taxonomy":"product_cat","embeddable":true,"href":"https:\/\/www.billigtrikotde.com\/sv\/wp-json\/wp\/v2\/product_cat?post=15348"},{"taxonomy":"product_tag","embeddable":true,"href":"https:\/\/www.billigtrikotde.com\/sv\/wp-json\/wp\/v2\/product_tag?post=15348"}],"curies":[{"name":"wp","href":"https:\/\/api.w.org\/{rel}","templated":true}]}}