{"id":15254,"date":"2024-10-24T07:38:58","date_gmt":"2024-10-24T05:38:58","guid":{"rendered":"http:\/\/billigtrikots.com\/?post_type=product&#038;p=15254"},"modified":"2024-10-24T07:41:39","modified_gmt":"2024-10-24T05:41:39","slug":"herren-real-betis-2023-2024-trikot-in-gruen-weissen-personalisierbar","status":"publish","type":"product","link":"https:\/\/www.billigtrikotde.com\/sv\/herren-real-betis-2023-2024-trikot-in-gruen-weissen-personalisierbar\/","title":{"rendered":"Real Betis 2023-2024 tr\u00f6ja f\u00f6r herrar i gr\u00f6nt och vitt Anpassningsbar"},"content":{"rendered":"<p>Hummel Real Betis Balompi\u00e9 2023-2024 tr\u00f6jan med de traditionella gr\u00f6na och vita r\u00e4nderna har ocks\u00e5 ett diamantformat m\u00f6nster som p\u00e5minner om trottoaren p\u00e5 Plaza Nueva, medan de klassiska Hummel-chevronerna pryder axlarna och byxorna p\u00e5 Hummel Real Betis Balompi\u00e9 2023-2024 hemmatr\u00f6jan.<\/p>\n<p>Tips f\u00f6r utskrift: Om namn och nummer p\u00e5 bilden \u00e4r exakt vad du vill ha, beh\u00f6ver du inte ange dem igen. Om inte, ska du ange \u00f6nskat namn och nummer.<\/p>\n<p>Tips f\u00f6r tv\u00e4tt: Det \u00e4r rekommenderat att tv\u00e4tta fotbollstr\u00f6jor f\u00f6r hand. Om du vill anv\u00e4nda tv\u00e4ttmaskinen ska du komma ih\u00e5g att v\u00e4nda fotbollstr\u00f6jorna ut och in och sedan tv\u00e4tta dem. Fyll maskinen med kallt vatten och anv\u00e4nd ett skonsamt program f\u00f6r att b\u00e4ttre skydda f\u00e4rgerna.<\/p>","protected":false},"excerpt":{"rendered":"<p>Hummel Real Betis Balompi\u00e9 2023-2024-tr\u00f6jan med de traditionella gr\u00f6na\u2013vita r\u00e4nderna har dessutom ett rombm\u00f6nster som p\u00e5minner om plattan vid Plaza Nueva. De klassiska chevrons fr\u00e5n Hummel pryder axlarna och byxorna p\u00e5 Hummel Real Betis Balompi\u00e9 2023-2024 hemtr\u00f6jan. Betis-\u00e5rets 2023-24 hemmatr\u00f6ja byxorna \u00e4r vita. Tips f\u00f6r tryck: N\u00e4r namnet [\u2026]<\/p>","protected":false},"featured_media":15301,"comment_status":"open","ping_status":"closed","template":"","meta":[],"product_brand":[],"product_cat":[901],"product_tag":[20,574,21,22,23,24,902,903,904,905],"class_list":{"0":"post-15254","1":"product","2":"type-product","3":"status-publish","4":"has-post-thumbnail","6":"product_cat-real-betis","7":"product_tag-coole-fussballtrikots","8":"product_tag-fussballtrikot-deutschland","9":"product_tag-fussballtrikot-fuer-herren","10":"product_tag-fussballtrikot-guenstig-kaufen","11":"product_tag-fussballtrikot-kurzarm","12":"product_tag-guenstiges-fussballtrikot","13":"product_tag-real-betis-2023-2024-trikot","14":"product_tag-real-betis-fussballtrikots","15":"product_tag-real-betis-trikot","16":"product_tag-real-betis-trikot-23-24","18":"first","19":"instock","20":"shipping-taxable","21":"purchasable","22":"product-type-variable"},"_links":{"self":[{"href":"https:\/\/www.billigtrikotde.com\/sv\/wp-json\/wp\/v2\/product\/15254","targetHints":{"allow":["GET"]}}],"collection":[{"href":"https:\/\/www.billigtrikotde.com\/sv\/wp-json\/wp\/v2\/product"}],"about":[{"href":"https:\/\/www.billigtrikotde.com\/sv\/wp-json\/wp\/v2\/types\/product"}],"replies":[{"embeddable":true,"href":"https:\/\/www.billigtrikotde.com\/sv\/wp-json\/wp\/v2\/comments?post=15254"}],"wp:featuredmedia":[{"embeddable":true,"href":"https:\/\/www.billigtrikotde.com\/sv\/wp-json\/wp\/v2\/media\/15301"}],"wp:attachment":[{"href":"https:\/\/www.billigtrikotde.com\/sv\/wp-json\/wp\/v2\/media?parent=15254"}],"wp:term":[{"taxonomy":"product_brand","embeddable":true,"href":"https:\/\/www.billigtrikotde.com\/sv\/wp-json\/wp\/v2\/product_brand?post=15254"},{"taxonomy":"product_cat","embeddable":true,"href":"https:\/\/www.billigtrikotde.com\/sv\/wp-json\/wp\/v2\/product_cat?post=15254"},{"taxonomy":"product_tag","embeddable":true,"href":"https:\/\/www.billigtrikotde.com\/sv\/wp-json\/wp\/v2\/product_tag?post=15254"}],"curies":[{"name":"wp","href":"https:\/\/api.w.org\/{rel}","templated":true}]}}