{"id":1523,"date":"2024-10-23T13:34:16","date_gmt":"2024-10-23T11:34:16","guid":{"rendered":"http:\/\/billigtrikots.com\/?post_type=product&#038;p=1523"},"modified":"2024-10-23T13:35:50","modified_gmt":"2024-10-23T11:35:50","slug":"herren-fc-arsenal-2022-blau-ausweichtrikot-saka-7-kurze-hosen","status":"publish","type":"product","link":"https:\/\/www.billigtrikotde.com\/sv\/herren-fc-arsenal-2022-blau-ausweichtrikot-saka-7-kurze-hosen\/","title":{"rendered":"Herrar FC Arsenal 2022 bl\u00e5 Bortatr\u00f6ja SAKA 7 + Kortbyxor"},"content":{"rendered":"<p>H\u00e4r kommer revivalen av en 90-talsdesign \u2013 som ett blixtnedslag fr\u00e5n det f\u00f6rflutna. Denna FC Arsenal bortatr\u00f6ja firar ett framg\u00e5ngsrikt decennium f\u00f6r fotbollen och f\u00f6r a-didas. Fan-versionen kombinerar en avslappnad, utrustningsstil-inspirerad look med modern teknik. Det mjuka materialet med fuktabsorberande AEROREADY h\u00e5ller dig behagligt torr.<\/p>\n<p>Tips f\u00f6r utskrift: Om namn och nummer p\u00e5 bilden \u00e4r exakt vad du vill ha, beh\u00f6ver du inte ange dem igen. Om inte, ska du ange \u00f6nskat namn och nummer.<\/p>\n<p>Tips f\u00f6r tv\u00e4tt: Det \u00e4r rekommenderat att tv\u00e4tta fotbollstr\u00f6jor f\u00f6r hand. Om du vill anv\u00e4nda tv\u00e4ttmaskinen ska du komma ih\u00e5g att v\u00e4nda fotbollstr\u00f6jorna ut och in och sedan tv\u00e4tta dem. Fyll maskinen med kallt vatten och anv\u00e4nd ett skonsamt program f\u00f6r att b\u00e4ttre skydda f\u00e4rgerna.<\/p>","protected":false},"excerpt":{"rendered":"<p>H\u00e4r kommer revivalen av en 90-talsdesign \u2013 som ett blixtnedslag fr\u00e5n det f\u00f6rflutna. Denna FC Arsenal bortatr\u00f6ja firar ett framg\u00e5ngsrikt decennium f\u00f6r fotbollen och f\u00f6r a-didas. Fan-versionen kombinerar en avslappnad, utrustningsstil-inspirerad look med modern teknik. Det mjuka materialet med fuktabsorberande AEROREADY h\u00e5ller dig behagligt torr.<\/p>","protected":false},"featured_media":1558,"comment_status":"open","ping_status":"closed","template":"","meta":[],"product_brand":[],"product_cat":[55],"product_tag":[20,57,21,22,23,54,24],"class_list":{"0":"post-1523","1":"product","2":"type-product","3":"status-publish","4":"has-post-thumbnail","6":"product_cat-arsenal","7":"product_tag-coole-fussballtrikots","8":"product_tag-fc-arsenal-trikots","9":"product_tag-fussballtrikot-fuer-herren","10":"product_tag-fussballtrikot-guenstig-kaufen","11":"product_tag-fussballtrikot-kurzarm","12":"product_tag-fussballtrikot-set","13":"product_tag-guenstiges-fussballtrikot","15":"first","16":"instock","17":"shipping-taxable","18":"purchasable","19":"product-type-variable"},"_links":{"self":[{"href":"https:\/\/www.billigtrikotde.com\/sv\/wp-json\/wp\/v2\/product\/1523","targetHints":{"allow":["GET"]}}],"collection":[{"href":"https:\/\/www.billigtrikotde.com\/sv\/wp-json\/wp\/v2\/product"}],"about":[{"href":"https:\/\/www.billigtrikotde.com\/sv\/wp-json\/wp\/v2\/types\/product"}],"replies":[{"embeddable":true,"href":"https:\/\/www.billigtrikotde.com\/sv\/wp-json\/wp\/v2\/comments?post=1523"}],"wp:featuredmedia":[{"embeddable":true,"href":"https:\/\/www.billigtrikotde.com\/sv\/wp-json\/wp\/v2\/media\/1558"}],"wp:attachment":[{"href":"https:\/\/www.billigtrikotde.com\/sv\/wp-json\/wp\/v2\/media?parent=1523"}],"wp:term":[{"taxonomy":"product_brand","embeddable":true,"href":"https:\/\/www.billigtrikotde.com\/sv\/wp-json\/wp\/v2\/product_brand?post=1523"},{"taxonomy":"product_cat","embeddable":true,"href":"https:\/\/www.billigtrikotde.com\/sv\/wp-json\/wp\/v2\/product_cat?post=1523"},{"taxonomy":"product_tag","embeddable":true,"href":"https:\/\/www.billigtrikotde.com\/sv\/wp-json\/wp\/v2\/product_tag?post=1523"}],"curies":[{"name":"wp","href":"https:\/\/api.w.org\/{rel}","templated":true}]}}