{"id":15012,"date":"2024-10-24T07:26:41","date_gmt":"2024-10-24T05:26:41","guid":{"rendered":"http:\/\/billigtrikots.com\/?post_type=product&#038;p=15012"},"modified":"2024-10-24T07:29:00","modified_gmt":"2024-10-24T05:29:00","slug":"kinder-fussball-trikot-bayern-muenchen-2023-24-auswaertstrikot-bestellen-mit-aufdruck-de-ligt-4","status":"publish","type":"product","link":"https:\/\/www.billigtrikotde.com\/sv\/kinder-fussball-trikot-bayern-muenchen-2023-24-auswaertstrikot-bestellen-mit-aufdruck-de-ligt-4\/","title":{"rendered":"Barn Fotbollstr\u00f6ja Bayern M\u00fcnchen 2023-24 bortakit order med tryck DE LIGHT 4"},"content":{"rendered":"<p>De tyska rekordm\u00e4starna \u00e4r k\u00e4nda f\u00f6r sin ikoniska r\u00f6dvita tr\u00f6ja, men p\u00e5 senare \u00e5r har klubben \u00e4ven experimenterat med sina bortast\u00e4ll. Bortast\u00e4llet 2023-24 g\u00e5r ett steg l\u00e4ngre och har ett mycket dj\u00e4rvt f\u00e4rgschema i svart, gr\u00f6nt och lila.<\/p>\n<p>Tips f\u00f6r utskrift: Om namn och nummer p\u00e5 bilden \u00e4r exakt vad du vill ha, beh\u00f6ver du inte ange dem igen. Om inte, ska du ange \u00f6nskat namn och nummer.<\/p>\n<p>Tips f\u00f6r tv\u00e4tt: Det \u00e4r rekommenderat att tv\u00e4tta fotbollstr\u00f6jor f\u00f6r hand. Om du vill anv\u00e4nda tv\u00e4ttmaskinen ska du komma ih\u00e5g att v\u00e4nda fotbollstr\u00f6jorna ut och in och sedan tv\u00e4tta dem. Fyll maskinen med kallt vatten och anv\u00e4nd ett skonsamt program f\u00f6r att b\u00e4ttre skydda f\u00e4rgerna.<\/p>","protected":false},"excerpt":{"rendered":"<p>Der deutsche Rekordmeister ist bekannt f\u00fcr sein kultiges rot-wei\u00dfes Trikot, aber in den letzten Jahren hat der Verein auch mit seinen Ausw\u00e4rtstrikots experimentiert. Das Ausw\u00e4rtstrikot 2023-24 geht noch einen Schritt weiter und zeigt ein sehr gewagtes Farbschema in Schwarz, Gr\u00fcn und Lila. Tipps zum Drucken: Wenn der Name und die Nummer auf dem Bild genau [&hellip;]<\/p>","protected":false},"featured_media":15051,"comment_status":"open","ping_status":"closed","template":"","meta":[],"product_brand":[],"product_cat":[135],"product_tag":[137,514,515,138,20,574,21,23,24,94],"class_list":{"0":"post-15012","1":"product","2":"type-product","3":"status-publish","4":"has-post-thumbnail","6":"product_cat-bayern-munich-kindertrikot","7":"product_tag-bayern-muenchen-trikots","8":"product_tag-bayern-munich-fussballtrikots-kinder","9":"product_tag-bayern-munich-trikot-fuer-kinder","10":"product_tag-bayern-munich-trikotsatz-fuer-kinder","11":"product_tag-coole-fussballtrikots","12":"product_tag-fussballtrikot-deutschland","13":"product_tag-fussballtrikot-fuer-herren","14":"product_tag-fussballtrikot-kurzarm","15":"product_tag-guenstiges-fussballtrikot","16":"product_tag-kinder-fussball-trikotsatz","18":"first","19":"instock","20":"shipping-taxable","21":"purchasable","22":"product-type-variable"},"_links":{"self":[{"href":"https:\/\/www.billigtrikotde.com\/sv\/wp-json\/wp\/v2\/product\/15012","targetHints":{"allow":["GET"]}}],"collection":[{"href":"https:\/\/www.billigtrikotde.com\/sv\/wp-json\/wp\/v2\/product"}],"about":[{"href":"https:\/\/www.billigtrikotde.com\/sv\/wp-json\/wp\/v2\/types\/product"}],"replies":[{"embeddable":true,"href":"https:\/\/www.billigtrikotde.com\/sv\/wp-json\/wp\/v2\/comments?post=15012"}],"wp:featuredmedia":[{"embeddable":true,"href":"https:\/\/www.billigtrikotde.com\/sv\/wp-json\/wp\/v2\/media\/15051"}],"wp:attachment":[{"href":"https:\/\/www.billigtrikotde.com\/sv\/wp-json\/wp\/v2\/media?parent=15012"}],"wp:term":[{"taxonomy":"product_brand","embeddable":true,"href":"https:\/\/www.billigtrikotde.com\/sv\/wp-json\/wp\/v2\/product_brand?post=15012"},{"taxonomy":"product_cat","embeddable":true,"href":"https:\/\/www.billigtrikotde.com\/sv\/wp-json\/wp\/v2\/product_cat?post=15012"},{"taxonomy":"product_tag","embeddable":true,"href":"https:\/\/www.billigtrikotde.com\/sv\/wp-json\/wp\/v2\/product_tag?post=15012"}],"curies":[{"name":"wp","href":"https:\/\/api.w.org\/{rel}","templated":true}]}}