{"id":14991,"date":"2024-10-24T07:25:31","date_gmt":"2024-10-24T05:25:31","guid":{"rendered":"http:\/\/billigtrikots.com\/?post_type=product&#038;p=14991"},"modified":"2024-10-24T07:28:24","modified_gmt":"2024-10-24T05:28:24","slug":"neueste-fussballtrikots-herren-fc-barcelona-2023-2024-mit-namen-pablo-torre-32","status":"publish","type":"product","link":"https:\/\/www.billigtrikotde.com\/sv\/neueste-fussballtrikots-herren-fc-barcelona-2023-2024-mit-namen-pablo-torre-32\/","title":{"rendered":"Nyaste Fotbollstr\u00f6jor Herr FC Barcelona 2023-2024 med namn PABLO TORRE 32"},"content":{"rendered":"<p>FC Barcelona 2023-2024-tr\u00f6jan \u00e5terv\u00e4nder till klubbens mest klassiska tr\u00f6jdesign, som introducerades 1912 och anv\u00e4ndes mer eller mindre i samma stil fram till 1990-talet. FC Barcelona 23-24-tr\u00f6jan har tre breda r\u00e4nder p\u00e5 framsidan. Unikt \u00e4r att de klassiska r\u00e4nderna p\u00e5 tr\u00f6jan har ett rutm\u00f6nster vid kanterna. Detta \u00e4r inspirerat av det gamla diamantformade logotypen f\u00f6r det nuvarande damlaget i Barcelona. Nike anv\u00e4nder vitt f\u00f6r Swoosh och nummer, Spotify-logotypen \u00e4r ocks\u00e5 i vitt.<\/p>\n<p>Tips f\u00f6r utskrift: Om namn och nummer p\u00e5 bilden \u00e4r exakt vad du vill ha, beh\u00f6ver du inte ange dem igen. Om inte, ska du ange \u00f6nskat namn och nummer.<\/p>\n<p>Tips f\u00f6r tv\u00e4tt: Det \u00e4r rekommenderat att tv\u00e4tta fotbollstr\u00f6jor f\u00f6r hand. Om du vill anv\u00e4nda tv\u00e4ttmaskinen ska du komma ih\u00e5g att v\u00e4nda fotbollstr\u00f6jorna ut och in och sedan tv\u00e4tta dem. Fyll maskinen med kallt vatten och anv\u00e4nd ett skonsamt program f\u00f6r att b\u00e4ttre skydda f\u00e4rgerna.<\/p>","protected":false},"excerpt":{"rendered":"<p>Das FC Barcelona 2023-2024 Trikot kehrt zum klassischsten Trikotdesign des Vereins zur\u00fcck, das 1912 vorgestellt und bis in die 1990er Jahre mehr oder weniger im gleichen Stil verwendet wurde. Das FC Barcelona 23-24 Trikot hat drei breite Streifen auf der Vorderseite.Einzigartig ist, dass die klassischen Streifen des Trikots an den R\u00e4ndern ein Rautenmuster haben. Dies [&hellip;]<\/p>","protected":false},"featured_media":15028,"comment_status":"open","ping_status":"closed","template":"","meta":[],"product_brand":[],"product_cat":[31],"product_tag":[703,704,20,863,864,33,574,426,24],"class_list":{"0":"post-14991","1":"product","2":"type-product","3":"status-publish","4":"has-post-thumbnail","6":"product_cat-fc-barcelona","7":"product_tag-barcelona-fussballtrikot","8":"product_tag-barcelona-trikot","9":"product_tag-coole-fussballtrikots","10":"product_tag-fc-barcelona-neue-trikots","11":"product_tag-fc-barcelona-trikot-set","12":"product_tag-fc-barcelona-trikots","13":"product_tag-fussballtrikot-deutschland","14":"product_tag-fussballtrikots-kurzarm","15":"product_tag-guenstiges-fussballtrikot","17":"first","18":"instock","19":"shipping-taxable","20":"purchasable","21":"product-type-variable"},"_links":{"self":[{"href":"https:\/\/www.billigtrikotde.com\/sv\/wp-json\/wp\/v2\/product\/14991","targetHints":{"allow":["GET"]}}],"collection":[{"href":"https:\/\/www.billigtrikotde.com\/sv\/wp-json\/wp\/v2\/product"}],"about":[{"href":"https:\/\/www.billigtrikotde.com\/sv\/wp-json\/wp\/v2\/types\/product"}],"replies":[{"embeddable":true,"href":"https:\/\/www.billigtrikotde.com\/sv\/wp-json\/wp\/v2\/comments?post=14991"}],"wp:featuredmedia":[{"embeddable":true,"href":"https:\/\/www.billigtrikotde.com\/sv\/wp-json\/wp\/v2\/media\/15028"}],"wp:attachment":[{"href":"https:\/\/www.billigtrikotde.com\/sv\/wp-json\/wp\/v2\/media?parent=14991"}],"wp:term":[{"taxonomy":"product_brand","embeddable":true,"href":"https:\/\/www.billigtrikotde.com\/sv\/wp-json\/wp\/v2\/product_brand?post=14991"},{"taxonomy":"product_cat","embeddable":true,"href":"https:\/\/www.billigtrikotde.com\/sv\/wp-json\/wp\/v2\/product_cat?post=14991"},{"taxonomy":"product_tag","embeddable":true,"href":"https:\/\/www.billigtrikotde.com\/sv\/wp-json\/wp\/v2\/product_tag?post=14991"}],"curies":[{"name":"wp","href":"https:\/\/api.w.org\/{rel}","templated":true}]}}