{"id":14920,"date":"2024-10-24T07:21:34","date_gmt":"2024-10-24T05:21:34","guid":{"rendered":"http:\/\/billigtrikots.com\/?post_type=product&#038;p=14920"},"modified":"2024-10-24T07:24:13","modified_gmt":"2024-10-24T05:24:13","slug":"herren-inter-miami-cf-auswaertstrikot-2023-24-fussballtrikots-set-sergio-5","status":"publish","type":"product","link":"https:\/\/www.billigtrikotde.com\/sv\/herren-inter-miami-cf-auswaertstrikot-2023-24-fussballtrikots-set-sergio-5\/","title":{"rendered":"Inter Miami CF Bortatr\u00f6ja 2023-24 Fotbollstr\u00f6jor Set SERGIO 5 f\u00f6r herrar"},"content":{"rendered":"<p>Inter Miamis 2023 bortatr\u00f6ja \u00e4r \u00f6verv\u00e4gande svart, med alla andra detaljer och logotyper uteslutande i rosa. Baserat p\u00e5 en av Adidas designer f\u00f6r VM 2022 finns det en rosa rand som l\u00f6per l\u00e4ngs b\u00e5da sidorna och sammanstr\u00e5lar vid den bakre f\u00e5llen, med en intressant, subtil v\u00e5ggrafik p\u00e5 den svarta bakgrunden, avbruten av upprepade svarta horisontella r\u00e4nder och orden \"Freedom to Dream\" p\u00e5 baksidan av kragen. Den h\u00e4r texten har redan anv\u00e4nts som klubbens motto under tidigare \u00e5r.<\/p>","protected":false},"excerpt":{"rendered":"<p>Das Inter Miami 2023 Ausw\u00e4rtstrikot ist \u00fcberwiegend schwarz, alle anderen Details und Logos sind ausschlie\u00dflich in Rosa gehalten. Nach einer der Vorlagen von Adidas f\u00fcr die WM 2022 gibt es einen rosafarbenen Streifen, der auf beiden Seiten verl\u00e4uft und hinten am Saum zusammenl\u00e4uft.Auf dem schwarzen Untergrund ist eine interessante, subtile Wellengrafik angebracht, die von sich [&hellip;]<\/p>","protected":false},"featured_media":14963,"comment_status":"open","ping_status":"closed","template":"","meta":[],"product_brand":[],"product_cat":[557],"product_tag":[20,21,22,23,24,562,559,633,634,560,561],"class_list":{"0":"post-14920","1":"product","2":"type-product","3":"status-publish","4":"has-post-thumbnail","6":"product_cat-inter-miami","7":"product_tag-coole-fussballtrikots","8":"product_tag-fussballtrikot-fuer-herren","9":"product_tag-fussballtrikot-guenstig-kaufen","10":"product_tag-fussballtrikot-kurzarm","11":"product_tag-guenstiges-fussballtrikot","12":"product_tag-inter-miami-2023-auswaertstrikot","13":"product_tag-inter-miami-cf-fussballtrikots-herren","14":"product_tag-inter-miami-fussballtrikot","15":"product_tag-inter-miami-trikot","16":"product_tag-inter-miami-trikot-fuer-herren","17":"product_tag-trikot-2023-24","19":"first","20":"instock","21":"shipping-taxable","22":"purchasable","23":"product-type-variable"},"_links":{"self":[{"href":"https:\/\/www.billigtrikotde.com\/sv\/wp-json\/wp\/v2\/product\/14920","targetHints":{"allow":["GET"]}}],"collection":[{"href":"https:\/\/www.billigtrikotde.com\/sv\/wp-json\/wp\/v2\/product"}],"about":[{"href":"https:\/\/www.billigtrikotde.com\/sv\/wp-json\/wp\/v2\/types\/product"}],"replies":[{"embeddable":true,"href":"https:\/\/www.billigtrikotde.com\/sv\/wp-json\/wp\/v2\/comments?post=14920"}],"wp:featuredmedia":[{"embeddable":true,"href":"https:\/\/www.billigtrikotde.com\/sv\/wp-json\/wp\/v2\/media\/14963"}],"wp:attachment":[{"href":"https:\/\/www.billigtrikotde.com\/sv\/wp-json\/wp\/v2\/media?parent=14920"}],"wp:term":[{"taxonomy":"product_brand","embeddable":true,"href":"https:\/\/www.billigtrikotde.com\/sv\/wp-json\/wp\/v2\/product_brand?post=14920"},{"taxonomy":"product_cat","embeddable":true,"href":"https:\/\/www.billigtrikotde.com\/sv\/wp-json\/wp\/v2\/product_cat?post=14920"},{"taxonomy":"product_tag","embeddable":true,"href":"https:\/\/www.billigtrikotde.com\/sv\/wp-json\/wp\/v2\/product_tag?post=14920"}],"curies":[{"name":"wp","href":"https:\/\/api.w.org\/{rel}","templated":true}]}}