{"id":14864,"date":"2024-10-24T07:18:41","date_gmt":"2024-10-24T05:18:41","guid":{"rendered":"http:\/\/billigtrikots.com\/?post_type=product&#038;p=14864"},"modified":"2024-10-24T07:21:25","modified_gmt":"2024-10-24T05:21:25","slug":"kinder-bayern-muenchen-2023-2024-oktoberfest-fussballtrikot-set-personalisierbar","status":"publish","type":"product","link":"https:\/\/www.billigtrikotde.com\/sv\/kinder-bayern-muenchen-2023-2024-oktoberfest-fussballtrikot-set-personalisierbar\/","title":{"rendered":"Barn Bayern M\u00fcnchen 2023-2024 Oktoberfest Fotbollstr\u00f6jor Set Anpassningsbart"},"content":{"rendered":"<p>Bayern M\u00fcnchen 2023-24 Oktoberfest-sporttr\u00f6jan kombinerar olivgr\u00f6nt med vita logotyper. Huvuddesignen best\u00e5r av ett floral m\u00f6nster som ger tr\u00f6jan ett lugnt utseende. S\u00e5v\u00e4l kragen som \u00e4rmlinningarna p\u00e5 Adidas Bayern 2023-24 Oktoberfest-tr\u00f6jan \u00e4r gr\u00f6na. Du kanske m\u00e4rker att klubbemblemet inte \u00e4r det vanliga. Det \u00e4r en \u00e4ldre version och kommer \u00e4ven att ses p\u00e5 tr\u00f6jan 2023-24 Oktoberfest. P\u00e5 kragen finns dessutom klubbens initialer, precis som p\u00e5 Arsenal 2023-24-tr\u00f6jan.<\/p>\n<p>Tips f\u00f6r utskrift: Om namn och nummer p\u00e5 bilden \u00e4r exakt vad du vill ha, beh\u00f6ver du inte ange dem igen. Om inte, ska du ange \u00f6nskat namn och nummer.<\/p>\n<p>Tips f\u00f6r tv\u00e4tt: Det \u00e4r rekommenderat att tv\u00e4tta fotbollstr\u00f6jor f\u00f6r hand. Om du vill anv\u00e4nda tv\u00e4ttmaskinen ska du komma ih\u00e5g att v\u00e4nda fotbollstr\u00f6jorna ut och in och sedan tv\u00e4tta dem. Fyll maskinen med kallt vatten och anv\u00e4nd ett skonsamt program f\u00f6r att b\u00e4ttre skydda f\u00e4rgerna.<\/p>","protected":false},"excerpt":{"rendered":"<p>Das Bayern M\u00fcnchen 2023-24 Oktoberfest Fu\u00dfballtrikot kombiniert Olivgr\u00fcn mit wei\u00dfen Logos. Das Grunddesign besteht aus einem floralen Muster, das dem Trikot einen friedlichen Look verleiht. Sowohl der Kragen als auch die \u00c4rmelb\u00fcndchen des Adidas Bayern 2023-24 Oktoberfest Trikots sind gr\u00fcn.Vielleicht f\u00e4llt dir auf, dass das Wappen des Vereins nicht das \u00fcbliche ist. Es ist eine [&hellip;]<\/p>","protected":false},"featured_media":14912,"comment_status":"open","ping_status":"closed","template":"","meta":[],"product_brand":[],"product_cat":[135],"product_tag":[861,137,514,515,138,20,574,21,23,24,94],"class_list":{"0":"post-14864","1":"product","2":"type-product","3":"status-publish","4":"has-post-thumbnail","6":"product_cat-bayern-munich-kindertrikot","7":"product_tag-bayern-muenchen-2023-trikots","8":"product_tag-bayern-muenchen-trikots","9":"product_tag-bayern-munich-fussballtrikots-kinder","10":"product_tag-bayern-munich-trikot-fuer-kinder","11":"product_tag-bayern-munich-trikotsatz-fuer-kinder","12":"product_tag-coole-fussballtrikots","13":"product_tag-fussballtrikot-deutschland","14":"product_tag-fussballtrikot-fuer-herren","15":"product_tag-fussballtrikot-kurzarm","16":"product_tag-guenstiges-fussballtrikot","17":"product_tag-kinder-fussball-trikotsatz","19":"first","20":"instock","21":"shipping-taxable","22":"purchasable","23":"product-type-variable"},"_links":{"self":[{"href":"https:\/\/www.billigtrikotde.com\/sv\/wp-json\/wp\/v2\/product\/14864","targetHints":{"allow":["GET"]}}],"collection":[{"href":"https:\/\/www.billigtrikotde.com\/sv\/wp-json\/wp\/v2\/product"}],"about":[{"href":"https:\/\/www.billigtrikotde.com\/sv\/wp-json\/wp\/v2\/types\/product"}],"replies":[{"embeddable":true,"href":"https:\/\/www.billigtrikotde.com\/sv\/wp-json\/wp\/v2\/comments?post=14864"}],"wp:featuredmedia":[{"embeddable":true,"href":"https:\/\/www.billigtrikotde.com\/sv\/wp-json\/wp\/v2\/media\/14912"}],"wp:attachment":[{"href":"https:\/\/www.billigtrikotde.com\/sv\/wp-json\/wp\/v2\/media?parent=14864"}],"wp:term":[{"taxonomy":"product_brand","embeddable":true,"href":"https:\/\/www.billigtrikotde.com\/sv\/wp-json\/wp\/v2\/product_brand?post=14864"},{"taxonomy":"product_cat","embeddable":true,"href":"https:\/\/www.billigtrikotde.com\/sv\/wp-json\/wp\/v2\/product_cat?post=14864"},{"taxonomy":"product_tag","embeddable":true,"href":"https:\/\/www.billigtrikotde.com\/sv\/wp-json\/wp\/v2\/product_tag?post=14864"}],"curies":[{"name":"wp","href":"https:\/\/api.w.org\/{rel}","templated":true}]}}