{"id":14511,"date":"2024-10-24T06:59:45","date_gmt":"2024-10-24T04:59:45","guid":{"rendered":"http:\/\/billigtrikots.com\/?post_type=product&#038;p=14511"},"modified":"2024-10-24T07:01:54","modified_gmt":"2024-10-24T05:01:54","slug":"billige-fussballtrikots-atletico-madrid-auswaertstrikot-2023-2024-kurzarm-axel-witsel-20","status":"publish","type":"product","link":"https:\/\/www.billigtrikotde.com\/sv\/billige-fussballtrikots-atletico-madrid-auswaertstrikot-2023-2024-kurzarm-axel-witsel-20\/","title":{"rendered":"Billiga Fotbollstr\u00f6jor Atletico Madrid Bortatr\u00f6ja 2023-2024 Kort\u00e4rmad Axel Witsel 20"},"content":{"rendered":"<p>Atl\u00e9tico de Madrid 2023-2024 borts ev tr\u00f6ja \u00e4r en hyllning till klubbens allra f\u00f6rsta fotbollstr\u00f6ja, som hade en halvor-halv design. Den kombinerar kungbl\u00e5tt till h\u00f6ger och vitt till v\u00e4nster med bl\u00e5a raglansk\u00e4rmar. Ist\u00e4llet f\u00f6r dagens Atl\u00e9tico-emblem anv\u00e4nder Atl\u00e9tico Madrid 2023-24-tr\u00f6jan klubbens f\u00f6rsta logotyp. Den \u00e4r helt annorlunda \u00e4n dagens emblem och alla senare Atleti-logotyper.<\/p>\n<p>Tips f\u00f6r utskrift: Om namn och nummer p\u00e5 bilden \u00e4r exakt vad du vill ha, beh\u00f6ver du inte ange dem igen. Om inte, ska du ange \u00f6nskat namn och nummer.<\/p>\n<p>Tips f\u00f6r tv\u00e4tt: Det \u00e4r rekommenderat att tv\u00e4tta fotbollstr\u00f6jor f\u00f6r hand. Om du vill anv\u00e4nda tv\u00e4ttmaskinen ska du komma ih\u00e5g att v\u00e4nda fotbollstr\u00f6jorna ut och in och sedan tv\u00e4tta dem. Fyll maskinen med kallt vatten och anv\u00e4nd ett skonsamt program f\u00f6r att b\u00e4ttre skydda f\u00e4rgerna.<\/p>","protected":false},"excerpt":{"rendered":"<p>Atl\u00e9tico de Madrid 2023-2024 borts ev tr\u00f6ja \u00e4r en hyllning till klubbens allra f\u00f6rsta fotbollstr\u00f6ja, som hade en halvor-halv design. Den kombinerar kungbl\u00e5tt till h\u00f6ger och vitt till v\u00e4nster med bl\u00e5a raglansk\u00e4rmar. Ist\u00e4llet f\u00f6r dagens Atl\u00e9tico-emblem anv\u00e4nder Atl\u00e9tico Madrid 2023-24-tr\u00f6jan klubbens f\u00f6rsta logotyp. Den \u00e4r helt annorlunda \u00e4n dagens emblem och alla senare Atleti-logotyper.<\/p>","protected":false},"featured_media":14549,"comment_status":"open","ping_status":"closed","template":"","meta":[],"product_brand":[],"product_cat":[88],"product_tag":[487,488,90,719,720,721,807,20,21,22,23,24],"class_list":{"0":"post-14511","1":"product","2":"type-product","3":"status-publish","4":"has-post-thumbnail","6":"product_cat-atletico-madrid","7":"product_tag-atletico-madrid-fussballtrikot","8":"product_tag-atletico-madrid-trikot","9":"product_tag-atletico-madrid-trikots","10":"product_tag-axel-witsel-babykleidung","11":"product_tag-axel-witsel-fussballtrikot","12":"product_tag-axel-witsel-kleidung-kinder","13":"product_tag-axel-witsel-trikot-fuer-kinder","14":"product_tag-coole-fussballtrikots","15":"product_tag-fussballtrikot-fuer-herren","16":"product_tag-fussballtrikot-guenstig-kaufen","17":"product_tag-fussballtrikot-kurzarm","18":"product_tag-guenstiges-fussballtrikot","20":"first","21":"instock","22":"shipping-taxable","23":"purchasable","24":"product-type-variable"},"_links":{"self":[{"href":"https:\/\/www.billigtrikotde.com\/sv\/wp-json\/wp\/v2\/product\/14511","targetHints":{"allow":["GET"]}}],"collection":[{"href":"https:\/\/www.billigtrikotde.com\/sv\/wp-json\/wp\/v2\/product"}],"about":[{"href":"https:\/\/www.billigtrikotde.com\/sv\/wp-json\/wp\/v2\/types\/product"}],"replies":[{"embeddable":true,"href":"https:\/\/www.billigtrikotde.com\/sv\/wp-json\/wp\/v2\/comments?post=14511"}],"wp:featuredmedia":[{"embeddable":true,"href":"https:\/\/www.billigtrikotde.com\/sv\/wp-json\/wp\/v2\/media\/14549"}],"wp:attachment":[{"href":"https:\/\/www.billigtrikotde.com\/sv\/wp-json\/wp\/v2\/media?parent=14511"}],"wp:term":[{"taxonomy":"product_brand","embeddable":true,"href":"https:\/\/www.billigtrikotde.com\/sv\/wp-json\/wp\/v2\/product_brand?post=14511"},{"taxonomy":"product_cat","embeddable":true,"href":"https:\/\/www.billigtrikotde.com\/sv\/wp-json\/wp\/v2\/product_cat?post=14511"},{"taxonomy":"product_tag","embeddable":true,"href":"https:\/\/www.billigtrikotde.com\/sv\/wp-json\/wp\/v2\/product_tag?post=14511"}],"curies":[{"name":"wp","href":"https:\/\/api.w.org\/{rel}","templated":true}]}}