{"id":1443,"date":"2024-10-23T13:30:32","date_gmt":"2024-10-23T11:30:32","guid":{"rendered":"http:\/\/billigtrikots.com\/?post_type=product&#038;p=1443"},"modified":"2024-10-23T13:32:31","modified_gmt":"2024-10-23T11:32:31","slug":"fc-arsenal-2022-herren-home-trikot-rot-weiss-mit-aufdruck-aubameyang-14","status":"publish","type":"product","link":"https:\/\/www.billigtrikotde.com\/sv\/fc-arsenal-2022-herren-home-trikot-rot-weiss-mit-aufdruck-aubameyang-14\/","title":{"rendered":"FC Arsenal 2022 Herr Hemmatr\u00f6ja r\u00f6d\/vit med tryck Aubameyang 14"},"content":{"rendered":"<p>De vita insatserna och de marinbl\u00e5 detaljerna p\u00e5minner om en tid d\u00e5 Arsenal med sin styrka kunde s\u00e4tta ett stort rekord. Adidas fotbollstr\u00f6jan \u00e4r utvecklad f\u00f6r att ge klubbens fans maximal komfort. Den \u00e4r tillverkad av mjukt material och har den svettavledande AEROREADY-teknologin. Den ber\u00f6mda vapensk\u00f6lden p\u00e5 br\u00f6stet visar vem du st\u00f6djer.<\/p>\n<p>Tips f\u00f6r utskrift: Om namn och nummer p\u00e5 bilden \u00e4r exakt vad du vill ha, beh\u00f6ver du inte ange dem igen. Om inte, ska du ange \u00f6nskat namn och nummer.<\/p>\n<p>Tips f\u00f6r tv\u00e4tt: Det \u00e4r rekommenderat att tv\u00e4tta fotbollstr\u00f6jor f\u00f6r hand. Om du vill anv\u00e4nda tv\u00e4ttmaskinen ska du komma ih\u00e5g att v\u00e4nda fotbollstr\u00f6jorna ut och in och sedan tv\u00e4tta dem. Fyll maskinen med kallt vatten och anv\u00e4nd ett skonsamt program f\u00f6r att b\u00e4ttre skydda f\u00e4rgerna.<\/p>","protected":false},"excerpt":{"rendered":"<p>De vita insatserna och de marinbl\u00e5 detaljerna p\u00e5minner om en tid d\u00e5 Arsenal med sin styrka kunde s\u00e4tta ett stort rekord. Adidas fotbollstr\u00f6jan \u00e4r utvecklad f\u00f6r att ge klubbens fans maximal komfort. Den \u00e4r tillverkad av mjukt material och har den svettavledande AEROREADY-teknologin. Den ber\u00f6mda vapensk\u00f6lden p\u00e5 br\u00f6stet visar vem du st\u00f6djer.<\/p>","protected":false},"featured_media":1481,"comment_status":"open","ping_status":"closed","template":"","meta":[],"product_brand":[],"product_cat":[55],"product_tag":[20,56,57,21,22,23,24],"class_list":{"0":"post-1443","1":"product","2":"type-product","3":"status-publish","4":"has-post-thumbnail","6":"product_cat-arsenal","7":"product_tag-coole-fussballtrikots","8":"product_tag-fc-arsenal-heimtrikot","9":"product_tag-fc-arsenal-trikots","10":"product_tag-fussballtrikot-fuer-herren","11":"product_tag-fussballtrikot-guenstig-kaufen","12":"product_tag-fussballtrikot-kurzarm","13":"product_tag-guenstiges-fussballtrikot","15":"first","16":"instock","17":"shipping-taxable","18":"purchasable","19":"product-type-variable"},"_links":{"self":[{"href":"https:\/\/www.billigtrikotde.com\/sv\/wp-json\/wp\/v2\/product\/1443","targetHints":{"allow":["GET"]}}],"collection":[{"href":"https:\/\/www.billigtrikotde.com\/sv\/wp-json\/wp\/v2\/product"}],"about":[{"href":"https:\/\/www.billigtrikotde.com\/sv\/wp-json\/wp\/v2\/types\/product"}],"replies":[{"embeddable":true,"href":"https:\/\/www.billigtrikotde.com\/sv\/wp-json\/wp\/v2\/comments?post=1443"}],"wp:featuredmedia":[{"embeddable":true,"href":"https:\/\/www.billigtrikotde.com\/sv\/wp-json\/wp\/v2\/media\/1481"}],"wp:attachment":[{"href":"https:\/\/www.billigtrikotde.com\/sv\/wp-json\/wp\/v2\/media?parent=1443"}],"wp:term":[{"taxonomy":"product_brand","embeddable":true,"href":"https:\/\/www.billigtrikotde.com\/sv\/wp-json\/wp\/v2\/product_brand?post=1443"},{"taxonomy":"product_cat","embeddable":true,"href":"https:\/\/www.billigtrikotde.com\/sv\/wp-json\/wp\/v2\/product_cat?post=1443"},{"taxonomy":"product_tag","embeddable":true,"href":"https:\/\/www.billigtrikotde.com\/sv\/wp-json\/wp\/v2\/product_tag?post=1443"}],"curies":[{"name":"wp","href":"https:\/\/api.w.org\/{rel}","templated":true}]}}