{"id":14383,"date":"2024-10-24T06:52:48","date_gmt":"2024-10-24T04:52:48","guid":{"rendered":"http:\/\/billigtrikots.com\/?post_type=product&#038;p=14383"},"modified":"2024-10-24T06:55:31","modified_gmt":"2024-10-24T04:55:31","slug":"herren-heimtrikot-boca-juniors-23-24-trikot-anpassbare-name-und-nummer","status":"publish","type":"product","link":"https:\/\/www.billigtrikotde.com\/sv\/herren-heimtrikot-boca-juniors-23-24-trikot-anpassbare-name-und-nummer\/","title":{"rendered":"Hemmatr\u00f6ja f\u00f6r herrar Boca Juniors 23-24 Jersey Anpassningsbart namn och nummer"},"content":{"rendered":"<p>CA Boca Juniors 23-24-tr\u00f6jan har f\u00f6rutom den klassiska bl\u00e5a br\u00f6stremsan en diskret tryck som \u00e4r mycket ovanligt f\u00f6r klubben. Boca Juniors har nyligen undertecknat ett avtal med Betsson \u2013 det \u00e5terst\u00e5r att se om tr\u00f6jan 23-24 s\u00e4ljs utan sponsor, men vi antar att oberoende \u00e5terf\u00f6rs\u00e4ljare utanf\u00f6r Argentina kommer att ha den utan huvud sponsor.<br \/>\nN\u00e4r det g\u00e4ller mallen bygger Boca Juniors 23-24-tr\u00f6jan p\u00e5 en av modellerna f\u00f6r VM 2022 och kommer med gula insatser under armarna och l\u00e4ngs sidorna och bakre f\u00e5ll. De 3 stripes som sitter p\u00e5 Boca Juniors 2023-24-tr\u00f6jans axlar \u00e4r ocks\u00e5 gula.<\/p>\n<p>Tips f\u00f6r utskrift: Om namn och nummer p\u00e5 bilden \u00e4r exakt vad du vill ha, beh\u00f6ver du inte ange dem igen. Om inte, ska du ange \u00f6nskat namn och nummer.<\/p>\n<p>Tips f\u00f6r tv\u00e4tt: Det \u00e4r rekommenderat att tv\u00e4tta fotbollstr\u00f6jor f\u00f6r hand. Om du vill anv\u00e4nda tv\u00e4ttmaskinen ska du komma ih\u00e5g att v\u00e4nda fotbollstr\u00f6jorna ut och in och sedan tv\u00e4tta dem. Fyll maskinen med kallt vatten och anv\u00e4nd ett skonsamt program f\u00f6r att b\u00e4ttre skydda f\u00e4rgerna.<\/p>","protected":false},"excerpt":{"rendered":"<p>CA Boca Juniors 23-24-tr\u00f6jan har f\u00f6rutom den klassiska bl\u00e5a br\u00f6stremsan en diskret tryck som \u00e4r mycket ovanligt f\u00f6r klubben. Boca Juniors har nyligen undertecknat ett avtal med Betsson \u2013 det \u00e5terst\u00e5r att se om tr\u00f6jan 23-24 s\u00e4ljs utan sponsor, men vi antar att oberoende \u00e5terf\u00f6rs\u00e4ljare utanf\u00f6r Argentina kommer att ha den utan huvud sponsor.<\/p>","protected":false},"featured_media":14422,"comment_status":"open","ping_status":"closed","template":"","meta":[],"product_brand":[],"product_cat":[15],"product_tag":[797,798,574,21,23,228,24],"class_list":{"0":"post-14383","1":"product","2":"type-product","3":"status-publish","4":"has-post-thumbnail","6":"product_cat-unkategorisiert","7":"product_tag-boca-juniors-23-24-trikot","8":"product_tag-boca-juniors-trikot","9":"product_tag-fussballtrikot-deutschland","10":"product_tag-fussballtrikot-fuer-herren","11":"product_tag-fussballtrikot-kurzarm","12":"product_tag-guenstige-fussballtrikot","13":"product_tag-guenstiges-fussballtrikot","15":"first","16":"instock","17":"shipping-taxable","18":"purchasable","19":"product-type-variable"},"_links":{"self":[{"href":"https:\/\/www.billigtrikotde.com\/sv\/wp-json\/wp\/v2\/product\/14383","targetHints":{"allow":["GET"]}}],"collection":[{"href":"https:\/\/www.billigtrikotde.com\/sv\/wp-json\/wp\/v2\/product"}],"about":[{"href":"https:\/\/www.billigtrikotde.com\/sv\/wp-json\/wp\/v2\/types\/product"}],"replies":[{"embeddable":true,"href":"https:\/\/www.billigtrikotde.com\/sv\/wp-json\/wp\/v2\/comments?post=14383"}],"wp:featuredmedia":[{"embeddable":true,"href":"https:\/\/www.billigtrikotde.com\/sv\/wp-json\/wp\/v2\/media\/14422"}],"wp:attachment":[{"href":"https:\/\/www.billigtrikotde.com\/sv\/wp-json\/wp\/v2\/media?parent=14383"}],"wp:term":[{"taxonomy":"product_brand","embeddable":true,"href":"https:\/\/www.billigtrikotde.com\/sv\/wp-json\/wp\/v2\/product_brand?post=14383"},{"taxonomy":"product_cat","embeddable":true,"href":"https:\/\/www.billigtrikotde.com\/sv\/wp-json\/wp\/v2\/product_cat?post=14383"},{"taxonomy":"product_tag","embeddable":true,"href":"https:\/\/www.billigtrikotde.com\/sv\/wp-json\/wp\/v2\/product_tag?post=14383"}],"curies":[{"name":"wp","href":"https:\/\/api.w.org\/{rel}","templated":true}]}}