{"id":14287,"date":"2024-10-24T06:47:34","date_gmt":"2024-10-24T04:47:34","guid":{"rendered":"http:\/\/billigtrikots.com\/?post_type=product&#038;p=14287"},"modified":"2024-10-24T06:50:19","modified_gmt":"2024-10-24T04:50:19","slug":"herren-heimtrikot-al-nassr-23-24-trikot-gelb-kurzarm-blaue-kurze-hosen","status":"publish","type":"product","link":"https:\/\/www.billigtrikotde.com\/sv\/herren-heimtrikot-al-nassr-23-24-trikot-gelb-kurzarm-blaue-kurze-hosen\/","title":{"rendered":"Hemmatr\u00f6ja Al-Nassr 23-24 Jersey Gul Kort\u00e4rmad + Bl\u00e5 Shorts - Herr"},"content":{"rendered":"<p>Al-Nassr 2023-24-tr\u00f6jan \u00e4r baserad p\u00e5 Park VII-mallen och har klubbens klassiska gult. P\u00e5 framsidan l\u00f6per tre bl\u00e5a vertikala rader som p\u00e5 ena sidan g\u00e5r genom klubbemblemet och Nike Swoosh. Den mittersta raden \u00e4r n\u00e5got tunnare \u00e4n de yttre, som vardera \u00e4r utrustade med ett m\u00f6nster.<\/p>\n<p>Tips f\u00f6r utskrift: Om namn och nummer p\u00e5 bilden \u00e4r exakt vad du vill ha, beh\u00f6ver du inte ange dem igen. Om inte, ska du ange \u00f6nskat namn och nummer.<\/p>\n<p>Tips f\u00f6r tv\u00e4tt: Det \u00e4r rekommenderat att tv\u00e4tta fotbollstr\u00f6jor f\u00f6r hand. Om du vill anv\u00e4nda tv\u00e4ttmaskinen ska du komma ih\u00e5g att v\u00e4nda fotbollstr\u00f6jorna ut och in och sedan tv\u00e4tta dem. Fyll maskinen med kallt vatten och anv\u00e4nd ett skonsamt program f\u00f6r att b\u00e4ttre skydda f\u00e4rgerna.<\/p>","protected":false},"excerpt":{"rendered":"<p>Al-Nassr 2023-24-tr\u00f6jan \u00e4r baserad p\u00e5 Park VII-mallen och har klubbens klassiska gult. P\u00e5 framsidan l\u00f6per tre bl\u00e5a vertikala rader som p\u00e5 ena sidan g\u00e5r genom klubbemblemet och Nike Swoosh. Den mittersta raden \u00e4r n\u00e5got tunnare \u00e4n de yttre, som vardera \u00e4r utrustade med ett m\u00f6nster.<\/p>","protected":false},"featured_media":14326,"comment_status":"open","ping_status":"closed","template":"","meta":[],"product_brand":[],"product_cat":[433],"product_tag":[777,636,637,461,20,574,21,22,23,24],"class_list":{"0":"post-14287","1":"product","2":"type-product","3":"status-publish","4":"has-post-thumbnail","6":"product_cat-al-nassr-fc","7":"product_tag-al-nassr-23-24-trikot","8":"product_tag-al-nassr-fussballtrikot","9":"product_tag-al-nassr-trikot","10":"product_tag-al-nassr-trikots","11":"product_tag-coole-fussballtrikots","12":"product_tag-fussballtrikot-deutschland","13":"product_tag-fussballtrikot-fuer-herren","14":"product_tag-fussballtrikot-guenstig-kaufen","15":"product_tag-fussballtrikot-kurzarm","16":"product_tag-guenstiges-fussballtrikot","18":"first","19":"instock","20":"shipping-taxable","21":"purchasable","22":"product-type-variable"},"_links":{"self":[{"href":"https:\/\/www.billigtrikotde.com\/sv\/wp-json\/wp\/v2\/product\/14287","targetHints":{"allow":["GET"]}}],"collection":[{"href":"https:\/\/www.billigtrikotde.com\/sv\/wp-json\/wp\/v2\/product"}],"about":[{"href":"https:\/\/www.billigtrikotde.com\/sv\/wp-json\/wp\/v2\/types\/product"}],"replies":[{"embeddable":true,"href":"https:\/\/www.billigtrikotde.com\/sv\/wp-json\/wp\/v2\/comments?post=14287"}],"wp:featuredmedia":[{"embeddable":true,"href":"https:\/\/www.billigtrikotde.com\/sv\/wp-json\/wp\/v2\/media\/14326"}],"wp:attachment":[{"href":"https:\/\/www.billigtrikotde.com\/sv\/wp-json\/wp\/v2\/media?parent=14287"}],"wp:term":[{"taxonomy":"product_brand","embeddable":true,"href":"https:\/\/www.billigtrikotde.com\/sv\/wp-json\/wp\/v2\/product_brand?post=14287"},{"taxonomy":"product_cat","embeddable":true,"href":"https:\/\/www.billigtrikotde.com\/sv\/wp-json\/wp\/v2\/product_cat?post=14287"},{"taxonomy":"product_tag","embeddable":true,"href":"https:\/\/www.billigtrikotde.com\/sv\/wp-json\/wp\/v2\/product_tag?post=14287"}],"curies":[{"name":"wp","href":"https:\/\/api.w.org\/{rel}","templated":true}]}}