{"id":14285,"date":"2024-10-24T06:47:32","date_gmt":"2024-10-24T04:47:32","guid":{"rendered":"http:\/\/billigtrikots.com\/?post_type=product&#038;p=14285"},"modified":"2024-10-24T06:49:48","modified_gmt":"2024-10-24T04:49:48","slug":"italien-2023-trikot-125th-anniversary-trikots-weiss-kurzarm-kurze-hosen","status":"publish","type":"product","link":"https:\/\/www.billigtrikotde.com\/sv\/italien-2023-trikot-125th-anniversary-trikots-weiss-kurzarm-kurze-hosen\/","title":{"rendered":"Italien 2023 125-\u00e5rsjubileumstr\u00f6ja vit kort\u00e4rmad + shorts"},"content":{"rendered":"<p>Italien 2023 specialutg\u00e5van trikot presenterar sig i en tydlig design i vitt med gyllene logotyper och accenter. Det mest framtr\u00e4dande k\u00e4nnetecknet hos Italien 2023 specialtrikot \u00e4r adlarn som omges av en lagerkrans.<br \/>\nDen vita rundhalsen med de traditionella tre strecken som g\u00e5r \u00f6ver axlarna kompletteras av Flatnik-wevetekniken. Denna teknik ger den klassiska stilen en modern uppdatering, d\u00e4r skjutet vid de kort\u00e4rmade \u00e4r s\u00e4rskilt m\u00e4rkbart. Som en ytterligare v\u00e4rdefull del har p\u00e5 h\u00f6gra sidan satts en etikett som p\u00e5minner om jubileet f\u00f6r den italienska fotbollsf\u00f6rbundet.<br \/>\nShortsen f\u00f6r Italy 125th Anniversary Trikots \u00e4r vita med gyllene detaljer och tre r\u00e4nder vid sidorna, medan p\u00e5 h\u00f6ger l\u00e5r syns figc:s minnesvapen. De svarta strumporna \u00e4r dekorerade med gyllene broderier, d\u00e4runder Italiens text p\u00e5 framsidan, adidas-logotypen p\u00e5 baksidan och tre r\u00e4nder under kn\u00e4et.<\/p>\n<p>Tips f\u00f6r utskrift: Om namn och nummer p\u00e5 bilden \u00e4r exakt vad du vill ha, beh\u00f6ver du inte ange dem igen. Om inte, ska du ange \u00f6nskat namn och nummer.<\/p>\n<p>Tips f\u00f6r tv\u00e4tt: Det \u00e4r rekommenderat att tv\u00e4tta fotbollstr\u00f6jor f\u00f6r hand. Om du vill anv\u00e4nda tv\u00e4ttmaskinen ska du komma ih\u00e5g att v\u00e4nda fotbollstr\u00f6jorna ut och in och sedan tv\u00e4tta dem. Fyll maskinen med kallt vatten och anv\u00e4nd ett skonsamt program f\u00f6r att b\u00e4ttre skydda f\u00e4rgerna.<\/p>","protected":false},"excerpt":{"rendered":"<p>Das Italien 2023 Sondereditionstrikot pr\u00e4sentiert sich in einem klaren Design in Wei\u00df mit goldenen Logos und Akzenten.Das auff\u00e4lligste Merkmal des Italien 2023 Sondertrikots ist das Wappen, das von einem Lorbeerkranz umgeben ist. Der wei\u00dfe Rundkragen mit den traditionellen drei\u00a0 Streifen, die \u00fcber die Schultern laufen, wird durch die &#8222;Flatnik&#8220;-Webtechnik erg\u00e4nzt. Diese Technik verleiht dem klassischen [&hellip;]<\/p>","protected":false},"featured_media":14325,"comment_status":"open","ping_status":"closed","template":"","meta":[],"product_brand":[],"product_cat":[316],"product_tag":[20,574,21,22,23,24,318,776],"class_list":{"0":"post-14285","1":"product","2":"type-product","3":"status-publish","4":"has-post-thumbnail","6":"product_cat-italien-trikots","7":"product_tag-coole-fussballtrikots","8":"product_tag-fussballtrikot-deutschland","9":"product_tag-fussballtrikot-fuer-herren","10":"product_tag-fussballtrikot-guenstig-kaufen","11":"product_tag-fussballtrikot-kurzarm","12":"product_tag-guenstiges-fussballtrikot","13":"product_tag-italien-trikots","14":"product_tag-italien-trikots-2023-24","16":"first","17":"instock","18":"shipping-taxable","19":"purchasable","20":"product-type-variable"},"_links":{"self":[{"href":"https:\/\/www.billigtrikotde.com\/sv\/wp-json\/wp\/v2\/product\/14285","targetHints":{"allow":["GET"]}}],"collection":[{"href":"https:\/\/www.billigtrikotde.com\/sv\/wp-json\/wp\/v2\/product"}],"about":[{"href":"https:\/\/www.billigtrikotde.com\/sv\/wp-json\/wp\/v2\/types\/product"}],"replies":[{"embeddable":true,"href":"https:\/\/www.billigtrikotde.com\/sv\/wp-json\/wp\/v2\/comments?post=14285"}],"wp:featuredmedia":[{"embeddable":true,"href":"https:\/\/www.billigtrikotde.com\/sv\/wp-json\/wp\/v2\/media\/14325"}],"wp:attachment":[{"href":"https:\/\/www.billigtrikotde.com\/sv\/wp-json\/wp\/v2\/media?parent=14285"}],"wp:term":[{"taxonomy":"product_brand","embeddable":true,"href":"https:\/\/www.billigtrikotde.com\/sv\/wp-json\/wp\/v2\/product_brand?post=14285"},{"taxonomy":"product_cat","embeddable":true,"href":"https:\/\/www.billigtrikotde.com\/sv\/wp-json\/wp\/v2\/product_cat?post=14285"},{"taxonomy":"product_tag","embeddable":true,"href":"https:\/\/www.billigtrikotde.com\/sv\/wp-json\/wp\/v2\/product_tag?post=14285"}],"curies":[{"name":"wp","href":"https:\/\/api.w.org\/{rel}","templated":true}]}}