{"id":1413,"date":"2024-10-23T13:29:25","date_gmt":"2024-10-23T11:29:25","guid":{"rendered":"http:\/\/billigtrikots.com\/?post_type=product&#038;p=1413"},"modified":"2024-10-23T13:30:55","modified_gmt":"2024-10-23T11:30:55","slug":"fc-arsenal-auswaertstrikot-2022-3rd-trikot-blau-mit-aufdruck-iwobi-17","status":"publish","type":"product","link":"https:\/\/www.billigtrikotde.com\/sv\/fc-arsenal-auswaertstrikot-2022-3rd-trikot-blau-mit-aufdruck-iwobi-17\/","title":{"rendered":"FC Arsenal Bortatr\u00f6ja 2022 3:e tr\u00f6ja bl\u00e5 med tryck IWOBI 17"},"content":{"rendered":"<p>Oavsett om du \u00e4r p\u00e5 stadion eller hemma i soffan \u2013 visar du ditt st\u00f6d b\u00e4st genom den svettavledande modellen i bl\u00e5tt. Med sporttoppen fr\u00e5n adidas kan man verkligen inte g\u00f6ra fel. F\u00f6r riktiga FC Arsenal London-fans \u00e4r det ett m\u00e5ste: den alternativa sporttoppen i originaldesign, som spelarna b\u00e4r i Premier League. Vi rekommenderar denna svettavledande, andningsbara och superbekv\u00e4ma modell med en behaglig k\u00e4nsla. Den fantastiska looken p\u00e5 tr\u00f6jan understrykes av klubbemblemet p\u00e5 br\u00f6stet. Med denna sporttop \u00e4r du perfekt kl\u00e4dd f\u00f6r varje tr\u00e4ningstillf\u00e4lle.<\/p>\n<p>Tips f\u00f6r utskrift: Om namn och nummer p\u00e5 bilden \u00e4r exakt vad du vill ha, beh\u00f6ver du inte ange dem igen. Om inte, ska du ange \u00f6nskat namn och nummer.<\/p>\n<p>Tips f\u00f6r tv\u00e4tt: Det \u00e4r rekommenderat att tv\u00e4tta fotbollstr\u00f6jor f\u00f6r hand. Om du vill anv\u00e4nda tv\u00e4ttmaskinen ska du komma ih\u00e5g att v\u00e4nda fotbollstr\u00f6jorna ut och in och sedan tv\u00e4tta dem. Fyll maskinen med kallt vatten och anv\u00e4nd ett skonsamt program f\u00f6r att b\u00e4ttre skydda f\u00e4rgerna.<\/p>","protected":false},"excerpt":{"rendered":"<p>Ob im Stadion oder zuhause auf der Couch \u2013 deine Unterst\u00fctzung zeigst du am besten durch das schwei\u00dfableitende Modell in Blau. Mit dem Sporttop aus dem Hause adidas kann man wirklich nichts falsch machen. F\u00fcr wahre FC Arsenal London-Fans ein Muss: das Ausweich-Sporttop im Originaldesign, wie es die Spieler in der Premier League tragen. Wir [&hellip;]<\/p>","protected":false},"featured_media":1445,"comment_status":"open","ping_status":"closed","template":"","meta":[],"product_brand":[],"product_cat":[55],"product_tag":[20,57,21,22,23,24],"class_list":{"0":"post-1413","1":"product","2":"type-product","3":"status-publish","4":"has-post-thumbnail","6":"product_cat-arsenal","7":"product_tag-coole-fussballtrikots","8":"product_tag-fc-arsenal-trikots","9":"product_tag-fussballtrikot-fuer-herren","10":"product_tag-fussballtrikot-guenstig-kaufen","11":"product_tag-fussballtrikot-kurzarm","12":"product_tag-guenstiges-fussballtrikot","14":"first","15":"instock","16":"shipping-taxable","17":"purchasable","18":"product-type-variable"},"_links":{"self":[{"href":"https:\/\/www.billigtrikotde.com\/sv\/wp-json\/wp\/v2\/product\/1413","targetHints":{"allow":["GET"]}}],"collection":[{"href":"https:\/\/www.billigtrikotde.com\/sv\/wp-json\/wp\/v2\/product"}],"about":[{"href":"https:\/\/www.billigtrikotde.com\/sv\/wp-json\/wp\/v2\/types\/product"}],"replies":[{"embeddable":true,"href":"https:\/\/www.billigtrikotde.com\/sv\/wp-json\/wp\/v2\/comments?post=1413"}],"wp:featuredmedia":[{"embeddable":true,"href":"https:\/\/www.billigtrikotde.com\/sv\/wp-json\/wp\/v2\/media\/1445"}],"wp:attachment":[{"href":"https:\/\/www.billigtrikotde.com\/sv\/wp-json\/wp\/v2\/media?parent=1413"}],"wp:term":[{"taxonomy":"product_brand","embeddable":true,"href":"https:\/\/www.billigtrikotde.com\/sv\/wp-json\/wp\/v2\/product_brand?post=1413"},{"taxonomy":"product_cat","embeddable":true,"href":"https:\/\/www.billigtrikotde.com\/sv\/wp-json\/wp\/v2\/product_cat?post=1413"},{"taxonomy":"product_tag","embeddable":true,"href":"https:\/\/www.billigtrikotde.com\/sv\/wp-json\/wp\/v2\/product_tag?post=1413"}],"curies":[{"name":"wp","href":"https:\/\/api.w.org\/{rel}","templated":true}]}}