{"id":14123,"date":"2024-10-24T06:39:19","date_gmt":"2024-10-24T04:39:19","guid":{"rendered":"http:\/\/billigtrikots.com\/?post_type=product&#038;p=14123"},"modified":"2025-06-09T04:42:24","modified_gmt":"2025-06-09T02:42:24","slug":"guenstig-herren-arsenal-heimtrikot-2023-24-fussballtrikots-set-martin-odegaard-8","status":"publish","type":"product","link":"https:\/\/www.billigtrikotde.com\/sv\/guenstig-herren-arsenal-heimtrikot-2023-24-fussballtrikots-set-martin-odegaard-8\/","title":{"rendered":"Billiga Mens Arsenal Hemmatr\u00f6ja 2023-24 Fotbollstr\u00f6ja Set Martin Odegaard 8"},"content":{"rendered":"<p>Ett subtilt Zap-m\u00f6nster och ett gyllene Zap-element p\u00e5 baksidan under kragen full\u00e4ndar utseendet p\u00e5 Arsenals 23-24 hemmatr\u00f6ja. En annan cool detalj p\u00e5 Arsenals nya hemmatr\u00f6ja \u00e4r ett subtilt tryck p\u00e5 insidan av den vita sidostripen, som visar po\u00e4ngen f\u00f6r Invincibles-laget 2003-04.Nyansen av den r\u00f6da huvudf\u00e4rgen p\u00e5 Arsenals 23-24 hemmatr\u00f6ja kallas \"Better Scarlet\". Det \u00e4r en n\u00e5got m\u00f6rkare f\u00e4rg \u00e4n den r\u00f6da f\u00e4rgen fr\u00e5n tidigare s\u00e4songer.<\/p>\n<p>Tips f\u00f6r utskrift: Om namn och nummer p\u00e5 bilden \u00e4r exakt vad du vill ha, beh\u00f6ver du inte ange dem igen. Om inte, ska du ange \u00f6nskat namn och nummer.<\/p>\n<p>Tips f\u00f6r tv\u00e4tt: Det \u00e4r rekommenderat att tv\u00e4tta fotbollstr\u00f6jor f\u00f6r hand. Om du vill anv\u00e4nda tv\u00e4ttmaskinen ska du komma ih\u00e5g att v\u00e4nda fotbollstr\u00f6jorna ut och in och sedan tv\u00e4tta dem. Fyll maskinen med kallt vatten och anv\u00e4nd ett skonsamt program f\u00f6r att b\u00e4ttre skydda f\u00e4rgerna.<\/p>","protected":false},"excerpt":{"rendered":"<p>Ein dezentes Zap-Muster und ein goldenes Zap-Element auf der R\u00fcckseite unter dem Kragen runden den Look des Arsenal 23-24 Heimtrikots ab. Ein weiteres cooles Detail des neuen Arsenal-Heimtrikots ist ein dezenter Aufdruck auf der Innenseite des wei\u00dfen Seitenstreifens, auf dem die Spielergebnisse des 2003-04 Invincibles-Teams abgebildet sind.Der Farbton der roten Hauptfarbe des Arsenal 23-24 Heimtrikots [&hellip;]<\/p>","protected":false},"featured_media":14172,"comment_status":"open","ping_status":"closed","template":"","meta":[],"product_brand":[],"product_cat":[55],"product_tag":[584,609,610,20,574,21,22,23,24,585],"class_list":{"0":"post-14123","1":"product","2":"type-product","3":"status-publish","4":"has-post-thumbnail","6":"product_cat-arsenal","7":"product_tag-arsenal-2023-24-trikot","8":"product_tag-arsenal-fussballtrikot","9":"product_tag-arsenal-trikot","10":"product_tag-coole-fussballtrikots","11":"product_tag-fussballtrikot-deutschland","12":"product_tag-fussballtrikot-fuer-herren","13":"product_tag-fussballtrikot-guenstig-kaufen","14":"product_tag-fussballtrikot-kurzarm","15":"product_tag-guenstiges-fussballtrikot","16":"product_tag-herren-fussballtrikot","18":"first","19":"instock","20":"shipping-taxable","21":"purchasable","22":"product-type-variable"},"_links":{"self":[{"href":"https:\/\/www.billigtrikotde.com\/sv\/wp-json\/wp\/v2\/product\/14123","targetHints":{"allow":["GET"]}}],"collection":[{"href":"https:\/\/www.billigtrikotde.com\/sv\/wp-json\/wp\/v2\/product"}],"about":[{"href":"https:\/\/www.billigtrikotde.com\/sv\/wp-json\/wp\/v2\/types\/product"}],"replies":[{"embeddable":true,"href":"https:\/\/www.billigtrikotde.com\/sv\/wp-json\/wp\/v2\/comments?post=14123"}],"wp:featuredmedia":[{"embeddable":true,"href":"https:\/\/www.billigtrikotde.com\/sv\/wp-json\/wp\/v2\/media\/14172"}],"wp:attachment":[{"href":"https:\/\/www.billigtrikotde.com\/sv\/wp-json\/wp\/v2\/media?parent=14123"}],"wp:term":[{"taxonomy":"product_brand","embeddable":true,"href":"https:\/\/www.billigtrikotde.com\/sv\/wp-json\/wp\/v2\/product_brand?post=14123"},{"taxonomy":"product_cat","embeddable":true,"href":"https:\/\/www.billigtrikotde.com\/sv\/wp-json\/wp\/v2\/product_cat?post=14123"},{"taxonomy":"product_tag","embeddable":true,"href":"https:\/\/www.billigtrikotde.com\/sv\/wp-json\/wp\/v2\/product_tag?post=14123"}],"curies":[{"name":"wp","href":"https:\/\/api.w.org\/{rel}","templated":true}]}}