{"id":14030,"date":"2024-10-24T06:34:46","date_gmt":"2024-10-24T04:34:46","guid":{"rendered":"http:\/\/billigtrikots.com\/?post_type=product&#038;p=14030"},"modified":"2024-10-24T06:37:30","modified_gmt":"2024-10-24T04:37:30","slug":"herren-fussballtrikots-atletico-madrid-heimtrikot-2023-24-kurzarm-alvaro-morata-19","status":"publish","type":"product","link":"https:\/\/www.billigtrikotde.com\/sv\/herren-fussballtrikots-atletico-madrid-heimtrikot-2023-24-kurzarm-alvaro-morata-19\/","title":{"rendered":"Fotbollstr\u00f6ja f\u00f6r herrar Atletico Madrid Hemmatr\u00f6ja 2023-24 Kort\u00e4rmad Alvaro Morata 19"},"content":{"rendered":"<p>Den nya Atletico 23-24-tr\u00f6jan sl\u00e4pptes under sloganen \"Puro Atleti\" (Pure Atl\u00e9tico). F\u00f6r f\u00f6rsta g\u00e5ngen p\u00e5 fyra \u00e5r har den klubbens klassiska r\u00e4nder utan att \u00e4ndra dem, och med Atletico Madrid 2023-24-tr\u00f6jan \u00e5terv\u00e4nder klubben till de klassiska r\u00e4nderna och avst\u00e5r fr\u00e5n \u00e5rets v\u00e5giga design.Atleticos 2023-2024-tr\u00f6ja har fyra vita och tre r\u00f6da r\u00e4nder. \u00c4rmarna, kragen och ryggen p\u00e5 Atl\u00e9tico Madrid 23-24 hemmatr\u00f6ja \u00e4r huvudsakligen r\u00f6da.<br \/>\nDe r\u00f6da r\u00e4nderna p\u00e5 Atl\u00e9tico 23-24 hemmatr\u00f6ja har en subtil gradient effekt. De skiftar fr\u00e5n en ljusare r\u00f6d nyans upptill till en m\u00f6rkare r\u00f6d i mitten och nedtill. F\u00e4rggradienten skapas av sm\u00e5 rektanglar.<\/p>\n<p>Tips f\u00f6r utskrift: Om namn och nummer p\u00e5 bilden \u00e4r exakt vad du vill ha, beh\u00f6ver du inte ange dem igen. Om inte, ska du ange \u00f6nskat namn och nummer.<\/p>\n<p>Tips f\u00f6r tv\u00e4tt: Det \u00e4r rekommenderat att tv\u00e4tta fotbollstr\u00f6jor f\u00f6r hand. Om du vill anv\u00e4nda tv\u00e4ttmaskinen ska du komma ih\u00e5g att v\u00e4nda fotbollstr\u00f6jorna ut och in och sedan tv\u00e4tta dem. Fyll maskinen med kallt vatten och anv\u00e4nd ett skonsamt program f\u00f6r att b\u00e4ttre skydda f\u00e4rgerna.<\/p>","protected":false},"excerpt":{"rendered":"<p>Das neue Atletico 23-24 Trikot wurde unter dem Slogan \u201ePuro Atleti\u201c (Reines Atl\u00e9tico) ver\u00f6ffentlicht. Zum ersten Mal seit vier Jahren zeigt es die klassischen Streifen des Vereins, ohne sie zu ver\u00e4ndern.Mit dem Atletico Madrid 2023-24 Trikot kehrt der Verein zu den klassischen Streifen zur\u00fcck und verzichtet auf das gewellte Design von diesem Jahr.Atleticos Trikot 2023-2024 [&hellip;]<\/p>","protected":false},"featured_media":14078,"comment_status":"open","ping_status":"closed","template":"","meta":[],"product_brand":[],"product_cat":[88],"product_tag":[487,488,90,719,720,721,20,21,22,23,24],"class_list":{"0":"post-14030","1":"product","2":"type-product","3":"status-publish","4":"has-post-thumbnail","6":"product_cat-atletico-madrid","7":"product_tag-atletico-madrid-fussballtrikot","8":"product_tag-atletico-madrid-trikot","9":"product_tag-atletico-madrid-trikots","10":"product_tag-axel-witsel-babykleidung","11":"product_tag-axel-witsel-fussballtrikot","12":"product_tag-axel-witsel-kleidung-kinder","13":"product_tag-coole-fussballtrikots","14":"product_tag-fussballtrikot-fuer-herren","15":"product_tag-fussballtrikot-guenstig-kaufen","16":"product_tag-fussballtrikot-kurzarm","17":"product_tag-guenstiges-fussballtrikot","19":"first","20":"instock","21":"shipping-taxable","22":"purchasable","23":"product-type-variable"},"_links":{"self":[{"href":"https:\/\/www.billigtrikotde.com\/sv\/wp-json\/wp\/v2\/product\/14030","targetHints":{"allow":["GET"]}}],"collection":[{"href":"https:\/\/www.billigtrikotde.com\/sv\/wp-json\/wp\/v2\/product"}],"about":[{"href":"https:\/\/www.billigtrikotde.com\/sv\/wp-json\/wp\/v2\/types\/product"}],"replies":[{"embeddable":true,"href":"https:\/\/www.billigtrikotde.com\/sv\/wp-json\/wp\/v2\/comments?post=14030"}],"wp:featuredmedia":[{"embeddable":true,"href":"https:\/\/www.billigtrikotde.com\/sv\/wp-json\/wp\/v2\/media\/14078"}],"wp:attachment":[{"href":"https:\/\/www.billigtrikotde.com\/sv\/wp-json\/wp\/v2\/media?parent=14030"}],"wp:term":[{"taxonomy":"product_brand","embeddable":true,"href":"https:\/\/www.billigtrikotde.com\/sv\/wp-json\/wp\/v2\/product_brand?post=14030"},{"taxonomy":"product_cat","embeddable":true,"href":"https:\/\/www.billigtrikotde.com\/sv\/wp-json\/wp\/v2\/product_cat?post=14030"},{"taxonomy":"product_tag","embeddable":true,"href":"https:\/\/www.billigtrikotde.com\/sv\/wp-json\/wp\/v2\/product_tag?post=14030"}],"curies":[{"name":"wp","href":"https:\/\/api.w.org\/{rel}","templated":true}]}}