{"id":13886,"date":"2024-10-24T06:27:29","date_gmt":"2024-10-24T04:27:29","guid":{"rendered":"http:\/\/billigtrikots.com\/?post_type=product&#038;p=13886"},"modified":"2024-10-24T06:29:41","modified_gmt":"2024-10-24T04:29:41","slug":"manchester-united-heimtrikot-2023-24-kurzarm-fussball-trikot-outlet","status":"publish","type":"product","link":"https:\/\/www.billigtrikotde.com\/sv\/manchester-united-heimtrikot-2023-24-kurzarm-fussball-trikot-outlet\/","title":{"rendered":"Manchester United Hemmatr\u00f6ja 2023-24 Kort\u00e4rmad Fotbollstr\u00f6ja Outlet"},"content":{"rendered":"<p>Manchester United-tr\u00f6jan 2023-2024 kombinerar en klassisk r\u00f6d huvudf\u00e4rg med svart f\u00f6r logotyper och de tre r\u00e4nderna samt vita detaljer. Det \u00e4r f\u00f6rsta g\u00e5ngen sedan s\u00e4songen 2019-2020 som svart anv\u00e4nds som en sekund\u00e4r f\u00e4rg. Officiellt kallas den r\u00f6da f\u00e4rgen f\u00f6r \"Team Collage Red\".<\/p>\n<p>N\u00e4r det g\u00e4ller design \u00e4r Manchester Uniteds tr\u00f6ja 2023-24 inspirerad av Manchesters industriella arv. Tr\u00f6jan har ett upprepande m\u00f6nster som kombinerar en Lancashire-ros i ett geometriskt m\u00f6nster inspirerat av Trafford Road Bridge, som byggdes vid tiden f\u00f6r den industriella revolutionen.<\/p>\n<p>Tips f\u00f6r utskrift: Om namn och nummer p\u00e5 bilden \u00e4r exakt vad du vill ha, beh\u00f6ver du inte ange dem igen. Om inte, ska du ange \u00f6nskat namn och nummer.<\/p>\n<p>Tips f\u00f6r tv\u00e4tt: Det \u00e4r rekommenderat att tv\u00e4tta fotbollstr\u00f6jor f\u00f6r hand. Om du vill anv\u00e4nda tv\u00e4ttmaskinen ska du komma ih\u00e5g att v\u00e4nda fotbollstr\u00f6jorna ut och in och sedan tv\u00e4tta dem. Fyll maskinen med kallt vatten och anv\u00e4nd ett skonsamt program f\u00f6r att b\u00e4ttre skydda f\u00e4rgerna.<\/p>","protected":false},"excerpt":{"rendered":"<p>Manchester Uniteds 2023-2024-tr\u00f6ja kombinerar en klassisk r\u00f6d huvudf\u00e4rg med svart f\u00f6r logotyperna och de tre r\u00e4nderna samt vita detaljer. Det \u00e4r f\u00f6rsta g\u00e5ngen sedan s\u00e4songen 2019-2020 som svart anv\u00e4nds som sekund\u00e4rf\u00e4rg. Officiellt kallas den r\u00f6da f\u00e4rgen \u201dTeam Collage Red\u201d. Vad designen betr\u00e4ffar \u00e4r tr\u00f6jan 2023-24 fr\u00e5n Manchester [\u2026]<\/p>","protected":false},"featured_media":13918,"comment_status":"open","ping_status":"closed","template":"","meta":[],"product_brand":[],"product_cat":[50],"product_tag":[20,574,21,22,23,24,672,673],"class_list":{"0":"post-13886","1":"product","2":"type-product","3":"status-publish","4":"has-post-thumbnail","6":"product_cat-manchester-united","7":"product_tag-coole-fussballtrikots","8":"product_tag-fussballtrikot-deutschland","9":"product_tag-fussballtrikot-fuer-herren","10":"product_tag-fussballtrikot-guenstig-kaufen","11":"product_tag-fussballtrikot-kurzarm","12":"product_tag-guenstiges-fussballtrikot","13":"product_tag-manchester-united-fussballtrikot","14":"product_tag-manchester-united-trikot","16":"first","17":"instock","18":"shipping-taxable","19":"purchasable","20":"product-type-variable"},"_links":{"self":[{"href":"https:\/\/www.billigtrikotde.com\/sv\/wp-json\/wp\/v2\/product\/13886","targetHints":{"allow":["GET"]}}],"collection":[{"href":"https:\/\/www.billigtrikotde.com\/sv\/wp-json\/wp\/v2\/product"}],"about":[{"href":"https:\/\/www.billigtrikotde.com\/sv\/wp-json\/wp\/v2\/types\/product"}],"replies":[{"embeddable":true,"href":"https:\/\/www.billigtrikotde.com\/sv\/wp-json\/wp\/v2\/comments?post=13886"}],"wp:featuredmedia":[{"embeddable":true,"href":"https:\/\/www.billigtrikotde.com\/sv\/wp-json\/wp\/v2\/media\/13918"}],"wp:attachment":[{"href":"https:\/\/www.billigtrikotde.com\/sv\/wp-json\/wp\/v2\/media?parent=13886"}],"wp:term":[{"taxonomy":"product_brand","embeddable":true,"href":"https:\/\/www.billigtrikotde.com\/sv\/wp-json\/wp\/v2\/product_brand?post=13886"},{"taxonomy":"product_cat","embeddable":true,"href":"https:\/\/www.billigtrikotde.com\/sv\/wp-json\/wp\/v2\/product_cat?post=13886"},{"taxonomy":"product_tag","embeddable":true,"href":"https:\/\/www.billigtrikotde.com\/sv\/wp-json\/wp\/v2\/product_tag?post=13886"}],"curies":[{"name":"wp","href":"https:\/\/api.w.org\/{rel}","templated":true}]}}