{"id":13859,"date":"2024-10-24T06:25:53","date_gmt":"2024-10-24T04:25:53","guid":{"rendered":"http:\/\/billigtrikots.com\/?post_type=product&#038;p=13859"},"modified":"2024-10-24T06:28:30","modified_gmt":"2024-10-24T04:28:30","slug":"kinder-liverpool-2023-24-auswaertstrikot-fussballtrikots-set-mohamed-salah-11","status":"publish","type":"product","link":"https:\/\/www.billigtrikotde.com\/sv\/kinder-liverpool-2023-24-auswaertstrikot-fussballtrikots-set-mohamed-salah-11\/","title":{"rendered":"Barn Liverpool 2023-24 Borta Fotbollstr\u00f6ja Set Mohamed Salah 11"},"content":{"rendered":"<p>Nike Liverpool Football Club 2023-24 bortatr\u00f6ja kombinerar vitt och gr\u00f6nt med svarta logotyper. Officiellt \u00e4r f\u00e4rgerna \"White \/ Green Spark \/ Black\" och det som g\u00f6r Liverpool 23-24 bortakit unikt \u00e4r designen. Nike Liverpool 23-24 bortatr\u00f6ja har ett 90-talsliknande m\u00f6nster i vitt och olika nyanser av gr\u00f6nt.<\/p>\n<p>Tips f\u00f6r utskrift: Om namn och nummer p\u00e5 bilden \u00e4r exakt vad du vill ha, beh\u00f6ver du inte ange dem igen. Om inte, ska du ange \u00f6nskat namn och nummer.<\/p>\n<p>Tips f\u00f6r tv\u00e4tt: Det \u00e4r rekommenderat att tv\u00e4tta fotbollstr\u00f6jor f\u00f6r hand. Om du vill anv\u00e4nda tv\u00e4ttmaskinen ska du komma ih\u00e5g att v\u00e4nda fotbollstr\u00f6jorna ut och in och sedan tv\u00e4tta dem. Fyll maskinen med kallt vatten och anv\u00e4nd ett skonsamt program f\u00f6r att b\u00e4ttre skydda f\u00e4rgerna.<\/p>","protected":false},"excerpt":{"rendered":"<p>Nikes Liverpool Football Club 2023-24 bortatr\u00f6ja kombinerar vitt och gr\u00f6nt med svarta loggor. Officiellt lyder f\u00e4rgerna \u201eVitt \/ Gr\u00f6nt gnista \/ Svart\u201c.Vad som g\u00f6r Liverpool 23-24 bortatr\u00f6ja unik \u00e4r designen. Nikes Liverpool 23-24 bortatr\u00f6ja har ett 90-talsliknande m\u00f6nster i vitt och olika nyanser av gr\u00f6nt. Tips f\u00f6r utskrift: N\u00e4r namnet och de [\u2026]<\/p>","protected":false},"featured_media":13901,"comment_status":"open","ping_status":"closed","template":"","meta":[],"product_brand":[],"product_cat":[151],"product_tag":[20,574,21,24,94,665,277,153,154],"class_list":{"0":"post-13859","1":"product","2":"type-product","3":"status-publish","4":"has-post-thumbnail","6":"product_cat-liverpool-kindertrikot","7":"product_tag-coole-fussballtrikots","8":"product_tag-fussballtrikot-deutschland","9":"product_tag-fussballtrikot-fuer-herren","10":"product_tag-guenstiges-fussballtrikot","11":"product_tag-kinder-fussball-trikotsatz","12":"product_tag-liverpool-23-24-auswaertstrikot","13":"product_tag-liverpool-kinder-trikot-set","14":"product_tag-liverpool-trikots","15":"product_tag-liverpool-trikotsatz-fuer-kinder","17":"first","18":"instock","19":"shipping-taxable","20":"purchasable","21":"product-type-variable"},"_links":{"self":[{"href":"https:\/\/www.billigtrikotde.com\/sv\/wp-json\/wp\/v2\/product\/13859","targetHints":{"allow":["GET"]}}],"collection":[{"href":"https:\/\/www.billigtrikotde.com\/sv\/wp-json\/wp\/v2\/product"}],"about":[{"href":"https:\/\/www.billigtrikotde.com\/sv\/wp-json\/wp\/v2\/types\/product"}],"replies":[{"embeddable":true,"href":"https:\/\/www.billigtrikotde.com\/sv\/wp-json\/wp\/v2\/comments?post=13859"}],"wp:featuredmedia":[{"embeddable":true,"href":"https:\/\/www.billigtrikotde.com\/sv\/wp-json\/wp\/v2\/media\/13901"}],"wp:attachment":[{"href":"https:\/\/www.billigtrikotde.com\/sv\/wp-json\/wp\/v2\/media?parent=13859"}],"wp:term":[{"taxonomy":"product_brand","embeddable":true,"href":"https:\/\/www.billigtrikotde.com\/sv\/wp-json\/wp\/v2\/product_brand?post=13859"},{"taxonomy":"product_cat","embeddable":true,"href":"https:\/\/www.billigtrikotde.com\/sv\/wp-json\/wp\/v2\/product_cat?post=13859"},{"taxonomy":"product_tag","embeddable":true,"href":"https:\/\/www.billigtrikotde.com\/sv\/wp-json\/wp\/v2\/product_tag?post=13859"}],"curies":[{"name":"wp","href":"https:\/\/api.w.org\/{rel}","templated":true}]}}