{"id":13850,"date":"2024-10-24T06:25:22","date_gmt":"2024-10-24T04:25:22","guid":{"rendered":"http:\/\/billigtrikots.com\/?post_type=product&#038;p=13850"},"modified":"2024-10-24T06:27:56","modified_gmt":"2024-10-24T04:27:56","slug":"kaufe-kindertrikot-trikotsatz-bayern-muenchen-23-24-auswaertstrikot-online","status":"publish","type":"product","link":"https:\/\/www.billigtrikotde.com\/sv\/kaufe-kindertrikot-trikotsatz-bayern-muenchen-23-24-auswaertstrikot-online\/","title":{"rendered":"K\u00f6p barntr\u00f6ja Bayern M\u00fcnchen 23-24 bortaset online"},"content":{"rendered":"<p>Die Bayern M\u00fcnchen Audi 2023 Sommertour ist Teil der Bem\u00fchungen der Bayern, mit den Fans auf der ganzen Welt in Kontakt zu treten und ihre Fangemeinde in Asien zu vergr\u00f6\u00dfern. Die Bayern werden in Tokio zwei Spiele bestreiten, eines gegen Manchester City und eines gegen einen noch nicht angek\u00fcndigten Gegner.<\/p>\n<p>Das Adidas Bayern M\u00fcnchen 23-24 Ausw\u00e4rtstrikot hat eine ungew\u00f6hnliche Farbkombination f\u00fcr den bayerischen Verein \u2013 es kombiniert eine schwarze Grundfarbe mit Gr\u00fcn und Lila.Die Drei Streifen sind lila, w\u00e4hrend die Logos auf der Vorderseite hellgr\u00fcn sind. Auch die Namen und Nummern sind lila.Ein modernes Muster in Lila und Gr\u00fcn, das aus den traditionellen Rauten des Vereins besteht, rundet den modernen Look ab.<\/p>\n<p>Tips f\u00f6r utskrift: Om namn och nummer p\u00e5 bilden \u00e4r exakt vad du vill ha, beh\u00f6ver du inte ange dem igen. Om inte, ska du ange \u00f6nskat namn och nummer.<\/p>\n<p>Tips f\u00f6r tv\u00e4tt: Det \u00e4r rekommenderat att tv\u00e4tta fotbollstr\u00f6jor f\u00f6r hand. Om du vill anv\u00e4nda tv\u00e4ttmaskinen ska du komma ih\u00e5g att v\u00e4nda fotbollstr\u00f6jorna ut och in och sedan tv\u00e4tta dem. Fyll maskinen med kallt vatten och anv\u00e4nd ett skonsamt program f\u00f6r att b\u00e4ttre skydda f\u00e4rgerna.<\/p>","protected":false},"excerpt":{"rendered":"<p>Die Bayern M\u00fcnchen Audi 2023 Sommertour ist Teil der Bem\u00fchungen der Bayern, mit den Fans auf der ganzen Welt in Kontakt zu treten und ihre Fangemeinde in Asien zu vergr\u00f6\u00dfern. Die Bayern werden in Tokio zwei Spiele bestreiten, eines gegen Manchester City und eines gegen einen noch nicht angek\u00fcndigten Gegner. Das Adidas Bayern M\u00fcnchen 23-24 [&hellip;]<\/p>","protected":false},"featured_media":13890,"comment_status":"open","ping_status":"closed","template":"","meta":[],"product_brand":[],"product_cat":[135],"product_tag":[137,514,515,138,20,574,21,23,24,94],"class_list":{"0":"post-13850","1":"product","2":"type-product","3":"status-publish","4":"has-post-thumbnail","6":"product_cat-bayern-munich-kindertrikot","7":"product_tag-bayern-muenchen-trikots","8":"product_tag-bayern-munich-fussballtrikots-kinder","9":"product_tag-bayern-munich-trikot-fuer-kinder","10":"product_tag-bayern-munich-trikotsatz-fuer-kinder","11":"product_tag-coole-fussballtrikots","12":"product_tag-fussballtrikot-deutschland","13":"product_tag-fussballtrikot-fuer-herren","14":"product_tag-fussballtrikot-kurzarm","15":"product_tag-guenstiges-fussballtrikot","16":"product_tag-kinder-fussball-trikotsatz","18":"first","19":"instock","20":"shipping-taxable","21":"purchasable","22":"product-type-variable"},"_links":{"self":[{"href":"https:\/\/www.billigtrikotde.com\/sv\/wp-json\/wp\/v2\/product\/13850","targetHints":{"allow":["GET"]}}],"collection":[{"href":"https:\/\/www.billigtrikotde.com\/sv\/wp-json\/wp\/v2\/product"}],"about":[{"href":"https:\/\/www.billigtrikotde.com\/sv\/wp-json\/wp\/v2\/types\/product"}],"replies":[{"embeddable":true,"href":"https:\/\/www.billigtrikotde.com\/sv\/wp-json\/wp\/v2\/comments?post=13850"}],"wp:featuredmedia":[{"embeddable":true,"href":"https:\/\/www.billigtrikotde.com\/sv\/wp-json\/wp\/v2\/media\/13890"}],"wp:attachment":[{"href":"https:\/\/www.billigtrikotde.com\/sv\/wp-json\/wp\/v2\/media?parent=13850"}],"wp:term":[{"taxonomy":"product_brand","embeddable":true,"href":"https:\/\/www.billigtrikotde.com\/sv\/wp-json\/wp\/v2\/product_brand?post=13850"},{"taxonomy":"product_cat","embeddable":true,"href":"https:\/\/www.billigtrikotde.com\/sv\/wp-json\/wp\/v2\/product_cat?post=13850"},{"taxonomy":"product_tag","embeddable":true,"href":"https:\/\/www.billigtrikotde.com\/sv\/wp-json\/wp\/v2\/product_tag?post=13850"}],"curies":[{"name":"wp","href":"https:\/\/api.w.org\/{rel}","templated":true}]}}