{"id":13839,"date":"2024-10-24T06:24:48","date_gmt":"2024-10-24T04:24:48","guid":{"rendered":"http:\/\/billigtrikots.com\/?post_type=product&#038;p=13839"},"modified":"2025-10-16T16:03:09","modified_gmt":"2025-10-16T14:03:09","slug":"kinder-heimtrikot-real-madrid-23-24-fussballtrikot-trikotsatz-vini-jr-7","status":"publish","type":"product","link":"https:\/\/www.billigtrikotde.com\/sv\/kinder-heimtrikot-real-madrid-23-24-fussballtrikot-trikotsatz-vini-jr-7\/","title":{"rendered":"Barn Hemmatr\u00f6ja Real Madrid 23-24 Fotbollstr\u00f6ja VINI JR. 7"},"content":{"rendered":"<p>Real Madrid 23-24 hemmatr\u00f6ja har en modern och enkel design. S\u00e4rskilt intressant \u00e4r f\u00e4rgs\u00e4ttningen: Vitt kombineras med en m\u00f6rk marinbl\u00e5 (\u201eLegend Ink\u201c) och en guldaktig orange. Den guldaktiga orange \u00e4r varken ren gul eller metalliskt guld, utan ligger n\u00e5gonstans d\u00e4remellan. Marinbl\u00e5 och guldorange \u00e4r samma f\u00e4rger som \u00e4ven anv\u00e4nds f\u00f6r bortatr\u00f6jan 23-24 av Real Madrid.<br \/>\nF\u00f6r f\u00f6rsta g\u00e5ngen i klubbens historia b\u00e4r Real Madrid 23-24-tr\u00f6jan sloganen \u201e\u00a1Hala Madrid!\u201c p\u00e5 kragen. F\u00f6r kragen kombinerar Adidas f\u00e4rgerna \u201eGuld-Orange\u201c, Vitt och Legend till en trikolor. \u00c4ven \u00e4rmbanden \u00e4r i trikolor. Precis som alla andra Adidas 23-24 fotbollstr\u00f6jor \u00e4r den nya Real Madrid 23-24-tr\u00f6jan ocks\u00e5 utrustad med den nya Adidas-loggan. P\u00e5 sidan och p\u00e5 ryggen finns marinbl\u00e5 paneler, liknande de p\u00e5 vissa Adidas-tr\u00f6jor f\u00f6r VM 2022.<\/p>\n<p>Tips f\u00f6r utskrift: Om namn och nummer p\u00e5 bilden \u00e4r exakt vad du vill ha, beh\u00f6ver du inte ange dem igen. Om inte, ska du ange \u00f6nskat namn och nummer.<\/p>\n<p>Tips f\u00f6r tv\u00e4tt: Det \u00e4r rekommenderat att tv\u00e4tta fotbollstr\u00f6jor f\u00f6r hand. Om du vill anv\u00e4nda tv\u00e4ttmaskinen ska du komma ih\u00e5g att v\u00e4nda fotbollstr\u00f6jorna ut och in och sedan tv\u00e4tta dem. Fyll maskinen med kallt vatten och anv\u00e4nd ett skonsamt program f\u00f6r att b\u00e4ttre skydda f\u00e4rgerna.<\/p>","protected":false},"excerpt":{"rendered":"<p>Das Real Madrid 23-24 Heim trikot hat ein modernes und einfaches Design. Besonders interessant ist die Farbgebung: Wei\u00df wird mit einem dunklen Marineblau (\u201eLegend Ink\u201c) und einem goldfarbenen Orange kombiniert.Das goldige Orange ist weder reines Gelb noch metallisches Gold, sondern liegt irgendwo dazwischen. Marineblau und Goldorange sind die gleichen Farben, die auch f\u00fcr das Ausw\u00e4rtstrikot [&hellip;]<\/p>","protected":false},"featured_media":13881,"comment_status":"open","ping_status":"closed","template":"","meta":[],"product_brand":[],"product_cat":[165],"product_tag":[20,574,21,22,24,94,651,47,166],"class_list":{"0":"post-13839","1":"product","2":"type-product","3":"status-publish","4":"has-post-thumbnail","6":"product_cat-real-madrid-kindertrikot","7":"product_tag-coole-fussballtrikots","8":"product_tag-fussballtrikot-deutschland","9":"product_tag-fussballtrikot-fuer-herren","10":"product_tag-fussballtrikot-guenstig-kaufen","11":"product_tag-guenstiges-fussballtrikot","12":"product_tag-kinder-fussball-trikotsatz","13":"product_tag-real-madrid-heim-trikot","14":"product_tag-real-madrid-trikots","15":"product_tag-real-madrid-trikotsatz-fuer-kinder","17":"first","18":"instock","19":"shipping-taxable","20":"purchasable","21":"product-type-variable"},"_links":{"self":[{"href":"https:\/\/www.billigtrikotde.com\/sv\/wp-json\/wp\/v2\/product\/13839","targetHints":{"allow":["GET"]}}],"collection":[{"href":"https:\/\/www.billigtrikotde.com\/sv\/wp-json\/wp\/v2\/product"}],"about":[{"href":"https:\/\/www.billigtrikotde.com\/sv\/wp-json\/wp\/v2\/types\/product"}],"replies":[{"embeddable":true,"href":"https:\/\/www.billigtrikotde.com\/sv\/wp-json\/wp\/v2\/comments?post=13839"}],"wp:featuredmedia":[{"embeddable":true,"href":"https:\/\/www.billigtrikotde.com\/sv\/wp-json\/wp\/v2\/media\/13881"}],"wp:attachment":[{"href":"https:\/\/www.billigtrikotde.com\/sv\/wp-json\/wp\/v2\/media?parent=13839"}],"wp:term":[{"taxonomy":"product_brand","embeddable":true,"href":"https:\/\/www.billigtrikotde.com\/sv\/wp-json\/wp\/v2\/product_brand?post=13839"},{"taxonomy":"product_cat","embeddable":true,"href":"https:\/\/www.billigtrikotde.com\/sv\/wp-json\/wp\/v2\/product_cat?post=13839"},{"taxonomy":"product_tag","embeddable":true,"href":"https:\/\/www.billigtrikotde.com\/sv\/wp-json\/wp\/v2\/product_tag?post=13839"}],"curies":[{"name":"wp","href":"https:\/\/api.w.org\/{rel}","templated":true}]}}