{"id":13779,"date":"2024-10-24T06:21:20","date_gmt":"2024-10-24T04:21:20","guid":{"rendered":"http:\/\/billigtrikots.com\/?post_type=product&#038;p=13779"},"modified":"2024-10-24T06:24:11","modified_gmt":"2024-10-24T04:24:11","slug":"kinder-guenstig-fussballtrikots-manchester-united-23-24-trikot-personalisierbar","status":"publish","type":"product","link":"https:\/\/www.billigtrikotde.com\/sv\/kinder-guenstig-fussballtrikots-manchester-united-23-24-trikot-personalisierbar\/","title":{"rendered":"Barn Billiga Fotbollstr\u00f6jor Manchester United 23-24 Tr\u00f6ja Anpassningsbar"},"content":{"rendered":"<p>Man United 2023-2024-tr\u00f6jan kombinerar en klassisk r\u00f6d huvudf\u00e4rg med svart f\u00f6r logotyper och de tre strecken samt vita detaljer. Det \u00e4r f\u00f6rsta g\u00e5ngen sedan s\u00e4songen 2019-2020 som svart anv\u00e4nds som sekund\u00e4rf\u00e4rg. Officiellt kallas den r\u00f6da f\u00e4rgen \u201eTeam Collage Red\u201c. Huvudsponsorn, namnen och numren samt logotyperna f\u00f6r DXC Technology:s \u00e4rmlogosponsorer \u00e4r vita. TeamViewer-sponsologot har uppdaterats j\u00e4mf\u00f6rt med tidigare.<br \/>\nN\u00e4r det g\u00e4ller designen \u00e4r Manchester Uniteds 2023-24-tr\u00f6ja inspirerad av Manchesters industriarv. Tr\u00f6jan visar ett \u00e5terkommande m\u00f6nster som kombinerar en Lancashire-ros i ett geometriskt m\u00f6nster, inspirerat av Trafford Road Bridge, som byggdes under den industriella revolutionen. Lancashire-rosen \u00e4r en heraldiskt symbol som representerar den historiska grevskapet Lancashire i nordv\u00e4stra England. Det \u00e4r en r\u00f6d ros med en gyllene mitt och har anv\u00e4nts som emblem f\u00f6r grevskapet i \u00e5rhundraden. Lancashire-rosen anv\u00e4nds fortfarande i olika former, till exempel p\u00e5 grevskapets flagga och p\u00e5 emblem f\u00f6r Lancashire:s cricket- och rugbylag.<\/p>\n<p>Tips f\u00f6r utskrift: Om namn och nummer p\u00e5 bilden \u00e4r exakt vad du vill ha, beh\u00f6ver du inte ange dem igen. Om inte, ska du ange \u00f6nskat namn och nummer.<\/p>\n<p>Tips f\u00f6r tv\u00e4tt: Det \u00e4r rekommenderat att tv\u00e4tta fotbollstr\u00f6jor f\u00f6r hand. Om du vill anv\u00e4nda tv\u00e4ttmaskinen ska du komma ih\u00e5g att v\u00e4nda fotbollstr\u00f6jorna ut och in och sedan tv\u00e4tta dem. Fyll maskinen med kallt vatten och anv\u00e4nd ett skonsamt program f\u00f6r att b\u00e4ttre skydda f\u00e4rgerna.<\/p>","protected":false},"excerpt":{"rendered":"<p>Das Man United 2023-2024 Trikot kombiniert eine klassische rote Hauptfarbe mit Schwarz f\u00fcr Logos und die Drei Streifen sowie wei\u00dfen Details. Es ist das erste Mal seit der Saison 2019-2020, dass Schwarz als Sekund\u00e4rfarbe verwendet. Offiziell wird die rote Farbe &#8222;Team Collage Red&#8220; genannt.Der Hauptsponsor, die Namen und Nummern sowie die Logos der \u00c4rmelsponsoren von [&hellip;]<\/p>","protected":false},"featured_media":13827,"comment_status":"open","ping_status":"closed","template":"","meta":[],"product_brand":[],"product_cat":[140],"product_tag":[20,574,21,22,664,228,24,141,52,142],"class_list":{"0":"post-13779","1":"product","2":"type-product","3":"status-publish","4":"has-post-thumbnail","6":"product_cat-manchester-united-kindertrikot","7":"product_tag-coole-fussballtrikots","8":"product_tag-fussballtrikot-deutschland","9":"product_tag-fussballtrikot-fuer-herren","10":"product_tag-fussballtrikot-guenstig-kaufen","11":"product_tag-fussballtrikot-trikotsatz","12":"product_tag-guenstige-fussballtrikot","13":"product_tag-guenstiges-fussballtrikot","14":"product_tag-manchester-united-heimtrikot","15":"product_tag-manchester-united-trikots","16":"product_tag-manchester-united-trikotsatz-fuer-kinder","18":"first","19":"instock","20":"shipping-taxable","21":"purchasable","22":"product-type-variable"},"_links":{"self":[{"href":"https:\/\/www.billigtrikotde.com\/sv\/wp-json\/wp\/v2\/product\/13779","targetHints":{"allow":["GET"]}}],"collection":[{"href":"https:\/\/www.billigtrikotde.com\/sv\/wp-json\/wp\/v2\/product"}],"about":[{"href":"https:\/\/www.billigtrikotde.com\/sv\/wp-json\/wp\/v2\/types\/product"}],"replies":[{"embeddable":true,"href":"https:\/\/www.billigtrikotde.com\/sv\/wp-json\/wp\/v2\/comments?post=13779"}],"wp:featuredmedia":[{"embeddable":true,"href":"https:\/\/www.billigtrikotde.com\/sv\/wp-json\/wp\/v2\/media\/13827"}],"wp:attachment":[{"href":"https:\/\/www.billigtrikotde.com\/sv\/wp-json\/wp\/v2\/media?parent=13779"}],"wp:term":[{"taxonomy":"product_brand","embeddable":true,"href":"https:\/\/www.billigtrikotde.com\/sv\/wp-json\/wp\/v2\/product_brand?post=13779"},{"taxonomy":"product_cat","embeddable":true,"href":"https:\/\/www.billigtrikotde.com\/sv\/wp-json\/wp\/v2\/product_cat?post=13779"},{"taxonomy":"product_tag","embeddable":true,"href":"https:\/\/www.billigtrikotde.com\/sv\/wp-json\/wp\/v2\/product_tag?post=13779"}],"curies":[{"name":"wp","href":"https:\/\/api.w.org\/{rel}","templated":true}]}}