{"id":13703,"date":"2024-10-24T06:17:11","date_gmt":"2024-10-24T04:17:11","guid":{"rendered":"http:\/\/billigtrikots.com\/?post_type=product&#038;p=13703"},"modified":"2024-10-24T06:20:00","modified_gmt":"2024-10-24T04:20:00","slug":"vintage-manchester-united-1991-92-away-league-cup-final-langarm-auswaertstrikot","status":"publish","type":"product","link":"https:\/\/www.billigtrikotde.com\/sv\/vintage-manchester-united-1991-92-away-league-cup-final-langarm-auswaertstrikot\/","title":{"rendered":"Vintage Manchester United 1991\/92 AWAY LEAGUE CUP FINAL L\u00e5ng\u00e4rmad Bortatr\u00f6ja"},"content":{"rendered":"<p>Manchester Uniteds 1991-1992 bortatr\u00f6ja \u00e4r den sista bortatr\u00f6jan som Adidas tillverkade f\u00f6re \u00f6vertagandet av Umbro \u00e5r 1992. Den k\u00e4nnetecknas av en unik design i vitt, bl\u00e5tt och r\u00f6tt. Den framtr\u00e4dande egenskapen \u00e4r en unik allover-grafiktryck p\u00e5 framsidan, som \u00e4ven kommer att ses p\u00e5 den nya Adidas Manchester United 17-18 bortatr\u00f6jan.<\/p>\n<p>Tips f\u00f6r utskrift: Om namn och nummer p\u00e5 bilden \u00e4r exakt vad du vill ha, beh\u00f6ver du inte ange dem igen. Om inte, ska du ange \u00f6nskat namn och nummer.<\/p>\n<p>Tips f\u00f6r tv\u00e4tt: Det \u00e4r rekommenderat att tv\u00e4tta fotbollstr\u00f6jor f\u00f6r hand. Om du vill anv\u00e4nda tv\u00e4ttmaskinen ska du komma ih\u00e5g att v\u00e4nda fotbollstr\u00f6jorna ut och in och sedan tv\u00e4tta dem. Fyll maskinen med kallt vatten och anv\u00e4nd ett skonsamt program f\u00f6r att b\u00e4ttre skydda f\u00e4rgerna.<\/p>","protected":false},"excerpt":{"rendered":"<p>Manchester Uniteds 1991-1992 bortatr\u00f6ja \u00e4r den sista bortatr\u00f6jan som Adidas tillverkade f\u00f6re \u00f6vertagandet av Umbro \u00e5r 1992. Den k\u00e4nnetecknas av en unik design i vitt, bl\u00e5tt och r\u00f6tt. Den framtr\u00e4dande egenskapen \u00e4r en unik allover-grafiktryck p\u00e5 framsidan, som \u00e4ven kommer att ses p\u00e5 den nya Adidas Manchester United 17-18 bortatr\u00f6jan.<\/p>","protected":false},"featured_media":13747,"comment_status":"open","ping_status":"closed","template":"","meta":[],"product_brand":[],"product_cat":[50],"product_tag":[20,21,22,23,228,24,511,656],"class_list":{"0":"post-13703","1":"product","2":"type-product","3":"status-publish","4":"has-post-thumbnail","6":"product_cat-manchester-united","7":"product_tag-coole-fussballtrikots","8":"product_tag-fussballtrikot-fuer-herren","9":"product_tag-fussballtrikot-guenstig-kaufen","10":"product_tag-fussballtrikot-kurzarm","11":"product_tag-guenstige-fussballtrikot","12":"product_tag-guenstiges-fussballtrikot","13":"product_tag-vintage-glasgow-rangers-fussballtrikot","14":"product_tag-vintage-manchester-united-fussballtrikot-1991-92","16":"first","17":"instock","18":"shipping-taxable","19":"purchasable","20":"product-type-variable"},"_links":{"self":[{"href":"https:\/\/www.billigtrikotde.com\/sv\/wp-json\/wp\/v2\/product\/13703","targetHints":{"allow":["GET"]}}],"collection":[{"href":"https:\/\/www.billigtrikotde.com\/sv\/wp-json\/wp\/v2\/product"}],"about":[{"href":"https:\/\/www.billigtrikotde.com\/sv\/wp-json\/wp\/v2\/types\/product"}],"replies":[{"embeddable":true,"href":"https:\/\/www.billigtrikotde.com\/sv\/wp-json\/wp\/v2\/comments?post=13703"}],"wp:featuredmedia":[{"embeddable":true,"href":"https:\/\/www.billigtrikotde.com\/sv\/wp-json\/wp\/v2\/media\/13747"}],"wp:attachment":[{"href":"https:\/\/www.billigtrikotde.com\/sv\/wp-json\/wp\/v2\/media?parent=13703"}],"wp:term":[{"taxonomy":"product_brand","embeddable":true,"href":"https:\/\/www.billigtrikotde.com\/sv\/wp-json\/wp\/v2\/product_brand?post=13703"},{"taxonomy":"product_cat","embeddable":true,"href":"https:\/\/www.billigtrikotde.com\/sv\/wp-json\/wp\/v2\/product_cat?post=13703"},{"taxonomy":"product_tag","embeddable":true,"href":"https:\/\/www.billigtrikotde.com\/sv\/wp-json\/wp\/v2\/product_tag?post=13703"}],"curies":[{"name":"wp","href":"https:\/\/api.w.org\/{rel}","templated":true}]}}