{"id":13660,"date":"2024-10-24T06:14:25","date_gmt":"2024-10-24T04:14:25","guid":{"rendered":"http:\/\/billigtrikots.com\/?post_type=product&#038;p=13660"},"modified":"2024-10-24T06:17:35","modified_gmt":"2024-10-24T04:17:35","slug":"kinderheim-trikot-fc-barcelona-23-24-trikot-kurzarm-kurze-hosen-lewandowski-9","status":"publish","type":"product","link":"https:\/\/www.billigtrikotde.com\/sv\/kinderheim-trikot-fc-barcelona-23-24-trikot-kurzarm-kurze-hosen-lewandowski-9\/","title":{"rendered":"Hemmatr\u00f6ja f\u00f6r barn FC Barcelona 23-24 Kort\u00e4rmad tr\u00f6ja + Shorts LEWANDOWSKI 9"},"content":{"rendered":"<p>Efter m\u00e5nga l\u00e4ckor har Barcelona-tr\u00f6jan 2023-2024 \u00e4ntligen avsl\u00f6jts. R\u00e4nderna har ett rombm\u00f6nster vid kanterna och logotypen har en g\u00f6md skimrande diamant \u2013 b\u00e5da \u00e4r en hyllning till damlaget.<\/p>\n<p>FC Barcelona 2023-2024-tr\u00f6jan \u00e5terg\u00e5r till den mest klassiska tr\u00f6jdesignen i klubbens historia, som presenterades 1912 och fram till 1990-talet mer eller mindre anv\u00e4ndes i samma stil. Nike FC Barcelona 23-24-tr\u00f6jan har tv\u00e5 breda r\u00f6da r\u00e4nder p\u00e5 framsidan. \u00c4rmarna \u00e4r r\u00f6da. Det som \u00e4r unikt \u00e4r att de klassiska randens kant har ett rombm\u00f6nster. Detta \u00e4r inspirerat av Barcelonas nuvarande damlaget gamla rombformade logotyp.<\/p>\n<p>Tips f\u00f6r utskrift: Om namn och nummer p\u00e5 bilden \u00e4r exakt vad du vill ha, beh\u00f6ver du inte ange dem igen. Om inte, ska du ange \u00f6nskat namn och nummer.<\/p>\n<p>Tips f\u00f6r tv\u00e4tt: Det \u00e4r rekommenderat att tv\u00e4tta fotbollstr\u00f6jor f\u00f6r hand. Om du vill anv\u00e4nda tv\u00e4ttmaskinen ska du komma ih\u00e5g att v\u00e4nda fotbollstr\u00f6jorna ut och in och sedan tv\u00e4tta dem. Fyll maskinen med kallt vatten och anv\u00e4nd ett skonsamt program f\u00f6r att b\u00e4ttre skydda f\u00e4rgerna.<\/p>","protected":false},"excerpt":{"rendered":"<p>Efter m\u00e5nga l\u00e4ckor har Barcelona-tr\u00f6jan 2023-2024 \u00e4ntligen avsl\u00f6jats. Randens kant har en rombm\u00f6nstrets kant och logotypen har en dold skimrande diamant \u2013 b\u00e5da \u00e4r en hyllning till damlaget. FC Barcelona 2023-2024-tr\u00f6jan \u00e5terv\u00e4nder till klubbens allra klassiskaste tr\u00f6jdesign som presenterades 1912 och som fanns \u00e4nda in p\u00e5 1990-talet [\u2026]<\/p>","protected":false},"featured_media":13699,"comment_status":"open","ping_status":"closed","template":"","meta":[],"product_brand":[],"product_cat":[146],"product_tag":[147,20,460,33,574,21,22,24,94],"class_list":{"0":"post-13660","1":"product","2":"type-product","3":"status-publish","4":"has-post-thumbnail","6":"product_cat-barcelona-kindertrikot","7":"product_tag-barcelona-trikotsatz-fuer-kinder","8":"product_tag-coole-fussballtrikots","9":"product_tag-deutschland-fussballtrikots","10":"product_tag-fc-barcelona-trikots","11":"product_tag-fussballtrikot-deutschland","12":"product_tag-fussballtrikot-fuer-herren","13":"product_tag-fussballtrikot-guenstig-kaufen","14":"product_tag-guenstiges-fussballtrikot","15":"product_tag-kinder-fussball-trikotsatz","17":"first","18":"instock","19":"shipping-taxable","20":"purchasable","21":"product-type-variable"},"_links":{"self":[{"href":"https:\/\/www.billigtrikotde.com\/sv\/wp-json\/wp\/v2\/product\/13660","targetHints":{"allow":["GET"]}}],"collection":[{"href":"https:\/\/www.billigtrikotde.com\/sv\/wp-json\/wp\/v2\/product"}],"about":[{"href":"https:\/\/www.billigtrikotde.com\/sv\/wp-json\/wp\/v2\/types\/product"}],"replies":[{"embeddable":true,"href":"https:\/\/www.billigtrikotde.com\/sv\/wp-json\/wp\/v2\/comments?post=13660"}],"wp:featuredmedia":[{"embeddable":true,"href":"https:\/\/www.billigtrikotde.com\/sv\/wp-json\/wp\/v2\/media\/13699"}],"wp:attachment":[{"href":"https:\/\/www.billigtrikotde.com\/sv\/wp-json\/wp\/v2\/media?parent=13660"}],"wp:term":[{"taxonomy":"product_brand","embeddable":true,"href":"https:\/\/www.billigtrikotde.com\/sv\/wp-json\/wp\/v2\/product_brand?post=13660"},{"taxonomy":"product_cat","embeddable":true,"href":"https:\/\/www.billigtrikotde.com\/sv\/wp-json\/wp\/v2\/product_cat?post=13660"},{"taxonomy":"product_tag","embeddable":true,"href":"https:\/\/www.billigtrikotde.com\/sv\/wp-json\/wp\/v2\/product_tag?post=13660"}],"curies":[{"name":"wp","href":"https:\/\/api.w.org\/{rel}","templated":true}]}}