{"id":13617,"date":"2024-10-24T06:12:09","date_gmt":"2024-10-24T04:12:09","guid":{"rendered":"http:\/\/billigtrikots.com\/?post_type=product&#038;p=13617"},"modified":"2024-10-24T06:14:47","modified_gmt":"2024-10-24T04:14:47","slug":"herren-fussballtrikot-paris-saint-germain-psg-23-24-heimtrikot-neymar-jr-10","status":"publish","type":"product","link":"https:\/\/www.billigtrikotde.com\/sv\/herren-fussballtrikot-paris-saint-germain-psg-23-24-heimtrikot-neymar-jr-10\/","title":{"rendered":"Fotbollstr\u00f6ja Paris Saint-Germain PSG 23-24 Hemmatr\u00f6ja NEYMAR JR 10 f\u00f6r herrar"},"content":{"rendered":"<p>Nike PSG 2023-24 Jersey \u00e4r marinbl\u00e5 med en r\u00f6d rand p\u00e5 v\u00e4nster sida som tonar ut mot botten av tr\u00f6jan. Det finns ocks\u00e5 en vit rand till v\u00e4nster och h\u00f6ger om den r\u00f6da tr\u00f6jan, inspirerad av lagets klassiska Hechter-design, och den blekande designen \u00e4r inspirerad av Paris skyline som bleknar in i natthimlen. Intressant nog \u00e4r swooshen r\u00f6d och inte vit. Alla andra sponsorlogotyper \u00e4r vita.<\/p>\n<p>Tips f\u00f6r utskrift: Om namn och nummer p\u00e5 bilden \u00e4r exakt vad du vill ha, beh\u00f6ver du inte ange dem igen. Om inte, ska du ange \u00f6nskat namn och nummer.<\/p>\n<p>Tips f\u00f6r tv\u00e4tt: Det \u00e4r rekommenderat att tv\u00e4tta fotbollstr\u00f6jor f\u00f6r hand. Om du vill anv\u00e4nda tv\u00e4ttmaskinen ska du komma ih\u00e5g att v\u00e4nda fotbollstr\u00f6jorna ut och in och sedan tv\u00e4tta dem. Fyll maskinen med kallt vatten och anv\u00e4nd ett skonsamt program f\u00f6r att b\u00e4ttre skydda f\u00e4rgerna.<\/p>","protected":false},"excerpt":{"rendered":"<p>Das Nike PSG 2023-24 Trikot ist marineblau mit einem roten Streifen auf der linken Seite, der zum unteren Teil des Trikots hin verblasst. Links und rechts des roten Trikots befindet sich au\u00dferdem ein wei\u00dfer Streifen, der vom klassischen Hechter-Design der Mannschaft inspiriert ist.Das verblassende Design ist davon inspiriert, wie die Pariser Skyline im Nachthimmel verblasst. [&hellip;]<\/p>","protected":false},"featured_media":13654,"comment_status":"open","ping_status":"closed","template":"","meta":[],"product_brand":[],"product_cat":[39],"product_tag":[20,535,43,574,21,22,24,484,485,41,575],"class_list":{"0":"post-13617","1":"product","2":"type-product","3":"status-publish","4":"has-post-thumbnail","6":"product_cat-paris-saint-germain","7":"product_tag-coole-fussballtrikots","8":"product_tag-deutschland-trikot","9":"product_tag-fussballkleidung","10":"product_tag-fussballtrikot-deutschland","11":"product_tag-fussballtrikot-fuer-herren","12":"product_tag-fussballtrikot-guenstig-kaufen","13":"product_tag-guenstiges-fussballtrikot","14":"product_tag-paris-saint-germain-psg-fussballtrikot","15":"product_tag-paris-saint-germain-psg-trikot","16":"product_tag-paris-saint-germain-trikots","17":"product_tag-psg-23-24-trikot","19":"first","20":"instock","21":"shipping-taxable","22":"purchasable","23":"product-type-variable"},"_links":{"self":[{"href":"https:\/\/www.billigtrikotde.com\/sv\/wp-json\/wp\/v2\/product\/13617","targetHints":{"allow":["GET"]}}],"collection":[{"href":"https:\/\/www.billigtrikotde.com\/sv\/wp-json\/wp\/v2\/product"}],"about":[{"href":"https:\/\/www.billigtrikotde.com\/sv\/wp-json\/wp\/v2\/types\/product"}],"replies":[{"embeddable":true,"href":"https:\/\/www.billigtrikotde.com\/sv\/wp-json\/wp\/v2\/comments?post=13617"}],"wp:featuredmedia":[{"embeddable":true,"href":"https:\/\/www.billigtrikotde.com\/sv\/wp-json\/wp\/v2\/media\/13654"}],"wp:attachment":[{"href":"https:\/\/www.billigtrikotde.com\/sv\/wp-json\/wp\/v2\/media?parent=13617"}],"wp:term":[{"taxonomy":"product_brand","embeddable":true,"href":"https:\/\/www.billigtrikotde.com\/sv\/wp-json\/wp\/v2\/product_brand?post=13617"},{"taxonomy":"product_cat","embeddable":true,"href":"https:\/\/www.billigtrikotde.com\/sv\/wp-json\/wp\/v2\/product_cat?post=13617"},{"taxonomy":"product_tag","embeddable":true,"href":"https:\/\/www.billigtrikotde.com\/sv\/wp-json\/wp\/v2\/product_tag?post=13617"}],"curies":[{"name":"wp","href":"https:\/\/api.w.org\/{rel}","templated":true}]}}