{"id":1345,"date":"2024-10-23T13:26:16","date_gmt":"2024-10-23T11:26:16","guid":{"rendered":"http:\/\/billigtrikots.com\/?post_type=product&#038;p=1345"},"modified":"2024-10-23T13:28:14","modified_gmt":"2024-10-23T11:28:14","slug":"herren-fc-arsenal-heimtrikot-2022-langarm-weiss-rot-kurze-hosen-xhaka-34","status":"publish","type":"product","link":"https:\/\/www.billigtrikotde.com\/sv\/herren-fc-arsenal-heimtrikot-2022-langarm-weiss-rot-kurze-hosen-xhaka-34\/","title":{"rendered":"Herr FC Arsenal Hemmatr\u00f6ja 2022 L\u00e5ng\u00e4rmad Vit\/R\u00f6d + Shorts XHAKA 34"},"content":{"rendered":"<p>Arsenal och adidas - framg\u00e5ng \u00e4r oundvikligt. Med den h\u00e4r fotbollstr\u00f6jan \u00e5terutger vi en klassiker som klubben i norra London har anv\u00e4nt f\u00f6r att vinna stora segrar. Fan-versionen \u00e4r ocks\u00e5 tillverkad i ett behagligt mjukt, fukttransporterande material och har en n\u00e5got vidare sk\u00e4rning \u00e4n den modell som de professionella fotbollsspelarna b\u00e4r p\u00e5 matchdagarna. Den ber\u00f6mda klubblogotypen p\u00e5 br\u00f6stet full\u00e4ndar designen. Denna version \u00e4r n\u00e5got bredare skuren \u00e4n det officiella spelarkitet Ribbad V-ringning. L\u00e5nga \u00e4rmar med ribbade muddar. Behagligt mjukt, l\u00e4ttviktigt material. Fuktavledande Climalite-material. V\u00e4vd klubblogotyp f\u00f6r Arsenal FC. Denna tr\u00f6ja \u00e4r tillverkad av \u00e5tervunnen polyester f\u00f6r att spara resurser och minska skadliga utsl\u00e4pp. Material: 100% polyester.<\/p>\n<p>Tips f\u00f6r utskrift: Om namn och nummer p\u00e5 bilden \u00e4r exakt vad du vill ha, beh\u00f6ver du inte ange dem igen. Om inte, ska du ange \u00f6nskat namn och nummer.<\/p>\n<p>Tips f\u00f6r tv\u00e4tt: Det \u00e4r rekommenderat att tv\u00e4tta fotbollstr\u00f6jor f\u00f6r hand. Om du vill anv\u00e4nda tv\u00e4ttmaskinen ska du komma ih\u00e5g att v\u00e4nda fotbollstr\u00f6jorna ut och in och sedan tv\u00e4tta dem. Fyll maskinen med kallt vatten och anv\u00e4nd ett skonsamt program f\u00f6r att b\u00e4ttre skydda f\u00e4rgerna.<\/p>","protected":false},"excerpt":{"rendered":"<p>Arsenal und adidas \u2013 da ist Erfolg vorprogrammiert. Mit diesem Fu\u00dfballtrikot legen wir einen Klassiker, mit dem der Club aus dem Norden Londons gro\u00dfe Siege verbuchen konnte, neu auf. Au\u00dferdem ist die Fan-Version aus angenehm weichem, feuchtigkeitsableitendem Material und etwas weiter geschnitten als das Modell, das die Profi-Kicker an Spieltagen tragen. Das ber\u00fchmte Vereinslogo auf [&hellip;]<\/p>","protected":false},"featured_media":1375,"comment_status":"open","ping_status":"closed","template":"","meta":[],"product_brand":[],"product_cat":[55],"product_tag":[20,56,57,38,21,22,24],"class_list":{"0":"post-1345","1":"product","2":"type-product","3":"status-publish","4":"has-post-thumbnail","6":"product_cat-arsenal","7":"product_tag-coole-fussballtrikots","8":"product_tag-fc-arsenal-heimtrikot","9":"product_tag-fc-arsenal-trikots","10":"product_tag-fussball-trikot-langarm","11":"product_tag-fussballtrikot-fuer-herren","12":"product_tag-fussballtrikot-guenstig-kaufen","13":"product_tag-guenstiges-fussballtrikot","15":"first","16":"instock","17":"shipping-taxable","18":"purchasable","19":"product-type-variable"},"_links":{"self":[{"href":"https:\/\/www.billigtrikotde.com\/sv\/wp-json\/wp\/v2\/product\/1345","targetHints":{"allow":["GET"]}}],"collection":[{"href":"https:\/\/www.billigtrikotde.com\/sv\/wp-json\/wp\/v2\/product"}],"about":[{"href":"https:\/\/www.billigtrikotde.com\/sv\/wp-json\/wp\/v2\/types\/product"}],"replies":[{"embeddable":true,"href":"https:\/\/www.billigtrikotde.com\/sv\/wp-json\/wp\/v2\/comments?post=1345"}],"wp:featuredmedia":[{"embeddable":true,"href":"https:\/\/www.billigtrikotde.com\/sv\/wp-json\/wp\/v2\/media\/1375"}],"wp:attachment":[{"href":"https:\/\/www.billigtrikotde.com\/sv\/wp-json\/wp\/v2\/media?parent=1345"}],"wp:term":[{"taxonomy":"product_brand","embeddable":true,"href":"https:\/\/www.billigtrikotde.com\/sv\/wp-json\/wp\/v2\/product_brand?post=1345"},{"taxonomy":"product_cat","embeddable":true,"href":"https:\/\/www.billigtrikotde.com\/sv\/wp-json\/wp\/v2\/product_cat?post=1345"},{"taxonomy":"product_tag","embeddable":true,"href":"https:\/\/www.billigtrikotde.com\/sv\/wp-json\/wp\/v2\/product_tag?post=1345"}],"curies":[{"name":"wp","href":"https:\/\/api.w.org\/{rel}","templated":true}]}}