{"id":1305,"date":"2024-10-23T13:24:40","date_gmt":"2024-10-23T11:24:40","guid":{"rendered":"http:\/\/billigtrikots.com\/?post_type=product&#038;p=1305"},"modified":"2024-10-23T13:26:10","modified_gmt":"2024-10-23T11:26:10","slug":"guenstige-fussballtrikots-manchester-united-trikot-home-2022-rot-bestellen","status":"publish","type":"product","link":"https:\/\/www.billigtrikotde.com\/sv\/guenstige-fussballtrikots-manchester-united-trikot-home-2022-rot-bestellen\/","title":{"rendered":"Best\u00e4ll billiga fotbollstr\u00f6jor Manchester United Shirt Home 2022 Red"},"content":{"rendered":"<p>Das Sportshirt von a-didas in Rot l\u00e4sst dich die Farben deines Lieblingsclubs tragen und allen zeigen, wof\u00fcr dein Herz schl\u00e4gt. Jeder echte Manchester United-Supporter braucht dieses Heim-Sportshirt, denn auch die Spieler tragen es in der Premier League. Es ist atmungsaktiv, super bequem und leicht. Dieses Trikot ist der ideale Begleiter f\u00fcr deine sportlichen Aktivit\u00e4ten. Zum absoluten Highlight wird es durch das Vereinswappen auf der Brust.<\/p>\n<p>Tips f\u00f6r utskrift: Om namn och nummer p\u00e5 bilden \u00e4r exakt vad du vill ha, beh\u00f6ver du inte ange dem igen. Om inte, ska du ange \u00f6nskat namn och nummer.<\/p>\n<p>Tips f\u00f6r tv\u00e4tt: Det \u00e4r rekommenderat att tv\u00e4tta fotbollstr\u00f6jor f\u00f6r hand. Om du vill anv\u00e4nda tv\u00e4ttmaskinen ska du komma ih\u00e5g att v\u00e4nda fotbollstr\u00f6jorna ut och in och sedan tv\u00e4tta dem. Fyll maskinen med kallt vatten och anv\u00e4nd ett skonsamt program f\u00f6r att b\u00e4ttre skydda f\u00e4rgerna.<\/p>","protected":false},"excerpt":{"rendered":"<p>Das Sportshirt von a-didas in Rot l\u00e4sst dich die Farben deines Lieblingsclubs tragen und allen zeigen, wof\u00fcr dein Herz schl\u00e4gt. Jeder echte Manchester United-Supporter braucht dieses Heim-Sportshirt, denn auch die Spieler tragen es in der Premier League. Es ist atmungsaktiv, super bequem und leicht. Dieses Trikot ist der ideale Begleiter f\u00fcr deine sportlichen Aktivit\u00e4ten. Zum [&hellip;]<\/p>","protected":false},"featured_media":1337,"comment_status":"open","ping_status":"closed","template":"","meta":[],"product_brand":[],"product_cat":[50],"product_tag":[20,21,22,23,24,52],"class_list":{"0":"post-1305","1":"product","2":"type-product","3":"status-publish","4":"has-post-thumbnail","6":"product_cat-manchester-united","7":"product_tag-coole-fussballtrikots","8":"product_tag-fussballtrikot-fuer-herren","9":"product_tag-fussballtrikot-guenstig-kaufen","10":"product_tag-fussballtrikot-kurzarm","11":"product_tag-guenstiges-fussballtrikot","12":"product_tag-manchester-united-trikots","14":"first","15":"instock","16":"shipping-taxable","17":"purchasable","18":"product-type-variable"},"_links":{"self":[{"href":"https:\/\/www.billigtrikotde.com\/sv\/wp-json\/wp\/v2\/product\/1305","targetHints":{"allow":["GET"]}}],"collection":[{"href":"https:\/\/www.billigtrikotde.com\/sv\/wp-json\/wp\/v2\/product"}],"about":[{"href":"https:\/\/www.billigtrikotde.com\/sv\/wp-json\/wp\/v2\/types\/product"}],"replies":[{"embeddable":true,"href":"https:\/\/www.billigtrikotde.com\/sv\/wp-json\/wp\/v2\/comments?post=1305"}],"wp:featuredmedia":[{"embeddable":true,"href":"https:\/\/www.billigtrikotde.com\/sv\/wp-json\/wp\/v2\/media\/1337"}],"wp:attachment":[{"href":"https:\/\/www.billigtrikotde.com\/sv\/wp-json\/wp\/v2\/media?parent=1305"}],"wp:term":[{"taxonomy":"product_brand","embeddable":true,"href":"https:\/\/www.billigtrikotde.com\/sv\/wp-json\/wp\/v2\/product_brand?post=1305"},{"taxonomy":"product_cat","embeddable":true,"href":"https:\/\/www.billigtrikotde.com\/sv\/wp-json\/wp\/v2\/product_cat?post=1305"},{"taxonomy":"product_tag","embeddable":true,"href":"https:\/\/www.billigtrikotde.com\/sv\/wp-json\/wp\/v2\/product_tag?post=1305"}],"curies":[{"name":"wp","href":"https:\/\/api.w.org\/{rel}","templated":true}]}}