{"id":12944,"date":"2024-10-24T05:37:15","date_gmt":"2024-10-24T03:37:15","guid":{"rendered":"http:\/\/billigtrikots.com\/?post_type=product&#038;p=12944"},"modified":"2024-10-24T05:39:56","modified_gmt":"2024-10-24T03:39:56","slug":"inter-miami-cf-auswaertstrikot-2023-24-schwarz-rosa-kurzarm-fussballtrikots-fuer-herren","status":"publish","type":"product","link":"https:\/\/www.billigtrikotde.com\/sv\/inter-miami-cf-auswaertstrikot-2023-24-schwarz-rosa-kurzarm-fussballtrikots-fuer-herren\/","title":{"rendered":"Inter Miami CF Bortatr\u00f6ja 2023-24 svart rosa kort\u00e4rmad fotbollstr\u00f6ja f\u00f6r herrar"},"content":{"rendered":"<p>Adidas Miami 2023 bortatr\u00f6ja \u00e4r \u00f6verv\u00e4gande svart, med alla andra detaljer och logotyper uteslutande i rosa. Baserat p\u00e5 en av Adidas design f\u00f6r VM 2022 finns det en rosa rand som l\u00f6per l\u00e4ngs b\u00e5da sidorna och samlas vid den bakre f\u00e5llen.<br \/>\nDen svarta bakgrunden har en intressant, subtil v\u00e5ggrafik som avbryts av upprepade svarta horisontella r\u00e4nder, medan orden \"Freedom to Dream\" kan ses p\u00e5 baksidan av kragen. Denna bokstav har redan anv\u00e4nts som klubbens motto under tidigare \u00e5r.<\/p>\n<p>Tips f\u00f6r utskrift: Om namn och nummer p\u00e5 bilden \u00e4r exakt vad du vill ha, beh\u00f6ver du inte ange dem igen. Om inte, ska du ange \u00f6nskat namn och nummer.<\/p>\n<p>Tips f\u00f6r tv\u00e4tt: Det \u00e4r rekommenderat att tv\u00e4tta fotbollstr\u00f6jor f\u00f6r hand. Om du vill anv\u00e4nda tv\u00e4ttmaskinen ska du komma ih\u00e5g att v\u00e4nda fotbollstr\u00f6jorna ut och in och sedan tv\u00e4tta dem. Fyll maskinen med kallt vatten och anv\u00e4nd ett skonsamt program f\u00f6r att b\u00e4ttre skydda f\u00e4rgerna.<\/p>","protected":false},"excerpt":{"rendered":"<p>Das Adidas Miami 2023 Ausw\u00e4rtstrikot ist \u00fcberwiegend schwarz, alle anderen Details und Logos sind ausschlie\u00dflich in Rosa gehalten. Nach einer der Vorlagen von Adidas f\u00fcr die WM 2022 gibt es einen rosafarbenen Streifen, der auf beiden Seiten verl\u00e4uft und hinten am Saum zusammenl\u00e4uft. Auf dem schwarzen Untergrund ist eine interessante, subtile Wellengrafik angebracht, die von [&hellip;]<\/p>","protected":false},"featured_media":12989,"comment_status":"open","ping_status":"closed","template":"","meta":[],"product_brand":[],"product_cat":[557],"product_tag":[20,548,21,22,23,24,562,558,559,560,561],"class_list":{"0":"post-12944","1":"product","2":"type-product","3":"status-publish","4":"has-post-thumbnail","6":"product_cat-inter-miami","7":"product_tag-coole-fussballtrikots","8":"product_tag-fussball-trikot-frauen","9":"product_tag-fussballtrikot-fuer-herren","10":"product_tag-fussballtrikot-guenstig-kaufen","11":"product_tag-fussballtrikot-kurzarm","12":"product_tag-guenstiges-fussballtrikot","13":"product_tag-inter-miami-2023-auswaertstrikot","14":"product_tag-inter-miami-2023-heimtrikot","15":"product_tag-inter-miami-cf-fussballtrikots-herren","16":"product_tag-inter-miami-trikot-fuer-herren","17":"product_tag-trikot-2023-24","19":"first","20":"instock","21":"shipping-taxable","22":"purchasable","23":"product-type-variable"},"_links":{"self":[{"href":"https:\/\/www.billigtrikotde.com\/sv\/wp-json\/wp\/v2\/product\/12944","targetHints":{"allow":["GET"]}}],"collection":[{"href":"https:\/\/www.billigtrikotde.com\/sv\/wp-json\/wp\/v2\/product"}],"about":[{"href":"https:\/\/www.billigtrikotde.com\/sv\/wp-json\/wp\/v2\/types\/product"}],"replies":[{"embeddable":true,"href":"https:\/\/www.billigtrikotde.com\/sv\/wp-json\/wp\/v2\/comments?post=12944"}],"wp:featuredmedia":[{"embeddable":true,"href":"https:\/\/www.billigtrikotde.com\/sv\/wp-json\/wp\/v2\/media\/12989"}],"wp:attachment":[{"href":"https:\/\/www.billigtrikotde.com\/sv\/wp-json\/wp\/v2\/media?parent=12944"}],"wp:term":[{"taxonomy":"product_brand","embeddable":true,"href":"https:\/\/www.billigtrikotde.com\/sv\/wp-json\/wp\/v2\/product_brand?post=12944"},{"taxonomy":"product_cat","embeddable":true,"href":"https:\/\/www.billigtrikotde.com\/sv\/wp-json\/wp\/v2\/product_cat?post=12944"},{"taxonomy":"product_tag","embeddable":true,"href":"https:\/\/www.billigtrikotde.com\/sv\/wp-json\/wp\/v2\/product_tag?post=12944"}],"curies":[{"name":"wp","href":"https:\/\/api.w.org\/{rel}","templated":true}]}}