{"id":12496,"date":"2024-10-24T05:14:41","date_gmt":"2024-10-24T03:14:41","guid":{"rendered":"http:\/\/billigtrikots.com\/?post_type=product&#038;p=12496"},"modified":"2025-10-16T16:03:19","modified_gmt":"2025-10-16T14:03:19","slug":"fussballtrikots-kaufen-real-madrid-22-23-drittes-trikot-kurzarm-eder-militao-3","status":"publish","type":"product","link":"https:\/\/www.billigtrikotde.com\/sv\/fussballtrikots-kaufen-real-madrid-22-23-drittes-trikot-kurzarm-eder-militao-3\/","title":{"rendered":"Fotbollstr\u00f6jor K\u00f6p Real Madrid 22-23 Tredjetr\u00f6ja Kort\u00e4rmad Eder Militao 3"},"content":{"rendered":"<p>Till skillnad fr\u00e5n den klassiska hemmastilen\/utebusstilen har den nya texten f\u00f6r tredje tr\u00f6jan fr\u00e5n Adidas Real Madrid 22-23 ett modernt utseende. Den moderna texten passar utm\u00e4rkt till den moderna designen av tr\u00f6jan, som \u00e4r inspirerad av den nya Santiago Bernab\u00e9u-stadion.<\/p>\n<p>Tips f\u00f6r utskrift: Om namn och nummer p\u00e5 bilden \u00e4r exakt vad du vill ha, beh\u00f6ver du inte ange dem igen. Om inte, ska du ange \u00f6nskat namn och nummer.<\/p>\n<p>Tips f\u00f6r tv\u00e4tt: Det \u00e4r rekommenderat att tv\u00e4tta fotbollstr\u00f6jor f\u00f6r hand. Om du vill anv\u00e4nda tv\u00e4ttmaskinen ska du komma ih\u00e5g att v\u00e4nda fotbollstr\u00f6jorna ut och in och sedan tv\u00e4tta dem. Fyll maskinen med kallt vatten och anv\u00e4nd ett skonsamt program f\u00f6r att b\u00e4ttre skydda f\u00e4rgerna.<\/p>","protected":false},"excerpt":{"rendered":"<p>Till skillnad fr\u00e5n den klassiska hemmal-\/ bortsrift har den nya bokstaven f\u00f6r tredje tr\u00f6jan fr\u00e5n Adidas Real Madrid 22-23 en modern look. Den moderna skriften passar utm\u00e4rkt till den moderna designen av tr\u00f6jan, som \u00e4r inspirerad av den nya Santiago Bernab\u00e9u-stadion. Tips f\u00f6r tryck: Om namnet och numret p\u00e5 bilden exakt motsvarar dina \u00f6nskem\u00e5l m\u00e5ste [...]<\/p>","protected":false},"featured_media":12539,"comment_status":"open","ping_status":"closed","template":"","meta":[],"product_brand":[],"product_cat":[45],"product_tag":[20,21,22,23,228,24,489,490,271,47,268],"class_list":{"0":"post-12496","1":"product","2":"type-product","3":"status-publish","4":"has-post-thumbnail","6":"product_cat-real-madrid","7":"product_tag-coole-fussballtrikots","8":"product_tag-fussballtrikot-fuer-herren","9":"product_tag-fussballtrikot-guenstig-kaufen","10":"product_tag-fussballtrikot-kurzarm","11":"product_tag-guenstige-fussballtrikot","12":"product_tag-guenstiges-fussballtrikot","13":"product_tag-real-madrid-fussballtrikot","14":"product_tag-real-madrid-trikot","15":"product_tag-real-madrid-trikot-herren-guenstig","16":"product_tag-real-madrid-trikots","17":"product_tag-real-madrid-trikots-22-23","19":"first","20":"instock","21":"shipping-taxable","22":"purchasable","23":"product-type-variable"},"_links":{"self":[{"href":"https:\/\/www.billigtrikotde.com\/sv\/wp-json\/wp\/v2\/product\/12496","targetHints":{"allow":["GET"]}}],"collection":[{"href":"https:\/\/www.billigtrikotde.com\/sv\/wp-json\/wp\/v2\/product"}],"about":[{"href":"https:\/\/www.billigtrikotde.com\/sv\/wp-json\/wp\/v2\/types\/product"}],"replies":[{"embeddable":true,"href":"https:\/\/www.billigtrikotde.com\/sv\/wp-json\/wp\/v2\/comments?post=12496"}],"wp:featuredmedia":[{"embeddable":true,"href":"https:\/\/www.billigtrikotde.com\/sv\/wp-json\/wp\/v2\/media\/12539"}],"wp:attachment":[{"href":"https:\/\/www.billigtrikotde.com\/sv\/wp-json\/wp\/v2\/media?parent=12496"}],"wp:term":[{"taxonomy":"product_brand","embeddable":true,"href":"https:\/\/www.billigtrikotde.com\/sv\/wp-json\/wp\/v2\/product_brand?post=12496"},{"taxonomy":"product_cat","embeddable":true,"href":"https:\/\/www.billigtrikotde.com\/sv\/wp-json\/wp\/v2\/product_cat?post=12496"},{"taxonomy":"product_tag","embeddable":true,"href":"https:\/\/www.billigtrikotde.com\/sv\/wp-json\/wp\/v2\/product_tag?post=12496"}],"curies":[{"name":"wp","href":"https:\/\/api.w.org\/{rel}","templated":true}]}}