{"id":12487,"date":"2024-10-24T05:14:08","date_gmt":"2024-10-24T03:14:08","guid":{"rendered":"http:\/\/billigtrikots.com\/?post_type=product&#038;p=12487"},"modified":"2024-10-24T05:16:50","modified_gmt":"2024-10-24T03:16:50","slug":"fussballtrikots-fuer-herren-atletico-madrid-2022-23-drittes-trikot-kurzarm-axel-witsel-20","status":"publish","type":"product","link":"https:\/\/www.billigtrikotde.com\/sv\/fussballtrikots-fuer-herren-atletico-madrid-2022-23-drittes-trikot-kurzarm-axel-witsel-20\/","title":{"rendered":"Fotbollstr\u00f6jor f\u00f6r herrar Atl\u00e9tico Madrid 2022-23 Tredjetr\u00f6ja Kort\u00e4rmad Axel Witsel 20"},"content":{"rendered":"<p>Den tredje Nike Atl\u00e9tico Madrid 2022-23 fotbollstr\u00f6jan kombinerar olika nyanser av orange och r\u00f6tt med svart f\u00f6r swoosh. Det \u00e4r en mycket intressant och fr\u00e4sch f\u00e4rgkombination f\u00f6r klubben, inspirerad av frukten fr\u00e5n jordgubbstr\u00e4det som finns i klubbens vapensk\u00f6ld.<br \/>\nN\u00e4r det g\u00e4ller design \u00e4r den nya tredje Atl\u00e9tico-tr\u00f6jan ganska enkel. Den \u00e4r helt orange och endast manschetterna har en liten r\u00f6d accent. Logotyperna \u00e4r svarta, inklusive ett enf\u00e4rgat klubbm\u00e4rke p\u00e5 v\u00e4nster br\u00f6st p\u00e5 den tredje Atl\u00e9tico Madrid 2022-23-tr\u00f6jan.<\/p>\n<p>Tips f\u00f6r utskrift: Om namn och nummer p\u00e5 bilden \u00e4r exakt vad du vill ha, beh\u00f6ver du inte ange dem igen. Om inte, ska du ange \u00f6nskat namn och nummer.<\/p>\n<p>Tips f\u00f6r tv\u00e4tt: Det \u00e4r rekommenderat att tv\u00e4tta fotbollstr\u00f6jor f\u00f6r hand. Om du vill anv\u00e4nda tv\u00e4ttmaskinen ska du komma ih\u00e5g att v\u00e4nda fotbollstr\u00f6jorna ut och in och sedan tv\u00e4tta dem. Fyll maskinen med kallt vatten och anv\u00e4nd ett skonsamt program f\u00f6r att b\u00e4ttre skydda f\u00e4rgerna.<\/p>","protected":false},"excerpt":{"rendered":"<p>Tredje Nike Atl\u00e9tico Madrid 2022-23-fotbollstr\u00f6jan kombinerar olika orange- och r\u00f6dtoner med svart f\u00f6r swooshen. Det \u00e4r en mycket intressant och frisk f\u00e4rgkombination f\u00f6r klubben, inspirerad av frukterna fr\u00e5n svarta vinb\u00e4rstr\u00e4det som finns i klubbm\u00e4rket. N\u00e4r det g\u00e4ller designen \u00e4r den nya tredje Atl\u00e9tico-tr\u00f6jan mer ordin\u00e4r. Den \u00e4r enf\u00e4rgad [\u2026]<\/p>","protected":false},"featured_media":12528,"comment_status":"open","ping_status":"closed","template":"","meta":[],"product_brand":[],"product_cat":[88],"product_tag":[486,487,89,488,90,20,21,22,23,24],"class_list":{"0":"post-12487","1":"product","2":"type-product","3":"status-publish","4":"has-post-thumbnail","6":"product_cat-atletico-madrid","7":"product_tag-atletico-madrid-2022-23","8":"product_tag-atletico-madrid-fussballtrikot","9":"product_tag-atletico-madrid-heimtrikot","10":"product_tag-atletico-madrid-trikot","11":"product_tag-atletico-madrid-trikots","12":"product_tag-coole-fussballtrikots","13":"product_tag-fussballtrikot-fuer-herren","14":"product_tag-fussballtrikot-guenstig-kaufen","15":"product_tag-fussballtrikot-kurzarm","16":"product_tag-guenstiges-fussballtrikot","18":"first","19":"instock","20":"shipping-taxable","21":"purchasable","22":"product-type-variable"},"_links":{"self":[{"href":"https:\/\/www.billigtrikotde.com\/sv\/wp-json\/wp\/v2\/product\/12487","targetHints":{"allow":["GET"]}}],"collection":[{"href":"https:\/\/www.billigtrikotde.com\/sv\/wp-json\/wp\/v2\/product"}],"about":[{"href":"https:\/\/www.billigtrikotde.com\/sv\/wp-json\/wp\/v2\/types\/product"}],"replies":[{"embeddable":true,"href":"https:\/\/www.billigtrikotde.com\/sv\/wp-json\/wp\/v2\/comments?post=12487"}],"wp:featuredmedia":[{"embeddable":true,"href":"https:\/\/www.billigtrikotde.com\/sv\/wp-json\/wp\/v2\/media\/12528"}],"wp:attachment":[{"href":"https:\/\/www.billigtrikotde.com\/sv\/wp-json\/wp\/v2\/media?parent=12487"}],"wp:term":[{"taxonomy":"product_brand","embeddable":true,"href":"https:\/\/www.billigtrikotde.com\/sv\/wp-json\/wp\/v2\/product_brand?post=12487"},{"taxonomy":"product_cat","embeddable":true,"href":"https:\/\/www.billigtrikotde.com\/sv\/wp-json\/wp\/v2\/product_cat?post=12487"},{"taxonomy":"product_tag","embeddable":true,"href":"https:\/\/www.billigtrikotde.com\/sv\/wp-json\/wp\/v2\/product_tag?post=12487"}],"curies":[{"name":"wp","href":"https:\/\/api.w.org\/{rel}","templated":true}]}}