{"id":12328,"date":"2024-10-24T05:05:26","date_gmt":"2024-10-24T03:05:26","guid":{"rendered":"http:\/\/billigtrikots.com\/?post_type=product&#038;p=12328"},"modified":"2024-10-24T05:08:02","modified_gmt":"2024-10-24T03:08:02","slug":"personalisierte-fussballtrikots-as-roma-22-23-heimtrikot-trikotsatz-kit-pellegrini-7","status":"publish","type":"product","link":"https:\/\/www.billigtrikotde.com\/sv\/personalisierte-fussballtrikots-as-roma-22-23-heimtrikot-trikotsatz-kit-pellegrini-7\/","title":{"rendered":"Personliga fotbollstr\u00f6jor AS Roma 22-23 hemmast\u00e4ll kit PELLEGRINI 7"},"content":{"rendered":"<p>New Balance AS Roma 2022-23 Jersey har en subtil halv- och halvdesign i r\u00f6tt med gula logotyper. Halv- och halvdesignen best\u00e5r av ett intrikat m\u00f6nster med inb\u00e4ddade runda klubbm\u00e4rken fr\u00e5n 1930-talet. Henley-kragen med gul piping, som matchar en liknande detalj p\u00e5 manschetterna, kompletterar utseendet. \"Figli di Roma\" (\"Roms s\u00f6ner\") \u00e4r tryckt p\u00e5 den \u00f6vre delen av ryggen strax under kragen.<\/p>\n<p>Tips f\u00f6r utskrift: Om namn och nummer p\u00e5 bilden \u00e4r exakt vad du vill ha, beh\u00f6ver du inte ange dem igen. Om inte, ska du ange \u00f6nskat namn och nummer.<\/p>\n<p>Tips f\u00f6r tv\u00e4tt: Det \u00e4r rekommenderat att tv\u00e4tta fotbollstr\u00f6jor f\u00f6r hand. Om du vill anv\u00e4nda tv\u00e4ttmaskinen ska du komma ih\u00e5g att v\u00e4nda fotbollstr\u00f6jorna ut och in och sedan tv\u00e4tta dem. Fyll maskinen med kallt vatten och anv\u00e4nd ett skonsamt program f\u00f6r att b\u00e4ttre skydda f\u00e4rgerna.<\/p>","protected":false},"excerpt":{"rendered":"<p>Das New Balance AS Roma 2022-23 Trikot hat ein dezentes Halb-und-Halb-Design in Rot mit gelben Logos.Das Halbe-Halbe-Design besteht aus einem komplizierten Muster mit eingebetteten runden Vereinsabzeichen aus den 1930er Jahren. Der Henley-Kragen mit gelben Paspeln, die mit einem \u00e4hnlichen Detail an den \u00c4rmelb\u00fcndchen \u00fcbereinstimmen, rundet den Look ab. \u201eFigli di Roma\u201c (\u201eS\u00f6hne Roms\u201c) ist auf [&hellip;]<\/p>","protected":false},"featured_media":12370,"comment_status":"open","ping_status":"closed","template":"","meta":[],"product_brand":[],"product_cat":[85],"product_tag":[477,86,87,20,21,22,23,479,24,478],"class_list":{"0":"post-12328","1":"product","2":"type-product","3":"status-publish","4":"has-post-thumbnail","6":"product_cat-as-roma","7":"product_tag-as-roma-2022-23-trikot","8":"product_tag-as-roma-heimtrikot","9":"product_tag-as-roma-trikots","10":"product_tag-coole-fussballtrikots","11":"product_tag-fussballtrikot-fuer-herren","12":"product_tag-fussballtrikot-guenstig-kaufen","13":"product_tag-fussballtrikot-kurzarm","14":"product_tag-fussballtrikots-kaufen","15":"product_tag-guenstiges-fussballtrikot","16":"product_tag-herren-fussballtrikots","18":"first","19":"instock","20":"shipping-taxable","21":"purchasable","22":"product-type-variable"},"_links":{"self":[{"href":"https:\/\/www.billigtrikotde.com\/sv\/wp-json\/wp\/v2\/product\/12328","targetHints":{"allow":["GET"]}}],"collection":[{"href":"https:\/\/www.billigtrikotde.com\/sv\/wp-json\/wp\/v2\/product"}],"about":[{"href":"https:\/\/www.billigtrikotde.com\/sv\/wp-json\/wp\/v2\/types\/product"}],"replies":[{"embeddable":true,"href":"https:\/\/www.billigtrikotde.com\/sv\/wp-json\/wp\/v2\/comments?post=12328"}],"wp:featuredmedia":[{"embeddable":true,"href":"https:\/\/www.billigtrikotde.com\/sv\/wp-json\/wp\/v2\/media\/12370"}],"wp:attachment":[{"href":"https:\/\/www.billigtrikotde.com\/sv\/wp-json\/wp\/v2\/media?parent=12328"}],"wp:term":[{"taxonomy":"product_brand","embeddable":true,"href":"https:\/\/www.billigtrikotde.com\/sv\/wp-json\/wp\/v2\/product_brand?post=12328"},{"taxonomy":"product_cat","embeddable":true,"href":"https:\/\/www.billigtrikotde.com\/sv\/wp-json\/wp\/v2\/product_cat?post=12328"},{"taxonomy":"product_tag","embeddable":true,"href":"https:\/\/www.billigtrikotde.com\/sv\/wp-json\/wp\/v2\/product_tag?post=12328"}],"curies":[{"name":"wp","href":"https:\/\/api.w.org\/{rel}","templated":true}]}}