{"id":12203,"date":"2024-10-24T04:58:30","date_gmt":"2024-10-24T02:58:30","guid":{"rendered":"http:\/\/billigtrikots.com\/?post_type=product&#038;p=12203"},"modified":"2024-10-24T05:00:45","modified_gmt":"2024-10-24T03:00:45","slug":"guenstige-fussball-trikotsatz-portugal-heimtrikot-wm-2022-kurzarm-rui-patricio-1","status":"publish","type":"product","link":"https:\/\/www.billigtrikotde.com\/sv\/guenstige-fussball-trikotsatz-portugal-heimtrikot-wm-2022-kurzarm-rui-patricio-1\/","title":{"rendered":"Billiga Fotbollstr\u00f6ja Portugal Hemmatr\u00f6ja VM 2022 Kort\u00e4rmad RUI PATRICIO 1"},"content":{"rendered":"<p>En fr\u00e4sch men \u00e4nd\u00e5 klassisk look f\u00f6r Portugal: Nike Portugal 2022 bortatr\u00f6ja kombinerar ett gr\u00e4ddvitt basm\u00f6nster med en marinbl\u00e5 Swoosh. Officiellt \u00e4r f\u00e4rgerna \"Sail\/Obsidian\", medan \"Pepper Red\" \u00e4r den tredje f\u00e4rgen och enligt Nike valdes den n\u00e5got m\u00f6rkare f\u00e4rgen s\u00e5 att portugiserna \"sticker ut i ett hav av ljusa vita tr\u00f6jor\".<\/p>\n<p>Tips f\u00f6r utskrift: Om namn och nummer p\u00e5 bilden \u00e4r exakt vad du vill ha, beh\u00f6ver du inte ange dem igen. Om inte, ska du ange \u00f6nskat namn och nummer.<\/p>\n<p>Tips f\u00f6r tv\u00e4tt: Det \u00e4r rekommenderat att tv\u00e4tta fotbollstr\u00f6jor f\u00f6r hand. Om du vill anv\u00e4nda tv\u00e4ttmaskinen ska du komma ih\u00e5g att v\u00e4nda fotbollstr\u00f6jorna ut och in och sedan tv\u00e4tta dem. Fyll maskinen med kallt vatten och anv\u00e4nd ett skonsamt program f\u00f6r att b\u00e4ttre skydda f\u00e4rgerna.<\/p>","protected":false},"excerpt":{"rendered":"<p>En fr\u00e4sch men \u00e4nd\u00e5 klassisk look f\u00f6r Portugal: Nike Portugal 2022 bortatr\u00f6ja kombinerar ett gr\u00e4ddvitt basm\u00f6nster med en marinbl\u00e5 Swoosh. Officiellt \u00e4r f\u00e4rgerna \"Sail\/Obsidian\", medan \"Pepper Red\" \u00e4r den tredje f\u00e4rgen och enligt Nike valdes den n\u00e5got m\u00f6rkare f\u00e4rgen s\u00e5 att portugiserna \"sticker ut i ett hav av ljusa vita tr\u00f6jor\".<\/p>","protected":false},"featured_media":12241,"comment_status":"open","ping_status":"closed","template":"","meta":[],"product_brand":[],"product_cat":[239],"product_tag":[20,222,21,23,24,470,473,474,471,347,472],"class_list":{"0":"post-12203","1":"product","2":"type-product","3":"status-publish","4":"has-post-thumbnail","6":"product_cat-portugal-trikots","7":"product_tag-coole-fussballtrikots","8":"product_tag-fussball-wm-2022-trikots","9":"product_tag-fussballtrikot-fuer-herren","10":"product_tag-fussballtrikot-kurzarm","11":"product_tag-guenstiges-fussballtrikot","12":"product_tag-herren-fussball-kurzarm","13":"product_tag-portugal-fussballtrikot","14":"product_tag-portugal-nationaltrikot","15":"product_tag-portugal-trikot","16":"product_tag-portugal-trikots","17":"product_tag-portugal-wm-2022-trikot","19":"first","20":"instock","21":"shipping-taxable","22":"purchasable","23":"product-type-variable"},"_links":{"self":[{"href":"https:\/\/www.billigtrikotde.com\/sv\/wp-json\/wp\/v2\/product\/12203","targetHints":{"allow":["GET"]}}],"collection":[{"href":"https:\/\/www.billigtrikotde.com\/sv\/wp-json\/wp\/v2\/product"}],"about":[{"href":"https:\/\/www.billigtrikotde.com\/sv\/wp-json\/wp\/v2\/types\/product"}],"replies":[{"embeddable":true,"href":"https:\/\/www.billigtrikotde.com\/sv\/wp-json\/wp\/v2\/comments?post=12203"}],"wp:featuredmedia":[{"embeddable":true,"href":"https:\/\/www.billigtrikotde.com\/sv\/wp-json\/wp\/v2\/media\/12241"}],"wp:attachment":[{"href":"https:\/\/www.billigtrikotde.com\/sv\/wp-json\/wp\/v2\/media?parent=12203"}],"wp:term":[{"taxonomy":"product_brand","embeddable":true,"href":"https:\/\/www.billigtrikotde.com\/sv\/wp-json\/wp\/v2\/product_brand?post=12203"},{"taxonomy":"product_cat","embeddable":true,"href":"https:\/\/www.billigtrikotde.com\/sv\/wp-json\/wp\/v2\/product_cat?post=12203"},{"taxonomy":"product_tag","embeddable":true,"href":"https:\/\/www.billigtrikotde.com\/sv\/wp-json\/wp\/v2\/product_tag?post=12203"}],"curies":[{"name":"wp","href":"https:\/\/api.w.org\/{rel}","templated":true}]}}