{"id":1217,"date":"2024-10-23T13:21:00","date_gmt":"2024-10-23T11:21:00","guid":{"rendered":"http:\/\/billigtrikots.com\/?post_type=product&#038;p=1217"},"modified":"2024-10-23T13:23:01","modified_gmt":"2024-10-23T11:23:01","slug":"manchester-united-2022-herren-heim-trikotsatz-bailly-3-rot-weiss-im-sale","status":"publish","type":"product","link":"https:\/\/www.billigtrikotde.com\/sv\/manchester-united-2022-herren-heim-trikotsatz-bailly-3-rot-weiss-im-sale\/","title":{"rendered":"Manchester United 2022 Hemmast\u00e4ll f\u00f6r herrar Bailly 3 r\u00f6d\/vit till salu"},"content":{"rendered":"<p>Visa ditt lagstolthet och st\u00f6tta Manchester United s\u00e4songen 2021\/2022 i den officiella a-didas hemmatr\u00f6jan f\u00f6r herrar. Fan-versionen av hemmatr\u00f6jan ser ut som modellen som United-proffsen b\u00e4r p\u00e5 matchdagar. Primegreen-materialet \u00e4r gjort av \u00e5tervunnen polyester och ger tack vare den fuktavledande AEROREADY-teknologin en behagligt torr k\u00e4nsla. Klubbloggan p\u00e5 br\u00f6stet understryker vilken klubb ditt hj\u00e4rta sl\u00e5r f\u00f6r.<\/p>\n<p>Tips f\u00f6r utskrift: Om namn och nummer p\u00e5 bilden \u00e4r exakt vad du vill ha, beh\u00f6ver du inte ange dem igen. Om inte, ska du ange \u00f6nskat namn och nummer.<\/p>\n<p>Tips f\u00f6r tv\u00e4tt: Det \u00e4r rekommenderat att tv\u00e4tta fotbollstr\u00f6jor f\u00f6r hand. Om du vill anv\u00e4nda tv\u00e4ttmaskinen ska du komma ih\u00e5g att v\u00e4nda fotbollstr\u00f6jorna ut och in och sedan tv\u00e4tta dem. Fyll maskinen med kallt vatten och anv\u00e4nd ett skonsamt program f\u00f6r att b\u00e4ttre skydda f\u00e4rgerna.<\/p>","protected":false},"excerpt":{"rendered":"<p>Zeige deinen Teamstolz und unterst\u00fctze Manchester United in der Saison 2021\/2022 im offiziellen a-didas Heimtrikot f\u00fcr Herren. Die Fan-Version des Home Jerseys sieht aus wie das Modell, das die United-Profis an Spieltagen tragen. Das Primegreen-Material besteht aus recyceltem Polyester und sorgt dank der feuchtigkeitsableitenden AEROREADY-Technologie f\u00fcr ein angenehm trockenes Tragegef\u00fchl. Das Vereinswappen auf der Brust [&hellip;]<\/p>","protected":false},"featured_media":1264,"comment_status":"open","ping_status":"closed","template":"","meta":[],"product_brand":[],"product_cat":[50],"product_tag":[20,21,22,23,54,24,52],"class_list":{"0":"post-1217","1":"product","2":"type-product","3":"status-publish","4":"has-post-thumbnail","6":"product_cat-manchester-united","7":"product_tag-coole-fussballtrikots","8":"product_tag-fussballtrikot-fuer-herren","9":"product_tag-fussballtrikot-guenstig-kaufen","10":"product_tag-fussballtrikot-kurzarm","11":"product_tag-fussballtrikot-set","12":"product_tag-guenstiges-fussballtrikot","13":"product_tag-manchester-united-trikots","15":"first","16":"instock","17":"shipping-taxable","18":"purchasable","19":"product-type-variable"},"_links":{"self":[{"href":"https:\/\/www.billigtrikotde.com\/sv\/wp-json\/wp\/v2\/product\/1217","targetHints":{"allow":["GET"]}}],"collection":[{"href":"https:\/\/www.billigtrikotde.com\/sv\/wp-json\/wp\/v2\/product"}],"about":[{"href":"https:\/\/www.billigtrikotde.com\/sv\/wp-json\/wp\/v2\/types\/product"}],"replies":[{"embeddable":true,"href":"https:\/\/www.billigtrikotde.com\/sv\/wp-json\/wp\/v2\/comments?post=1217"}],"wp:featuredmedia":[{"embeddable":true,"href":"https:\/\/www.billigtrikotde.com\/sv\/wp-json\/wp\/v2\/media\/1264"}],"wp:attachment":[{"href":"https:\/\/www.billigtrikotde.com\/sv\/wp-json\/wp\/v2\/media?parent=1217"}],"wp:term":[{"taxonomy":"product_brand","embeddable":true,"href":"https:\/\/www.billigtrikotde.com\/sv\/wp-json\/wp\/v2\/product_brand?post=1217"},{"taxonomy":"product_cat","embeddable":true,"href":"https:\/\/www.billigtrikotde.com\/sv\/wp-json\/wp\/v2\/product_cat?post=1217"},{"taxonomy":"product_tag","embeddable":true,"href":"https:\/\/www.billigtrikotde.com\/sv\/wp-json\/wp\/v2\/product_tag?post=1217"}],"curies":[{"name":"wp","href":"https:\/\/api.w.org\/{rel}","templated":true}]}}