{"id":12153,"date":"2024-10-24T04:55:20","date_gmt":"2024-10-24T02:55:20","guid":{"rendered":"http:\/\/billigtrikots.com\/?post_type=product&#038;p=12153"},"modified":"2024-10-24T04:58:22","modified_gmt":"2024-10-24T02:58:22","slug":"personalisierbar-fussballtrikot-portugal-wm-2022-auswaertstrikot-online-bestellen","status":"publish","type":"product","link":"https:\/\/www.billigtrikotde.com\/sv\/personalisierbar-fussballtrikot-portugal-wm-2022-auswaertstrikot-online-bestellen\/","title":{"rendered":"Best\u00e4ll skr\u00e4ddarsydda bortast\u00e4ll f\u00f6r Portugal World Cup 2022 online"},"content":{"rendered":"<p>En fr\u00e4sch och \u00e4nd\u00e5 klassisk look f\u00f6r Sverige: Nike Sveriges bortatr\u00f6ja 2022 kombinerar ett kr\u00e4mvitt grundm\u00f6nster med marinbl\u00e5 Swoosh. Officiellt \u00e4r f\u00e4rgerna \u201eSail\/Obsidian\u201c, medan \u201ePepper Red\u201c \u00e4r den tredje f\u00e4rgen. Enligt Nike valdes den n\u00e5got m\u00f6rkare f\u00e4rgen f\u00f6r att svenskarna ska \u201esticka ut i ett hav av ljusvita tr\u00f6jor\u201c.<\/p>\n<p>Tips f\u00f6r utskrift: Om namn och nummer p\u00e5 bilden \u00e4r exakt vad du vill ha, beh\u00f6ver du inte ange dem igen. Om inte, ska du ange \u00f6nskat namn och nummer.<\/p>\n<p>Tips f\u00f6r tv\u00e4tt: Det \u00e4r rekommenderat att tv\u00e4tta fotbollstr\u00f6jor f\u00f6r hand. Om du vill anv\u00e4nda tv\u00e4ttmaskinen ska du komma ih\u00e5g att v\u00e4nda fotbollstr\u00f6jorna ut och in och sedan tv\u00e4tta dem. Fyll maskinen med kallt vatten och anv\u00e4nd ett skonsamt program f\u00f6r att b\u00e4ttre skydda f\u00e4rgerna.<\/p>","protected":false},"excerpt":{"rendered":"<p>En fr\u00e4sch och \u00e4nd\u00e5 klassisk look f\u00f6r Sverige: Nike Sveriges bortatr\u00f6ja 2022 kombinerar ett kr\u00e4mvitt grundm\u00f6nster med marinbl\u00e5 Swoosh. Officiellt \u00e4r f\u00e4rgerna \u201eSail\/Obsidian\u201c, medan \u201ePepper Red\u201c \u00e4r den tredje f\u00e4rgen. Enligt Nike valdes den n\u00e5got m\u00f6rkare f\u00e4rgen f\u00f6r att svenskarna ska \u201esticka ut i ett hav av ljusvita tr\u00f6jor\u201c.<\/p>","protected":false},"featured_media":12192,"comment_status":"open","ping_status":"closed","template":"","meta":[],"product_brand":[],"product_cat":[239],"product_tag":[20,222,21,23,24,470,471,347,472],"class_list":{"0":"post-12153","1":"product","2":"type-product","3":"status-publish","4":"has-post-thumbnail","6":"product_cat-portugal-trikots","7":"product_tag-coole-fussballtrikots","8":"product_tag-fussball-wm-2022-trikots","9":"product_tag-fussballtrikot-fuer-herren","10":"product_tag-fussballtrikot-kurzarm","11":"product_tag-guenstiges-fussballtrikot","12":"product_tag-herren-fussball-kurzarm","13":"product_tag-portugal-trikot","14":"product_tag-portugal-trikots","15":"product_tag-portugal-wm-2022-trikot","17":"first","18":"instock","19":"shipping-taxable","20":"purchasable","21":"product-type-variable"},"_links":{"self":[{"href":"https:\/\/www.billigtrikotde.com\/sv\/wp-json\/wp\/v2\/product\/12153","targetHints":{"allow":["GET"]}}],"collection":[{"href":"https:\/\/www.billigtrikotde.com\/sv\/wp-json\/wp\/v2\/product"}],"about":[{"href":"https:\/\/www.billigtrikotde.com\/sv\/wp-json\/wp\/v2\/types\/product"}],"replies":[{"embeddable":true,"href":"https:\/\/www.billigtrikotde.com\/sv\/wp-json\/wp\/v2\/comments?post=12153"}],"wp:featuredmedia":[{"embeddable":true,"href":"https:\/\/www.billigtrikotde.com\/sv\/wp-json\/wp\/v2\/media\/12192"}],"wp:attachment":[{"href":"https:\/\/www.billigtrikotde.com\/sv\/wp-json\/wp\/v2\/media?parent=12153"}],"wp:term":[{"taxonomy":"product_brand","embeddable":true,"href":"https:\/\/www.billigtrikotde.com\/sv\/wp-json\/wp\/v2\/product_brand?post=12153"},{"taxonomy":"product_cat","embeddable":true,"href":"https:\/\/www.billigtrikotde.com\/sv\/wp-json\/wp\/v2\/product_cat?post=12153"},{"taxonomy":"product_tag","embeddable":true,"href":"https:\/\/www.billigtrikotde.com\/sv\/wp-json\/wp\/v2\/product_tag?post=12153"}],"curies":[{"name":"wp","href":"https:\/\/api.w.org\/{rel}","templated":true}]}}