{"id":12032,"date":"2024-10-24T04:48:10","date_gmt":"2024-10-24T02:48:10","guid":{"rendered":"http:\/\/billigtrikots.com\/?post_type=product&#038;p=12032"},"modified":"2024-10-24T04:50:51","modified_gmt":"2024-10-24T02:50:51","slug":"herren-borussia-dortmund-bvb-auswaertstrikot-2022-23-guenstig-fussballtrikots-set","status":"publish","type":"product","link":"https:\/\/www.billigtrikotde.com\/sv\/herren-borussia-dortmund-bvb-auswaertstrikot-2022-23-guenstig-fussballtrikots-set\/","title":{"rendered":"Borussia Dortmund BVB Bortatr\u00f6ja 2022\/23 Billiga Fotbollstr\u00f6jor Set f\u00f6r herrar"},"content":{"rendered":"<p>Ska uppm\u00e4rksamhet. Hem- och bortamatcher m\u00f6ts i bortatr\u00f6jan 2022\/23 fr\u00e5n Borussia Dortmund. Tr\u00f6jan \u00e4r en hyllning till de galnaste fansen. Den har f\u00e4rgkoordinerade grafiker som p\u00e5minner om flaggor och banderoller som pryder l\u00e4ktarna n\u00e4r BVB spelar, oavsett var eller n\u00e4r \u2013 och oavsett vad som h\u00e4nder. Heja BVB!<\/p>\n<p>Tips f\u00f6r utskrift: Om namn och nummer p\u00e5 bilden \u00e4r exakt vad du vill ha, beh\u00f6ver du inte ange dem igen. Om inte, ska du ange \u00f6nskat namn och nummer.<\/p>\n<p>Tips f\u00f6r tv\u00e4tt: Det \u00e4r rekommenderat att tv\u00e4tta fotbollstr\u00f6jor f\u00f6r hand. Om du vill anv\u00e4nda tv\u00e4ttmaskinen ska du komma ih\u00e5g att v\u00e4nda fotbollstr\u00f6jorna ut och in och sedan tv\u00e4tta dem. Fyll maskinen med kallt vatten och anv\u00e4nd ett skonsamt program f\u00f6r att b\u00e4ttre skydda f\u00e4rgerna.<\/p>","protected":false},"excerpt":{"rendered":"<p>Ska uppm\u00e4rksamhet. Hem- och bortamatcher m\u00f6ts i bortatr\u00f6jan 2022\/23 fr\u00e5n Borussia Dortmund. Tr\u00f6jan \u00e4r en hyllning till de galnaste fansen. Den har f\u00e4rgkoordinerade grafiker som p\u00e5minner om flaggor och banderoller som pryder l\u00e4ktarna n\u00e4r BVB spelar, oavsett var eller n\u00e4r \u2013 och oavsett vad som h\u00e4nder. Heja BVB!<\/p>","protected":false},"featured_media":12073,"comment_status":"open","ping_status":"closed","template":"","meta":[],"product_brand":[],"product_cat":[63],"product_tag":[20,68,65,66,67,21,22,23,24],"class_list":{"0":"post-12032","1":"product","2":"type-product","3":"status-publish","4":"has-post-thumbnail","6":"product_cat-borussia-dortmund","7":"product_tag-coole-fussballtrikots","8":"product_tag-borussia-dortmund-auswaertstrikot","9":"product_tag-borussia-dortmund-trikots","10":"product_tag-bvb-trikots","11":"product_tag-fussball-trikotsatz","12":"product_tag-fussballtrikot-fuer-herren","13":"product_tag-fussballtrikot-guenstig-kaufen","14":"product_tag-fussballtrikot-kurzarm","15":"product_tag-guenstiges-fussballtrikot","17":"first","18":"instock","19":"shipping-taxable","20":"purchasable","21":"product-type-variable"},"_links":{"self":[{"href":"https:\/\/www.billigtrikotde.com\/sv\/wp-json\/wp\/v2\/product\/12032","targetHints":{"allow":["GET"]}}],"collection":[{"href":"https:\/\/www.billigtrikotde.com\/sv\/wp-json\/wp\/v2\/product"}],"about":[{"href":"https:\/\/www.billigtrikotde.com\/sv\/wp-json\/wp\/v2\/types\/product"}],"replies":[{"embeddable":true,"href":"https:\/\/www.billigtrikotde.com\/sv\/wp-json\/wp\/v2\/comments?post=12032"}],"wp:featuredmedia":[{"embeddable":true,"href":"https:\/\/www.billigtrikotde.com\/sv\/wp-json\/wp\/v2\/media\/12073"}],"wp:attachment":[{"href":"https:\/\/www.billigtrikotde.com\/sv\/wp-json\/wp\/v2\/media?parent=12032"}],"wp:term":[{"taxonomy":"product_brand","embeddable":true,"href":"https:\/\/www.billigtrikotde.com\/sv\/wp-json\/wp\/v2\/product_brand?post=12032"},{"taxonomy":"product_cat","embeddable":true,"href":"https:\/\/www.billigtrikotde.com\/sv\/wp-json\/wp\/v2\/product_cat?post=12032"},{"taxonomy":"product_tag","embeddable":true,"href":"https:\/\/www.billigtrikotde.com\/sv\/wp-json\/wp\/v2\/product_tag?post=12032"}],"curies":[{"name":"wp","href":"https:\/\/api.w.org\/{rel}","templated":true}]}}