{"id":1203,"date":"2024-10-23T13:20:31","date_gmt":"2024-10-23T11:20:31","guid":{"rendered":"http:\/\/billigtrikots.com\/?post_type=product&#038;p=1203"},"modified":"2024-10-23T13:22:30","modified_gmt":"2024-10-23T11:22:30","slug":"manchester-united-2022-herren-trikot-blau-mit-aufdruck-henderson-26","status":"publish","type":"product","link":"https:\/\/www.billigtrikotde.com\/sv\/manchester-united-2022-herren-trikot-blau-mit-aufdruck-henderson-26\/","title":{"rendered":"Manchester United 2022 Herrtr\u00f6ja bl\u00e5 med tryck Henderson 26"},"content":{"rendered":"<p>Vi blickar tillbaka p\u00e5 \u00e5rtiondet d\u00e5 Manchester United kl\u00e4ttrade till Englands fotbollstron. Tio \u00e5r som pr\u00e4glats av unga superstj\u00e4rnors talang. Ingen \u00f6verraskning allts\u00e5 att vi har l\u00e5tit oss inspireras av denna away-tr\u00f6ja fr\u00e5n 90-talet. Designen blandar en klassisk bortatr\u00f6ja med den typiska adidas Equipment Style f\u00f6r ett sj\u00e4lvs\u00e4kert look. Versionen f\u00f6r fans ger dig tack vare det mjuka materialet med fuktavledande AEROREADY-teknik en bekv\u00e4m b\u00e4rk\u00e4nsla. Och den tv\u00e5f\u00e4rgade a-didas-logotypen g\u00f6r minnet av d\u00e5tiden perfekt.<\/p>\n<p>Tips f\u00f6r utskrift: Om namn och nummer p\u00e5 bilden \u00e4r exakt vad du vill ha, beh\u00f6ver du inte ange dem igen. Om inte, ska du ange \u00f6nskat namn och nummer.<\/p>\n<p>Tips f\u00f6r tv\u00e4tt: Det \u00e4r rekommenderat att tv\u00e4tta fotbollstr\u00f6jor f\u00f6r hand. Om du vill anv\u00e4nda tv\u00e4ttmaskinen ska du komma ih\u00e5g att v\u00e4nda fotbollstr\u00f6jorna ut och in och sedan tv\u00e4tta dem. Fyll maskinen med kallt vatten och anv\u00e4nd ett skonsamt program f\u00f6r att b\u00e4ttre skydda f\u00e4rgerna.<\/p>","protected":false},"excerpt":{"rendered":"<p>Wir blicken auf das Jahrzehnt zur\u00fcck, in dem Manchester United den englischen Fu\u00dfball-Thron erklomm. Zehn Jahre, die von dem Talent der jungen Superkicker gepr\u00e4gt waren. Kein Wunder also, dass wir uns f\u00fcr dieses Ausweichtrikot von den 90ern haben inspirieren lassen. Das Design mixt eine klassische Ausw\u00e4rtsausr\u00fcstung mit dem typischen adidas Equipment Style f\u00fcr einen selbstbewussten [&hellip;]<\/p>","protected":false},"featured_media":1247,"comment_status":"open","ping_status":"closed","template":"","meta":[],"product_brand":[],"product_cat":[50],"product_tag":[20,21,22,23,24,53,52],"class_list":{"0":"post-1203","1":"product","2":"type-product","3":"status-publish","4":"has-post-thumbnail","6":"product_cat-manchester-united","7":"product_tag-coole-fussballtrikots","8":"product_tag-fussballtrikot-fuer-herren","9":"product_tag-fussballtrikot-guenstig-kaufen","10":"product_tag-fussballtrikot-kurzarm","11":"product_tag-guenstiges-fussballtrikot","12":"product_tag-manchester-united-ausweichtrikot","13":"product_tag-manchester-united-trikots","15":"first","16":"instock","17":"shipping-taxable","18":"purchasable","19":"product-type-variable"},"_links":{"self":[{"href":"https:\/\/www.billigtrikotde.com\/sv\/wp-json\/wp\/v2\/product\/1203","targetHints":{"allow":["GET"]}}],"collection":[{"href":"https:\/\/www.billigtrikotde.com\/sv\/wp-json\/wp\/v2\/product"}],"about":[{"href":"https:\/\/www.billigtrikotde.com\/sv\/wp-json\/wp\/v2\/types\/product"}],"replies":[{"embeddable":true,"href":"https:\/\/www.billigtrikotde.com\/sv\/wp-json\/wp\/v2\/comments?post=1203"}],"wp:featuredmedia":[{"embeddable":true,"href":"https:\/\/www.billigtrikotde.com\/sv\/wp-json\/wp\/v2\/media\/1247"}],"wp:attachment":[{"href":"https:\/\/www.billigtrikotde.com\/sv\/wp-json\/wp\/v2\/media?parent=1203"}],"wp:term":[{"taxonomy":"product_brand","embeddable":true,"href":"https:\/\/www.billigtrikotde.com\/sv\/wp-json\/wp\/v2\/product_brand?post=1203"},{"taxonomy":"product_cat","embeddable":true,"href":"https:\/\/www.billigtrikotde.com\/sv\/wp-json\/wp\/v2\/product_cat?post=1203"},{"taxonomy":"product_tag","embeddable":true,"href":"https:\/\/www.billigtrikotde.com\/sv\/wp-json\/wp\/v2\/product_tag?post=1203"}],"curies":[{"name":"wp","href":"https:\/\/api.w.org\/{rel}","templated":true}]}}