{"id":11968,"date":"2024-10-24T04:44:14","date_gmt":"2024-10-24T02:44:14","guid":{"rendered":"http:\/\/billigtrikots.com\/?post_type=product&#038;p=11968"},"modified":"2025-10-16T16:03:39","modified_gmt":"2025-10-16T14:03:39","slug":"herren-real-madrid-2022-2023-auswaertstrikots-bestellen-mit-aufdruck-camavinga-25","status":"publish","type":"product","link":"https:\/\/www.billigtrikotde.com\/sv\/herren-real-madrid-2022-2023-auswaertstrikots-bestellen-mit-aufdruck-camavinga-25\/","title":{"rendered":"Best\u00e4ll Real Madrid 2022-2023 bortatr\u00f6ja f\u00f6r herrar med CAMAVINGA 25 tryck"},"content":{"rendered":"<p>Adidas Real Madrid 2022-23 Bortatr\u00f6jan \u00e4r lila. Den officiella f\u00e4rgen \u00e4r \u201eLight Purple\u201c, som ocks\u00e5 syns p\u00e5 22-23-tr\u00f6jan.<\/p>\n<p>P\u00e5 framsidan och \u00e4rmarna av Real Madrid 2022-2023 Bortatr\u00f6jan finns ett diskret geometriskt tryck som best\u00e5r av diagonala kakel.<\/p>\n<p>Adidas kombinerar den ljusa huvudf\u00e4rgen p\u00e5 Real Madrid 22-23 Bortatr\u00f6jan med \u201eNight Navy\u201c, en mycket m\u00f6rk marinbl\u00e5 f\u00e4rg. Denna f\u00e4rg anv\u00e4nds f\u00f6r kragen, \u00e4rmbanden och all branding, inklusive det nyutformade klubbm\u00e4rket p\u00e5 v\u00e4nster br\u00f6st.<\/p>\n<p>Tips f\u00f6r utskrift: Om namn och nummer p\u00e5 bilden \u00e4r exakt vad du vill ha, beh\u00f6ver du inte ange dem igen. Om inte, ska du ange \u00f6nskat namn och nummer.<\/p>\n<p>Tips f\u00f6r tv\u00e4tt: Det \u00e4r rekommenderat att tv\u00e4tta fotbollstr\u00f6jor f\u00f6r hand. Om du vill anv\u00e4nda tv\u00e4ttmaskinen ska du komma ih\u00e5g att v\u00e4nda fotbollstr\u00f6jorna ut och in och sedan tv\u00e4tta dem. Fyll maskinen med kallt vatten och anv\u00e4nd ett skonsamt program f\u00f6r att b\u00e4ttre skydda f\u00e4rgerna.<\/p>","protected":false},"excerpt":{"rendered":"<p>Adidas Real Madrid 2022-23 Bortatr\u00f6jan \u00e4r lila. Den officiella f\u00e4rgen \u00e4r \u201eLight Purple\u201c, som ocks\u00e5 syns p\u00e5 22-23-tr\u00f6jan. P\u00e5 framsidan och \u00e4rmarna av Real Madrid 2022-2023 Bortatr\u00f6jan finns ett diskret geometriskt tryck som best\u00e5r av diagonala kakel. Adidas kombinerar den ljusa huvudf\u00e4rgen p\u00e5 Real Madrid 22-23 Bortatr\u00f6jan [\u2026]<\/p>","protected":false},"featured_media":12011,"comment_status":"open","ping_status":"closed","template":"","meta":[],"product_brand":[],"product_cat":[45],"product_tag":[20,38,21,22,23,228,24,291,49,271,47,268],"class_list":{"0":"post-11968","1":"product","2":"type-product","3":"status-publish","4":"has-post-thumbnail","6":"product_cat-real-madrid","7":"product_tag-coole-fussballtrikots","8":"product_tag-fussball-trikot-langarm","9":"product_tag-fussballtrikot-fuer-herren","10":"product_tag-fussballtrikot-guenstig-kaufen","11":"product_tag-fussballtrikot-kurzarm","12":"product_tag-guenstige-fussballtrikot","13":"product_tag-guenstiges-fussballtrikot","14":"product_tag-real-madrid-2022-2023-auswaertstrikots","15":"product_tag-real-madrid-auswaertstrikot","16":"product_tag-real-madrid-trikot-herren-guenstig","17":"product_tag-real-madrid-trikots","18":"product_tag-real-madrid-trikots-22-23","20":"first","21":"instock","22":"shipping-taxable","23":"purchasable","24":"product-type-variable"},"_links":{"self":[{"href":"https:\/\/www.billigtrikotde.com\/sv\/wp-json\/wp\/v2\/product\/11968","targetHints":{"allow":["GET"]}}],"collection":[{"href":"https:\/\/www.billigtrikotde.com\/sv\/wp-json\/wp\/v2\/product"}],"about":[{"href":"https:\/\/www.billigtrikotde.com\/sv\/wp-json\/wp\/v2\/types\/product"}],"replies":[{"embeddable":true,"href":"https:\/\/www.billigtrikotde.com\/sv\/wp-json\/wp\/v2\/comments?post=11968"}],"wp:featuredmedia":[{"embeddable":true,"href":"https:\/\/www.billigtrikotde.com\/sv\/wp-json\/wp\/v2\/media\/12011"}],"wp:attachment":[{"href":"https:\/\/www.billigtrikotde.com\/sv\/wp-json\/wp\/v2\/media?parent=11968"}],"wp:term":[{"taxonomy":"product_brand","embeddable":true,"href":"https:\/\/www.billigtrikotde.com\/sv\/wp-json\/wp\/v2\/product_brand?post=11968"},{"taxonomy":"product_cat","embeddable":true,"href":"https:\/\/www.billigtrikotde.com\/sv\/wp-json\/wp\/v2\/product_cat?post=11968"},{"taxonomy":"product_tag","embeddable":true,"href":"https:\/\/www.billigtrikotde.com\/sv\/wp-json\/wp\/v2\/product_tag?post=11968"}],"curies":[{"name":"wp","href":"https:\/\/api.w.org\/{rel}","templated":true}]}}