{"id":11949,"date":"2024-10-24T04:43:05","date_gmt":"2024-10-24T02:43:05","guid":{"rendered":"http:\/\/billigtrikots.com\/?post_type=product&#038;p=11949"},"modified":"2024-10-24T04:45:50","modified_gmt":"2024-10-24T02:45:50","slug":"kinder-fc-barcelona-22-23-viertes-trikot-kurzarm-kurze-hosen-on-sale","status":"publish","type":"product","link":"https:\/\/www.billigtrikotde.com\/sv\/kinder-fc-barcelona-22-23-viertes-trikot-kurzarm-kurze-hosen-on-sale\/","title":{"rendered":"Barn FC Barcelona 22-23 Fourth Shirt Kort\u00e4rmad + Shorts P\u00e5 rea"},"content":{"rendered":"<p>Den nya fj\u00e4rde tr\u00f6jan f\u00f6r FC Barcelona s\u00e4songen 22-23 presenterades under slagordet \u201c + Catalunya + Bar\u00e7a\u201c och f\u00f6rmedlar Bar\u00e7a-ih\u00e5g och stolthet \u00f6ver att komma fr\u00e5n Barcelona och Katalonien. Tr\u00f6jan \u00e4r inspirerad av kaptensbandet och kommer att b\u00e4ras f\u00f6r f\u00f6rsta g\u00e5ngen i en obligatorisk match mot FC Girona i Montilivi n\u00e4sta l\u00f6rdag.<br \/>\nNike Barcelona 22-23 fj\u00e4rde tr\u00f6ja kombinerar f\u00e4rgerna i Senyera, gult och r\u00f6tt, med bl\u00e5tt. Barcelonas badge och Spotify-logotypen \u00e4r placerade i mitten, medan varje \u00e4rm har en Swoosh. Det mest p\u00e5fallande elementet i den fj\u00e4rde Barcelona-tr\u00f6jan \u00e4r Senyera-flaggan (fj\u00e4rde r\u00f6da streck p\u00e5 gul bakgrund) p\u00e5 framsidan uppe. Den \u00e4r samma som \u00e4ven ses p\u00e5 kaptensbandet. De bl\u00e5grana \u00e4rmband i reklam ger Nike Bar\u00e7a 22-23 4th-tr\u00f6jan en extra touch. Den fj\u00e4rde tr\u00f6jan fr\u00e5n Barcelona 22-23 har ett liknande m\u00f6nster som USA:s tr\u00f6ja f\u00f6r VM 2022.<\/p>\n<p>Tips f\u00f6r utskrift: Om namn och nummer p\u00e5 bilden \u00e4r exakt vad du vill ha, beh\u00f6ver du inte ange dem igen. Om inte, ska du ange \u00f6nskat namn och nummer.<\/p>\n<p>Tips f\u00f6r tv\u00e4tt: Det \u00e4r rekommenderat att tv\u00e4tta fotbollstr\u00f6jor f\u00f6r hand. Om du vill anv\u00e4nda tv\u00e4ttmaskinen ska du komma ih\u00e5g att v\u00e4nda fotbollstr\u00f6jorna ut och in och sedan tv\u00e4tta dem. Fyll maskinen med kallt vatten och anv\u00e4nd ett skonsamt program f\u00f6r att b\u00e4ttre skydda f\u00e4rgerna.<\/p>","protected":false},"excerpt":{"rendered":"<p>Das neue vierte Trikot des FC Barcelona f\u00fcr die Saison 22-23 wurde unter dem Slogan \u201c + Catalunya + Bar\u00e7a\u201c vorgestellt. Es vermittelt den Geist von Bar\u00e7a und den Stolz, aus Barcelona und Katalonien zu stammen. Das Trikot ist von der Kapit\u00e4nsbinde inspiriert und wird zum ersten Mal in einem Pflichtspiel gegen den FC Girona [&hellip;]<\/p>","protected":false},"featured_media":11992,"comment_status":"open","ping_status":"closed","template":"","meta":[],"product_brand":[],"product_cat":[146],"product_tag":[147,459,20,460,33,21,22,23,24,94],"class_list":{"0":"post-11949","1":"product","2":"type-product","3":"status-publish","4":"has-post-thumbnail","6":"product_cat-barcelona-kindertrikot","7":"product_tag-barcelona-trikotsatz-fuer-kinder","8":"product_tag-barcelona-viertes-trikot","9":"product_tag-coole-fussballtrikots","10":"product_tag-deutschland-fussballtrikots","11":"product_tag-fc-barcelona-trikots","12":"product_tag-fussballtrikot-fuer-herren","13":"product_tag-fussballtrikot-guenstig-kaufen","14":"product_tag-fussballtrikot-kurzarm","15":"product_tag-guenstiges-fussballtrikot","16":"product_tag-kinder-fussball-trikotsatz","18":"first","19":"instock","20":"shipping-taxable","21":"purchasable","22":"product-type-variable"},"_links":{"self":[{"href":"https:\/\/www.billigtrikotde.com\/sv\/wp-json\/wp\/v2\/product\/11949","targetHints":{"allow":["GET"]}}],"collection":[{"href":"https:\/\/www.billigtrikotde.com\/sv\/wp-json\/wp\/v2\/product"}],"about":[{"href":"https:\/\/www.billigtrikotde.com\/sv\/wp-json\/wp\/v2\/types\/product"}],"replies":[{"embeddable":true,"href":"https:\/\/www.billigtrikotde.com\/sv\/wp-json\/wp\/v2\/comments?post=11949"}],"wp:featuredmedia":[{"embeddable":true,"href":"https:\/\/www.billigtrikotde.com\/sv\/wp-json\/wp\/v2\/media\/11992"}],"wp:attachment":[{"href":"https:\/\/www.billigtrikotde.com\/sv\/wp-json\/wp\/v2\/media?parent=11949"}],"wp:term":[{"taxonomy":"product_brand","embeddable":true,"href":"https:\/\/www.billigtrikotde.com\/sv\/wp-json\/wp\/v2\/product_brand?post=11949"},{"taxonomy":"product_cat","embeddable":true,"href":"https:\/\/www.billigtrikotde.com\/sv\/wp-json\/wp\/v2\/product_cat?post=11949"},{"taxonomy":"product_tag","embeddable":true,"href":"https:\/\/www.billigtrikotde.com\/sv\/wp-json\/wp\/v2\/product_tag?post=11949"}],"curies":[{"name":"wp","href":"https:\/\/api.w.org\/{rel}","templated":true}]}}