{"id":11921,"date":"2024-10-24T04:41:44","date_gmt":"2024-10-24T02:41:44","guid":{"rendered":"http:\/\/billigtrikots.com\/?post_type=product&#038;p=11921"},"modified":"2025-06-09T04:42:28","modified_gmt":"2025-06-09T02:42:28","slug":"fussballtrikots-im-sale-arsenal-auswaertstrikot-2023-schwarz-goldene-fuer-herren-torreira-11","status":"publish","type":"product","link":"https:\/\/www.billigtrikotde.com\/sv\/fussballtrikots-im-sale-arsenal-auswaertstrikot-2023-schwarz-goldene-fuer-herren-torreira-11\/","title":{"rendered":"Fotbollstr\u00f6jor p\u00e5 f\u00f6rs\u00e4ljning Arsenal away kit 2023 svart och guld f\u00f6r m\u00e4n TORREIRA 11"},"content":{"rendered":"<p>Arsenal 22-23 bortatr\u00f6ja presenteras i en klassisk look i svart med bronsmetalliska detaljer.Adidas Arsenal 22-23 bortatr\u00f6ja \u00e4r svart, kombinerad med guldmetall f\u00f6r alla logotyper och gr\u00e5 f\u00f6r de 3 r\u00e4nderna p\u00e5 axlarna.F\u00f6r att slutf\u00f6ra det diskreta utseendet \u00e4r Arsenal 2022-23 f\u00e4rdig med ett svagt abstrakt geometriskt tryck p\u00e5 framsidan och \u00e4rmarna. Denna grafik best\u00e5r av bokst\u00e4verna AFC, vars typsnitt \u00e4r direkt inspirerat av Arsenal-bokst\u00e4verna som fansen passerar p\u00e5 v\u00e4g till Emirates Stadium.<\/p>\n<p>Tips f\u00f6r utskrift: Om namn och nummer p\u00e5 bilden \u00e4r exakt vad du vill ha, beh\u00f6ver du inte ange dem igen. Om inte, ska du ange \u00f6nskat namn och nummer.<\/p>\n<p>Tips f\u00f6r tv\u00e4tt: Det \u00e4r rekommenderat att tv\u00e4tta fotbollstr\u00f6jor f\u00f6r hand. Om du vill anv\u00e4nda tv\u00e4ttmaskinen ska du komma ih\u00e5g att v\u00e4nda fotbollstr\u00f6jorna ut och in och sedan tv\u00e4tta dem. Fyll maskinen med kallt vatten och anv\u00e4nd ett skonsamt program f\u00f6r att b\u00e4ttre skydda f\u00e4rgerna.<\/p>","protected":false},"excerpt":{"rendered":"<p>Das Arsenal 22-23 Ausw\u00e4rtstrikot pr\u00e4sentiert sich in einem edlen Look in Schwarz mit bronze-metallischen Details.Das Adidas Arsenal 22-23 Ausw\u00e4rtstrikot ist schwarz, kombiniert mit Gold-Metallic f\u00fcr alle Logos und grau f\u00fcr die 3 Streifen auf den Schultern.Um den unauff\u00e4lligen Look abzurunden, ist das Arsenal 2022-23 mit einem schwachen abstrakten geometrischen Druck auf der Vorderseite und den [&hellip;]<\/p>","protected":false},"featured_media":11961,"comment_status":"open","ping_status":"closed","template":"","meta":[],"product_brand":[],"product_cat":[55],"product_tag":[451,20,21,22,23,54,24],"class_list":{"0":"post-11921","1":"product","2":"type-product","3":"status-publish","4":"has-post-thumbnail","6":"product_cat-arsenal","7":"product_tag-arsenal-22-23-auswaertstrikot","8":"product_tag-coole-fussballtrikots","9":"product_tag-fussballtrikot-fuer-herren","10":"product_tag-fussballtrikot-guenstig-kaufen","11":"product_tag-fussballtrikot-kurzarm","12":"product_tag-fussballtrikot-set","13":"product_tag-guenstiges-fussballtrikot","15":"first","16":"instock","17":"shipping-taxable","18":"purchasable","19":"product-type-variable"},"_links":{"self":[{"href":"https:\/\/www.billigtrikotde.com\/sv\/wp-json\/wp\/v2\/product\/11921","targetHints":{"allow":["GET"]}}],"collection":[{"href":"https:\/\/www.billigtrikotde.com\/sv\/wp-json\/wp\/v2\/product"}],"about":[{"href":"https:\/\/www.billigtrikotde.com\/sv\/wp-json\/wp\/v2\/types\/product"}],"replies":[{"embeddable":true,"href":"https:\/\/www.billigtrikotde.com\/sv\/wp-json\/wp\/v2\/comments?post=11921"}],"wp:featuredmedia":[{"embeddable":true,"href":"https:\/\/www.billigtrikotde.com\/sv\/wp-json\/wp\/v2\/media\/11961"}],"wp:attachment":[{"href":"https:\/\/www.billigtrikotde.com\/sv\/wp-json\/wp\/v2\/media?parent=11921"}],"wp:term":[{"taxonomy":"product_brand","embeddable":true,"href":"https:\/\/www.billigtrikotde.com\/sv\/wp-json\/wp\/v2\/product_brand?post=11921"},{"taxonomy":"product_cat","embeddable":true,"href":"https:\/\/www.billigtrikotde.com\/sv\/wp-json\/wp\/v2\/product_cat?post=11921"},{"taxonomy":"product_tag","embeddable":true,"href":"https:\/\/www.billigtrikotde.com\/sv\/wp-json\/wp\/v2\/product_tag?post=11921"}],"curies":[{"name":"wp","href":"https:\/\/api.w.org\/{rel}","templated":true}]}}