{"id":11889,"date":"2024-10-24T04:40:00","date_gmt":"2024-10-24T02:40:00","guid":{"rendered":"http:\/\/billigtrikots.com\/?post_type=product&#038;p=11889"},"modified":"2024-10-24T04:42:13","modified_gmt":"2024-10-24T02:42:13","slug":"herren-inter-mailand-2022-23-drittes-trikot-gelbe-fussballtrikots-trikotsatz-online-bestellen","status":"publish","type":"product","link":"https:\/\/www.billigtrikotde.com\/sv\/herren-inter-mailand-2022-23-drittes-trikot-gelbe-fussballtrikots-trikotsatz-online-bestellen\/","title":{"rendered":"Herr Inter Milan 2022-23 Third Jersey gul fotbollstr\u00f6jor kit online best\u00e4llning"},"content":{"rendered":"<p>Det tredje Nike Football Club Internazionale Milano 2022-23-tr\u00f6jan kombinerar en lysande gul huvudf\u00e4rg med svarta logotyper. Officiellt \u00e4r f\u00e4rgerna \u201eDynamic Yellow \/ Black\u201c. Ljusbl\u00e5tt rundar av den enkla looken i form av avslut vid \u00e4rmslut och vid rundhalskragen. Allt som allt \u00e4r det en mycket enkel, livlig look utan utsv\u00e4vda grafiska m\u00f6nster.<\/p>\n<p>Tips f\u00f6r utskrift: Om namn och nummer p\u00e5 bilden \u00e4r exakt vad du vill ha, beh\u00f6ver du inte ange dem igen. Om inte, ska du ange \u00f6nskat namn och nummer.<\/p>\n<p>Tips f\u00f6r tv\u00e4tt: Det \u00e4r rekommenderat att tv\u00e4tta fotbollstr\u00f6jor f\u00f6r hand. Om du vill anv\u00e4nda tv\u00e4ttmaskinen ska du komma ih\u00e5g att v\u00e4nda fotbollstr\u00f6jorna ut och in och sedan tv\u00e4tta dem. Fyll maskinen med kallt vatten och anv\u00e4nd ett skonsamt program f\u00f6r att b\u00e4ttre skydda f\u00e4rgerna.<\/p>","protected":false},"excerpt":{"rendered":"<p>Det tredje Nike Football Club Internazionale Milano 2022-23-tr\u00f6jan kombinerar en lysande gul huvudf\u00e4rg med svarta logotyper. Officiellt \u00e4r f\u00e4rgerna \u201eDynamic Yellow \/ Black\u201c. Ljusbl\u00e5tt rundar av den enkla looken i form av avslut vid \u00e4rmslut och vid rundhalskragen. Allt som allt \u00e4r det en mycket enkel, livlig look utan utsv\u00e4vda grafiska m\u00f6nster.<\/p>","protected":false},"featured_media":11928,"comment_status":"open","ping_status":"closed","template":"","meta":[],"product_brand":[],"product_cat":[77],"product_tag":[20,21,22,23,24,449,78],"class_list":{"0":"post-11889","1":"product","2":"type-product","3":"status-publish","4":"has-post-thumbnail","6":"product_cat-inter-milan","7":"product_tag-coole-fussballtrikots","8":"product_tag-fussballtrikot-fuer-herren","9":"product_tag-fussballtrikot-guenstig-kaufen","10":"product_tag-fussballtrikot-kurzarm","11":"product_tag-guenstiges-fussballtrikot","12":"product_tag-inter-mailand-2022-23-drittes-trikot","13":"product_tag-inter-milan-trikots","15":"first","16":"instock","17":"shipping-taxable","18":"purchasable","19":"product-type-variable"},"_links":{"self":[{"href":"https:\/\/www.billigtrikotde.com\/sv\/wp-json\/wp\/v2\/product\/11889","targetHints":{"allow":["GET"]}}],"collection":[{"href":"https:\/\/www.billigtrikotde.com\/sv\/wp-json\/wp\/v2\/product"}],"about":[{"href":"https:\/\/www.billigtrikotde.com\/sv\/wp-json\/wp\/v2\/types\/product"}],"replies":[{"embeddable":true,"href":"https:\/\/www.billigtrikotde.com\/sv\/wp-json\/wp\/v2\/comments?post=11889"}],"wp:featuredmedia":[{"embeddable":true,"href":"https:\/\/www.billigtrikotde.com\/sv\/wp-json\/wp\/v2\/media\/11928"}],"wp:attachment":[{"href":"https:\/\/www.billigtrikotde.com\/sv\/wp-json\/wp\/v2\/media?parent=11889"}],"wp:term":[{"taxonomy":"product_brand","embeddable":true,"href":"https:\/\/www.billigtrikotde.com\/sv\/wp-json\/wp\/v2\/product_brand?post=11889"},{"taxonomy":"product_cat","embeddable":true,"href":"https:\/\/www.billigtrikotde.com\/sv\/wp-json\/wp\/v2\/product_cat?post=11889"},{"taxonomy":"product_tag","embeddable":true,"href":"https:\/\/www.billigtrikotde.com\/sv\/wp-json\/wp\/v2\/product_tag?post=11889"}],"curies":[{"name":"wp","href":"https:\/\/api.w.org\/{rel}","templated":true}]}}