{"id":11759,"date":"2024-10-24T04:32:22","date_gmt":"2024-10-24T02:32:22","guid":{"rendered":"http:\/\/billigtrikots.com\/?post_type=product&#038;p=11759"},"modified":"2024-10-24T04:34:55","modified_gmt":"2024-10-24T02:34:55","slug":"herren-lafc-los-angeles-fc-2022-heimtrikot-schwarz-golden-mit-aufdruck-wright-phillips-66","status":"publish","type":"product","link":"https:\/\/www.billigtrikotde.com\/sv\/herren-lafc-los-angeles-fc-2022-heimtrikot-schwarz-golden-mit-aufdruck-wright-phillips-66\/","title":{"rendered":"Herr LAFC Los Angeles FC 2022 hemmatr\u00f6ja svart guld med tryck WRIGHT-PHILLIPS 66"},"content":{"rendered":"<p>Som f\u00f6rv\u00e4ntat \u00e4r Adidas LAFC 2022-tr\u00f6jan huvudsakligen svart med gyllene logotyper och Adidas-stripes. Adidas-logotypen och f\u00f6reningsvapnet placeras b\u00e5da i mitten av br\u00f6stet, Adidas-logotypen ligger ovanf\u00f6r. Huvudegenskapen hos Los Angeles FC 2022 hemma-tr\u00f6jan \u00e4r ett skr\u00e4ddarsytt Art D\u00e9co-m\u00f6nster som str\u00e4cker sig \u00f6ver framsidan och \u00e4rmarna. Vi kan ocks\u00e5 se att Target, \u00e4rmsponsorn f\u00f6r LAFC, \u00e5terigen v\u00e4nligt har till\u00e5tit att hans logotyp f\u00e4rgas svart och guld.<\/p>\n<p>Tips f\u00f6r utskrift: Om namn och nummer p\u00e5 bilden \u00e4r exakt vad du vill ha, beh\u00f6ver du inte ange dem igen. Om inte, ska du ange \u00f6nskat namn och nummer.<\/p>\n<p>Tips f\u00f6r tv\u00e4tt: Det \u00e4r rekommenderat att tv\u00e4tta fotbollstr\u00f6jor f\u00f6r hand. Om du vill anv\u00e4nda tv\u00e4ttmaskinen ska du komma ih\u00e5g att v\u00e4nda fotbollstr\u00f6jorna ut och in och sedan tv\u00e4tta dem. Fyll maskinen med kallt vatten och anv\u00e4nd ett skonsamt program f\u00f6r att b\u00e4ttre skydda f\u00e4rgerna.<\/p>","protected":false},"excerpt":{"rendered":"<p>Wie erwartet ist das Adidas LAFC 2022 Trikot haupts\u00e4chlich schwarz mit goldenen Logos und Adidas-Streifen. Das Adidas-Logo und das Vereinswappen werden beide in der Mitte des Brustbereichs platziert, das Adidas-Logo liegt dar\u00fcber.Das Hauptmerkmal des Los Angeles FC 2022 Heimtrikots ist ein ma\u00dfgeschneidertes Art-D\u00e9co-Muster, das sich \u00fcber die Vorderseite und die \u00c4rmel zieht.Wir k\u00f6nnen auch sehen, [&hellip;]<\/p>","protected":false},"featured_media":11801,"comment_status":"open","ping_status":"closed","template":"","meta":[],"product_brand":[],"product_cat":[196],"product_tag":[20,21,22,23,24,446,447],"class_list":{"0":"post-11759","1":"product","2":"type-product","3":"status-publish","4":"has-post-thumbnail","6":"product_cat-los-angeles-fc","7":"product_tag-coole-fussballtrikots","8":"product_tag-fussballtrikot-fuer-herren","9":"product_tag-fussballtrikot-guenstig-kaufen","10":"product_tag-fussballtrikot-kurzarm","11":"product_tag-guenstiges-fussballtrikot","12":"product_tag-lafc-2022-trikot","13":"product_tag-lafc-away-jersey-2023","15":"first","16":"instock","17":"shipping-taxable","18":"purchasable","19":"product-type-variable"},"_links":{"self":[{"href":"https:\/\/www.billigtrikotde.com\/sv\/wp-json\/wp\/v2\/product\/11759","targetHints":{"allow":["GET"]}}],"collection":[{"href":"https:\/\/www.billigtrikotde.com\/sv\/wp-json\/wp\/v2\/product"}],"about":[{"href":"https:\/\/www.billigtrikotde.com\/sv\/wp-json\/wp\/v2\/types\/product"}],"replies":[{"embeddable":true,"href":"https:\/\/www.billigtrikotde.com\/sv\/wp-json\/wp\/v2\/comments?post=11759"}],"wp:featuredmedia":[{"embeddable":true,"href":"https:\/\/www.billigtrikotde.com\/sv\/wp-json\/wp\/v2\/media\/11801"}],"wp:attachment":[{"href":"https:\/\/www.billigtrikotde.com\/sv\/wp-json\/wp\/v2\/media?parent=11759"}],"wp:term":[{"taxonomy":"product_brand","embeddable":true,"href":"https:\/\/www.billigtrikotde.com\/sv\/wp-json\/wp\/v2\/product_brand?post=11759"},{"taxonomy":"product_cat","embeddable":true,"href":"https:\/\/www.billigtrikotde.com\/sv\/wp-json\/wp\/v2\/product_cat?post=11759"},{"taxonomy":"product_tag","embeddable":true,"href":"https:\/\/www.billigtrikotde.com\/sv\/wp-json\/wp\/v2\/product_tag?post=11759"}],"curies":[{"name":"wp","href":"https:\/\/api.w.org\/{rel}","templated":true}]}}