{"id":11688,"date":"2024-10-24T04:28:27","date_gmt":"2024-10-24T02:28:27","guid":{"rendered":"http:\/\/billigtrikots.com\/?post_type=product&#038;p=11688"},"modified":"2024-10-24T04:30:41","modified_gmt":"2024-10-24T02:30:41","slug":"herren-liverpool-22-23-drittes-trikot-gruene-fussballtrikots-kurzarm-kurze-hosen","status":"publish","type":"product","link":"https:\/\/www.billigtrikotde.com\/sv\/herren-liverpool-22-23-drittes-trikot-gruene-fussballtrikots-kurzarm-kurze-hosen\/","title":{"rendered":"Mens Liverpool 22-23 Third Kit Green Fotbollstr\u00f6jor Kort\u00e4rmad + Shorts"},"content":{"rendered":"<p>Det tredje Nike Liverpool-trikotet 2022-2023 kombinerar en m\u00f6rk turkosbas med ljusa turkosa och framtr\u00e4dande r\u00f6da logotyper. Officiellt \u00e4r f\u00e4rgerna p\u00e5 tredje tr\u00f6jan f\u00f6r Liverpool 22-23 \u201eDark Atomic Teal \/ Rio Teal \/ Siren Red\u201c. Alla logotyper p\u00e5 den nya tredje Liverpool-tr\u00f6jan \u00e4r lysande r\u00f6da, medan den p\u00e5 framsidan, ryggen och \u00e4rmarna har en d\u00e4mpad v\u00e5gig grafik. Grafikens liknar, men \u00e4r inte identisk med den p\u00e5 Liverpools bortatr\u00f6ja 2022-23.<\/p>\n<p>Tips f\u00f6r utskrift: Om namn och nummer p\u00e5 bilden \u00e4r exakt vad du vill ha, beh\u00f6ver du inte ange dem igen. Om inte, ska du ange \u00f6nskat namn och nummer.<\/p>\n<p>Tips f\u00f6r tv\u00e4tt: Det \u00e4r rekommenderat att tv\u00e4tta fotbollstr\u00f6jor f\u00f6r hand. Om du vill anv\u00e4nda tv\u00e4ttmaskinen ska du komma ih\u00e5g att v\u00e4nda fotbollstr\u00f6jorna ut och in och sedan tv\u00e4tta dem. Fyll maskinen med kallt vatten och anv\u00e4nd ett skonsamt program f\u00f6r att b\u00e4ttre skydda f\u00e4rgerna.<\/p>","protected":false},"excerpt":{"rendered":"<p>Das dritte Trikot von Nike Liverpool 2022-2023 kombiniert eine dunkle tealfarbene Basis mit hellen tealfarbenen und auff\u00e4lligen roten Logos. Offiziell sind die Farben des dritten Trikots von Liverpool 22-23 &#8222;Dark Atomic Teal \/ Rio Teal \/ Siren Red&#8220;.Alle Logos auf dem neuen dritten Liverpooler Trikot sind leuchtend rot, w\u00e4hrend es auf der Vorderseite, dem R\u00fccken [&hellip;]<\/p>","protected":false},"featured_media":11728,"comment_status":"open","ping_status":"closed","template":"","meta":[],"product_brand":[],"product_cat":[176],"product_tag":[20,21,22,23,24,444,153,370],"class_list":{"0":"post-11688","1":"product","2":"type-product","3":"status-publish","4":"has-post-thumbnail","6":"product_cat-liverpool-fc","7":"product_tag-coole-fussballtrikots","8":"product_tag-fussballtrikot-fuer-herren","9":"product_tag-fussballtrikot-guenstig-kaufen","10":"product_tag-fussballtrikot-kurzarm","11":"product_tag-guenstiges-fussballtrikot","12":"product_tag-liverpool-22-23-drittes-trikot","13":"product_tag-liverpool-trikots","14":"product_tag-liverpool-trikots-22-23","16":"first","17":"instock","18":"shipping-taxable","19":"purchasable","20":"product-type-variable"},"_links":{"self":[{"href":"https:\/\/www.billigtrikotde.com\/sv\/wp-json\/wp\/v2\/product\/11688","targetHints":{"allow":["GET"]}}],"collection":[{"href":"https:\/\/www.billigtrikotde.com\/sv\/wp-json\/wp\/v2\/product"}],"about":[{"href":"https:\/\/www.billigtrikotde.com\/sv\/wp-json\/wp\/v2\/types\/product"}],"replies":[{"embeddable":true,"href":"https:\/\/www.billigtrikotde.com\/sv\/wp-json\/wp\/v2\/comments?post=11688"}],"wp:featuredmedia":[{"embeddable":true,"href":"https:\/\/www.billigtrikotde.com\/sv\/wp-json\/wp\/v2\/media\/11728"}],"wp:attachment":[{"href":"https:\/\/www.billigtrikotde.com\/sv\/wp-json\/wp\/v2\/media?parent=11688"}],"wp:term":[{"taxonomy":"product_brand","embeddable":true,"href":"https:\/\/www.billigtrikotde.com\/sv\/wp-json\/wp\/v2\/product_brand?post=11688"},{"taxonomy":"product_cat","embeddable":true,"href":"https:\/\/www.billigtrikotde.com\/sv\/wp-json\/wp\/v2\/product_cat?post=11688"},{"taxonomy":"product_tag","embeddable":true,"href":"https:\/\/www.billigtrikotde.com\/sv\/wp-json\/wp\/v2\/product_tag?post=11688"}],"curies":[{"name":"wp","href":"https:\/\/api.w.org\/{rel}","templated":true}]}}