{"id":1168,"date":"2024-10-23T13:19:02","date_gmt":"2024-10-23T11:19:02","guid":{"rendered":"http:\/\/billigtrikots.com\/?post_type=product&#038;p=1168"},"modified":"2024-10-23T13:20:57","modified_gmt":"2024-10-23T11:20:57","slug":"manchester-united-ausweichtrikot-2022-blau-mit-aufdruck-greenwood-11","status":"publish","type":"product","link":"https:\/\/www.billigtrikotde.com\/sv\/manchester-united-ausweichtrikot-2022-blau-mit-aufdruck-greenwood-11\/","title":{"rendered":"Manchester United tr\u00f6ja 2022 bl\u00e5 med tryck Greenwood 11"},"content":{"rendered":"<p>T\u00e4nd Reds med a-didas Manchester United 21\/22 tillf\u00e4lliga matchtr\u00f6ja, som \u00e4r utrustad med v\u00e4vda klubbdetaljer f\u00f6r en traditionell look.<br \/>\nadidas Manchester United 21\/22 tillf\u00e4lliga matchtr\u00f6ja tolkar en klassiker fr\u00e5n b\u00f6rjan av 90-talet och \u00e4r inspirerad av bortatr\u00f6jan som Uniteds talangfulla unga lag bar n\u00e4r de b\u00f6rjade en sp\u00e4nnande ny era.<\/p>\n<p>Dess moderna design tar upp bl\u00e5tt, svart och gult fr\u00e5n originalet och ers\u00e4tter r\u00e4nderna med ett geometriskt m\u00f6nster som subtilt integrerar Manchester \"M\" \u00e4nnu en g\u00e5ng.<\/p>\n<p>Fansversionen av tr\u00f6jan \u00e4r utformad f\u00f6r avslappnad komfort och har en n\u00e5got l\u00f6sare passform och broderat varum\u00e4rke f\u00f6r l\u00e5ngvarig stil p\u00e5 och utanf\u00f6r planen.<\/p>\n<p>Tips f\u00f6r utskrift: Om namn och nummer p\u00e5 bilden \u00e4r exakt vad du vill ha, beh\u00f6ver du inte ange dem igen. Om inte, ska du ange \u00f6nskat namn och nummer.<\/p>\n<p>Tips f\u00f6r tv\u00e4tt: Det \u00e4r rekommenderat att tv\u00e4tta fotbollstr\u00f6jor f\u00f6r hand. Om du vill anv\u00e4nda tv\u00e4ttmaskinen ska du komma ih\u00e5g att v\u00e4nda fotbollstr\u00f6jorna ut och in och sedan tv\u00e4tta dem. Fyll maskinen med kallt vatten och anv\u00e4nd ett skonsamt program f\u00f6r att b\u00e4ttre skydda f\u00e4rgerna.<\/p>","protected":false},"excerpt":{"rendered":"<p>Feuere die Reds mit dem a-didas Manchester United 21\/22 Ausweichtrikot an, das mit gewebten Vereinsdetails f\u00fcr einen traditionellen Look ausgestattet ist. Das adidas Manchester United 21\/22 Ausweichtrikot interpretiert einen Klassiker der fr\u00fchen 90er neu und l\u00e4sst sich von dem Ausw\u00e4rtstrikot inspirieren, das Uniteds talentierte junge Mannschaft trug, als sie eine aufregende neue \u00c4ra begann. Sein [&hellip;]<\/p>","protected":false},"featured_media":1212,"comment_status":"open","ping_status":"closed","template":"","meta":[],"product_brand":[],"product_cat":[50],"product_tag":[20,21,22,23,24,53,52],"class_list":{"0":"post-1168","1":"product","2":"type-product","3":"status-publish","4":"has-post-thumbnail","6":"product_cat-manchester-united","7":"product_tag-coole-fussballtrikots","8":"product_tag-fussballtrikot-fuer-herren","9":"product_tag-fussballtrikot-guenstig-kaufen","10":"product_tag-fussballtrikot-kurzarm","11":"product_tag-guenstiges-fussballtrikot","12":"product_tag-manchester-united-ausweichtrikot","13":"product_tag-manchester-united-trikots","15":"first","16":"instock","17":"shipping-taxable","18":"purchasable","19":"product-type-variable"},"_links":{"self":[{"href":"https:\/\/www.billigtrikotde.com\/sv\/wp-json\/wp\/v2\/product\/1168","targetHints":{"allow":["GET"]}}],"collection":[{"href":"https:\/\/www.billigtrikotde.com\/sv\/wp-json\/wp\/v2\/product"}],"about":[{"href":"https:\/\/www.billigtrikotde.com\/sv\/wp-json\/wp\/v2\/types\/product"}],"replies":[{"embeddable":true,"href":"https:\/\/www.billigtrikotde.com\/sv\/wp-json\/wp\/v2\/comments?post=1168"}],"wp:featuredmedia":[{"embeddable":true,"href":"https:\/\/www.billigtrikotde.com\/sv\/wp-json\/wp\/v2\/media\/1212"}],"wp:attachment":[{"href":"https:\/\/www.billigtrikotde.com\/sv\/wp-json\/wp\/v2\/media?parent=1168"}],"wp:term":[{"taxonomy":"product_brand","embeddable":true,"href":"https:\/\/www.billigtrikotde.com\/sv\/wp-json\/wp\/v2\/product_brand?post=1168"},{"taxonomy":"product_cat","embeddable":true,"href":"https:\/\/www.billigtrikotde.com\/sv\/wp-json\/wp\/v2\/product_cat?post=1168"},{"taxonomy":"product_tag","embeddable":true,"href":"https:\/\/www.billigtrikotde.com\/sv\/wp-json\/wp\/v2\/product_tag?post=1168"}],"curies":[{"name":"wp","href":"https:\/\/api.w.org\/{rel}","templated":true}]}}