{"id":11595,"date":"2024-10-24T04:23:14","date_gmt":"2024-10-24T02:23:14","guid":{"rendered":"http:\/\/billigtrikots.com\/?post_type=product&#038;p=11595"},"modified":"2024-10-24T04:25:29","modified_gmt":"2024-10-24T02:25:29","slug":"atletico-madrid-2023-auswaertstrikot-schwarz-kurzarm-trikotsatz-kit-mit-aufdruck-thomas-5","status":"publish","type":"product","link":"https:\/\/www.billigtrikotde.com\/sv\/atletico-madrid-2023-auswaertstrikot-schwarz-kurzarm-trikotsatz-kit-mit-aufdruck-thomas-5\/","title":{"rendered":"Atl\u00e9tico Madrid 2023 Bortatr\u00f6ja Svart Kort\u00e4rmad Kit med tryck THOMAS 5"},"content":{"rendered":"<p>Uppt\u00e4ck Atl\u00e9tico Madrid 2022\/2023 Borta tr\u00f6ja. B\u00e4r stolt f\u00e4rgerna p\u00e5 ditt favoritlag p\u00e5 planen eller utomhus.<\/p>\n<p>En flexibel och l\u00e4tt tr\u00f6ja med Nike Dri Fit-teknologi, ett plagg som f\u00f6rhindrar att svett tr\u00e4nger in under ditt spel eller tr\u00e4ning. H\u00e5ll dig torr efter dina accelerationer.<\/p>\n<p>F\u00f6rest\u00e4ll dig att \u00e5sk\u00e5darna vid Wanda Metropolitano hejar p\u00e5 dig efter ett fantastiskt m\u00e5l.<\/p>\n<p>Tr\u00f6jan \u00e4r inspirerad av tr\u00f6jan fr\u00e5n professionella laget under matcherna.<\/p>\n<p>Tips f\u00f6r utskrift: Om namn och nummer p\u00e5 bilden \u00e4r exakt vad du vill ha, beh\u00f6ver du inte ange dem igen. Om inte, ska du ange \u00f6nskat namn och nummer.<\/p>\n<p>Tips f\u00f6r tv\u00e4tt: Det \u00e4r rekommenderat att tv\u00e4tta fotbollstr\u00f6jor f\u00f6r hand. Om du vill anv\u00e4nda tv\u00e4ttmaskinen ska du komma ih\u00e5g att v\u00e4nda fotbollstr\u00f6jorna ut och in och sedan tv\u00e4tta dem. Fyll maskinen med kallt vatten och anv\u00e4nd ett skonsamt program f\u00f6r att b\u00e4ttre skydda f\u00e4rgerna.<\/p>","protected":false},"excerpt":{"rendered":"<p>Entdecke das Atl\u00e9tico Madrid 2022\/2023 Ausw\u00e4rtstrikot . Tragen Sie stolz die Farben Ihres Lieblingsteams auf dem Platz oder drau\u00dfen. Ein flexibles und leichtes Trikot mit Nike Dri Fit-Technologie, ein Kleidungsst\u00fcck, das verhindert, dass Schwei\u00df w\u00e4hrend Ihres Spiels oder Trainings eindringt. Bleiben Sie nach Ihren Beschleunigungen trocken. Stellen Sie sich vor, die Zuschauer von Wanda Metropolitano [&hellip;]<\/p>","protected":false},"featured_media":11634,"comment_status":"open","ping_status":"closed","template":"","meta":[],"product_brand":[],"product_cat":[88],"product_tag":[200,90,20,21,22,23,24],"class_list":{"0":"post-11595","1":"product","2":"type-product","3":"status-publish","4":"has-post-thumbnail","6":"product_cat-atletico-madrid","7":"product_tag-atletico-madrid-auswaertstrikot","8":"product_tag-atletico-madrid-trikots","9":"product_tag-coole-fussballtrikots","10":"product_tag-fussballtrikot-fuer-herren","11":"product_tag-fussballtrikot-guenstig-kaufen","12":"product_tag-fussballtrikot-kurzarm","13":"product_tag-guenstiges-fussballtrikot","15":"first","16":"instock","17":"shipping-taxable","18":"purchasable","19":"product-type-variable"},"_links":{"self":[{"href":"https:\/\/www.billigtrikotde.com\/sv\/wp-json\/wp\/v2\/product\/11595","targetHints":{"allow":["GET"]}}],"collection":[{"href":"https:\/\/www.billigtrikotde.com\/sv\/wp-json\/wp\/v2\/product"}],"about":[{"href":"https:\/\/www.billigtrikotde.com\/sv\/wp-json\/wp\/v2\/types\/product"}],"replies":[{"embeddable":true,"href":"https:\/\/www.billigtrikotde.com\/sv\/wp-json\/wp\/v2\/comments?post=11595"}],"wp:featuredmedia":[{"embeddable":true,"href":"https:\/\/www.billigtrikotde.com\/sv\/wp-json\/wp\/v2\/media\/11634"}],"wp:attachment":[{"href":"https:\/\/www.billigtrikotde.com\/sv\/wp-json\/wp\/v2\/media?parent=11595"}],"wp:term":[{"taxonomy":"product_brand","embeddable":true,"href":"https:\/\/www.billigtrikotde.com\/sv\/wp-json\/wp\/v2\/product_brand?post=11595"},{"taxonomy":"product_cat","embeddable":true,"href":"https:\/\/www.billigtrikotde.com\/sv\/wp-json\/wp\/v2\/product_cat?post=11595"},{"taxonomy":"product_tag","embeddable":true,"href":"https:\/\/www.billigtrikotde.com\/sv\/wp-json\/wp\/v2\/product_tag?post=11595"}],"curies":[{"name":"wp","href":"https:\/\/api.w.org\/{rel}","templated":true}]}}