{"id":11576,"date":"2024-10-24T04:22:05","date_gmt":"2024-10-24T02:22:05","guid":{"rendered":"http:\/\/billigtrikots.com\/?post_type=product&#038;p=11576"},"modified":"2024-10-24T04:24:20","modified_gmt":"2024-10-24T02:24:20","slug":"bale-9-herren-fussballtrikot-tottenham-hotspur-2022-23-stadium-ausweichtrikot","status":"publish","type":"product","link":"https:\/\/www.billigtrikotde.com\/sv\/bale-9-herren-fussballtrikot-tottenham-hotspur-2022-23-stadium-ausweichtrikot\/","title":{"rendered":"BALE #9 Fotbollstr\u00f6ja f\u00f6r herrar Tottenham Hotspur 2022-23 Stadium Bortatr\u00f6ja"},"content":{"rendered":"<p>Den tredje tr\u00f6jan i Nike Spurs 2022-23 presenterar sig i en bl\u00e4ndande look i m\u00f6rk turkos med accenter och trimningar i svart och vitt.<\/p>\n<p>Tottenham Hotspurs nya tredjetr\u00f6ja k\u00e4nnetecknas av ett abstrakt grafiskt tryck som t\u00e4cker hela framsidan och \u00e4rmarna, och f\u00f6rmodligen det mesta, om inte hela, baksidan. Logotyperna \u00e4r alla vita, inklusive en monokrom representation av Spurs-m\u00e4rket.<\/p>\n<p>Det officiella tillk\u00e4nnagivandet s\u00e4ger att grafiken p\u00e5 framsidan av Spurs tredjetr\u00f6ja f\u00f6r 2022-2023 \u00e4r inspirerad av \"Tottenhams st\u00e4ndigt utvecklande DNA och den popul\u00e4ra Nike TN-sneakerserien\".<\/p>\n<p>Utseendet p\u00e5 Nike Tottenham 22-23-tr\u00f6jan avrundas av en svart rund halskrage och manschetter som \u00e4r halvt svarta och halvt m\u00f6rkt turkosa. N\u00e4r det g\u00e4ller mallen \u00e4r den tredje tr\u00f6jan f\u00f6r Nike Tottenham Hotspur F.C. 2022-2023 samma modell som 22-23 tr\u00f6jan.<\/p>\n<p>Tips f\u00f6r utskrift: Om namn och nummer p\u00e5 bilden \u00e4r exakt vad du vill ha, beh\u00f6ver du inte ange dem igen. Om inte, ska du ange \u00f6nskat namn och nummer.<\/p>\n<p>Tips f\u00f6r tv\u00e4tt: Det \u00e4r rekommenderat att tv\u00e4tta fotbollstr\u00f6jor f\u00f6r hand. Om du vill anv\u00e4nda tv\u00e4ttmaskinen ska du komma ih\u00e5g att v\u00e4nda fotbollstr\u00f6jorna ut och in och sedan tv\u00e4tta dem. Fyll maskinen med kallt vatten och anv\u00e4nd ett skonsamt program f\u00f6r att b\u00e4ttre skydda f\u00e4rgerna.<\/p>","protected":false},"excerpt":{"rendered":"<p>Den tredje Nike Spurs-tr\u00f6jan 2022-23 presenteras i en gl\u00e4nsande look i m\u00f6rkt turkost med accentf\u00e4rger och detaljer i svart och vitt. Den nya tredje tr\u00f6jan f\u00f6r Tottenham Hotspur k\u00e4nnetecknas av ett abstrakt grafiskt m\u00f6nster som t\u00e4cker hela framsidan och \u00e4rmarna och sannolikt ocks\u00e5 st\u00f6rre delen, om inte hela [\u2026]<\/p>","protected":false},"featured_media":11614,"comment_status":"open","ping_status":"closed","template":"","meta":[],"product_brand":[],"product_cat":[178],"product_tag":[20,21,22,23,24,335,438,437,104],"class_list":{"0":"post-11576","1":"product","2":"type-product","3":"status-publish","4":"has-post-thumbnail","6":"product_cat-tottenham-hotspur","7":"product_tag-coole-fussballtrikots","8":"product_tag-fussballtrikot-fuer-herren","9":"product_tag-fussballtrikot-guenstig-kaufen","10":"product_tag-fussballtrikot-kurzarm","11":"product_tag-guenstiges-fussballtrikot","12":"product_tag-shop-tottenham-hotspur-trikot","13":"product_tag-tottenham-hotspur-22-23-third-kit","14":"product_tag-tottenham-hotspur-ausweichtrikot","15":"product_tag-tottenham-hotspur-trikots","17":"first","18":"instock","19":"shipping-taxable","20":"purchasable","21":"product-type-variable"},"_links":{"self":[{"href":"https:\/\/www.billigtrikotde.com\/sv\/wp-json\/wp\/v2\/product\/11576","targetHints":{"allow":["GET"]}}],"collection":[{"href":"https:\/\/www.billigtrikotde.com\/sv\/wp-json\/wp\/v2\/product"}],"about":[{"href":"https:\/\/www.billigtrikotde.com\/sv\/wp-json\/wp\/v2\/types\/product"}],"replies":[{"embeddable":true,"href":"https:\/\/www.billigtrikotde.com\/sv\/wp-json\/wp\/v2\/comments?post=11576"}],"wp:featuredmedia":[{"embeddable":true,"href":"https:\/\/www.billigtrikotde.com\/sv\/wp-json\/wp\/v2\/media\/11614"}],"wp:attachment":[{"href":"https:\/\/www.billigtrikotde.com\/sv\/wp-json\/wp\/v2\/media?parent=11576"}],"wp:term":[{"taxonomy":"product_brand","embeddable":true,"href":"https:\/\/www.billigtrikotde.com\/sv\/wp-json\/wp\/v2\/product_brand?post=11576"},{"taxonomy":"product_cat","embeddable":true,"href":"https:\/\/www.billigtrikotde.com\/sv\/wp-json\/wp\/v2\/product_cat?post=11576"},{"taxonomy":"product_tag","embeddable":true,"href":"https:\/\/www.billigtrikotde.com\/sv\/wp-json\/wp\/v2\/product_tag?post=11576"}],"curies":[{"name":"wp","href":"https:\/\/api.w.org\/{rel}","templated":true}]}}