{"id":11520,"date":"2024-10-24T04:18:45","date_gmt":"2024-10-24T02:18:45","guid":{"rendered":"http:\/\/billigtrikots.com\/?post_type=product&#038;p=11520"},"modified":"2024-10-24T04:21:21","modified_gmt":"2024-10-24T02:21:21","slug":"kaufe-herren-tottenham-hotspur-2023-heim-trikot-weiss-marineblau-sissoko-17","status":"publish","type":"product","link":"https:\/\/www.billigtrikotde.com\/sv\/kaufe-herren-tottenham-hotspur-2023-heim-trikot-weiss-marineblau-sissoko-17\/","title":{"rendered":"K\u00f6p Mens Tottenham Hotspur 2023 Hemmatr\u00f6ja vit marinbl\u00e5 SISSOKO 17"},"content":{"rendered":"<p>Nike Tottenham Hotspurs 22-23-tr\u00f6ja \u00e4r baserad p\u00e5 samma mall som n\u00e5gra andra Nike 2022-23-tr\u00f6jor, t.ex. Chelseas och Hertha Berlins. Den \u00e4r \u00f6verv\u00e4gande vit och har en rund s\u00f6m p\u00e5 br\u00f6stet.<\/p>\n<p>Kragen och manschetterna p\u00e5 Nike Tottenham Hotspur 2022-23 hemmatr\u00f6ja \u00e4r b\u00e5da marinbl\u00e5 med en voltlinje i mitten.<\/p>\n<p>Den inre kragen p\u00e5 Nike Tottenham Hotspur 2022-23 hemmatr\u00f6ja \u00e4r ocks\u00e5 i volt och har en serie SPURS-bokst\u00e4ver i marinbl\u00e5tt, b\u00e5de fyllda och konturerade.<\/p>\n<p>Tips f\u00f6r utskrift: Om namn och nummer p\u00e5 bilden \u00e4r exakt vad du vill ha, beh\u00f6ver du inte ange dem igen. Om inte, ska du ange \u00f6nskat namn och nummer.<\/p>\n<p>Tips f\u00f6r tv\u00e4tt: Det \u00e4r rekommenderat att tv\u00e4tta fotbollstr\u00f6jor f\u00f6r hand. Om du vill anv\u00e4nda tv\u00e4ttmaskinen ska du komma ih\u00e5g att v\u00e4nda fotbollstr\u00f6jorna ut och in och sedan tv\u00e4tta dem. Fyll maskinen med kallt vatten och anv\u00e4nd ett skonsamt program f\u00f6r att b\u00e4ttre skydda f\u00e4rgerna.<\/p>","protected":false},"excerpt":{"rendered":"<p>Nike Tottenham Hotspur 22-23-tr\u00f6jan bygger p\u00e5 samma mall som n\u00e5gra andra Nike 2022-23-tr\u00f6jor, t.ex. den fr\u00e5n Chelsea och Hertha Berlin. Den \u00e4r \u00f6verv\u00e4gande vit och har en rund s\u00f6m p\u00e5 br\u00f6stet. Kragen och \u00e4rmarnas muddar p\u00e5 Nike Tottenham Hotspur 2022-23 hemmatr\u00f6ja \u00e4r b\u00e5da marinbl\u00e5 med en volt-linje i den [\u2026]<\/p>","protected":false},"featured_media":11561,"comment_status":"open","ping_status":"closed","template":"","meta":[],"product_brand":[],"product_cat":[178],"product_tag":[20,21,22,23,24,335,106,104],"class_list":{"0":"post-11520","1":"product","2":"type-product","3":"status-publish","4":"has-post-thumbnail","6":"product_cat-tottenham-hotspur","7":"product_tag-coole-fussballtrikots","8":"product_tag-fussballtrikot-fuer-herren","9":"product_tag-fussballtrikot-guenstig-kaufen","10":"product_tag-fussballtrikot-kurzarm","11":"product_tag-guenstiges-fussballtrikot","12":"product_tag-shop-tottenham-hotspur-trikot","13":"product_tag-tottenham-hotspur-heimtrikot","14":"product_tag-tottenham-hotspur-trikots","16":"first","17":"instock","18":"shipping-taxable","19":"purchasable","20":"product-type-variable"},"_links":{"self":[{"href":"https:\/\/www.billigtrikotde.com\/sv\/wp-json\/wp\/v2\/product\/11520","targetHints":{"allow":["GET"]}}],"collection":[{"href":"https:\/\/www.billigtrikotde.com\/sv\/wp-json\/wp\/v2\/product"}],"about":[{"href":"https:\/\/www.billigtrikotde.com\/sv\/wp-json\/wp\/v2\/types\/product"}],"replies":[{"embeddable":true,"href":"https:\/\/www.billigtrikotde.com\/sv\/wp-json\/wp\/v2\/comments?post=11520"}],"wp:featuredmedia":[{"embeddable":true,"href":"https:\/\/www.billigtrikotde.com\/sv\/wp-json\/wp\/v2\/media\/11561"}],"wp:attachment":[{"href":"https:\/\/www.billigtrikotde.com\/sv\/wp-json\/wp\/v2\/media?parent=11520"}],"wp:term":[{"taxonomy":"product_brand","embeddable":true,"href":"https:\/\/www.billigtrikotde.com\/sv\/wp-json\/wp\/v2\/product_brand?post=11520"},{"taxonomy":"product_cat","embeddable":true,"href":"https:\/\/www.billigtrikotde.com\/sv\/wp-json\/wp\/v2\/product_cat?post=11520"},{"taxonomy":"product_tag","embeddable":true,"href":"https:\/\/www.billigtrikotde.com\/sv\/wp-json\/wp\/v2\/product_tag?post=11520"}],"curies":[{"name":"wp","href":"https:\/\/api.w.org\/{rel}","templated":true}]}}