{"id":11500,"date":"2024-10-24T04:17:41","date_gmt":"2024-10-24T02:17:41","guid":{"rendered":"http:\/\/billigtrikots.com\/?post_type=product&#038;p=11500"},"modified":"2024-10-24T04:20:16","modified_gmt":"2024-10-24T02:20:16","slug":"fussballtrikots-guenstig-2023-al-nassr-fc-cristiano-fotballdrakter-fuer-herren-ronaldo-7","status":"publish","type":"product","link":"https:\/\/www.billigtrikotde.com\/sv\/fussballtrikots-guenstig-2023-al-nassr-fc-cristiano-fotballdrakter-fuer-herren-ronaldo-7\/","title":{"rendered":"Fotbollstr\u00f6jor Billiga 2023 Al-Nassr FC Cristiano Fotballdrakter f\u00f6r M\u00e4n Ronaldo 7"},"content":{"rendered":"<p>Ronaldo f\u00e5r tr\u00f6ja med numret 7 hos Al-Nassr.Cristiano Ronaldo har genomf\u00f6rt flytten till den saudiarabiska f\u00f6rstligan Al-Nassr och kommer naturligtvis b\u00e4ra tr\u00f6jan med nummer 7, som han har burit i varje klubb sedan hans flytt till Manchester United \u00e5r 2003. Den saudiska sportkl\u00e4desm\u00e4rket Duneus tillverkar Al-Nassrs tr\u00f6jor och har sl\u00e4ppt fyra tr\u00f6jor f\u00f6r s\u00e4songen 22-23.<\/p>\n<p>Tips f\u00f6r utskrift: Om namn och nummer p\u00e5 bilden \u00e4r exakt vad du vill ha, beh\u00f6ver du inte ange dem igen. Om inte, ska du ange \u00f6nskat namn och nummer.<\/p>\n<p>Tips f\u00f6r tv\u00e4tt: Det \u00e4r rekommenderat att tv\u00e4tta fotbollstr\u00f6jor f\u00f6r hand. Om du vill anv\u00e4nda tv\u00e4ttmaskinen ska du komma ih\u00e5g att v\u00e4nda fotbollstr\u00f6jorna ut och in och sedan tv\u00e4tta dem. Fyll maskinen med kallt vatten och anv\u00e4nd ett skonsamt program f\u00f6r att b\u00e4ttre skydda f\u00e4rgerna.<\/p>","protected":false},"excerpt":{"rendered":"<p>Ronaldo erh\u00e4lt Trikot mit der Nummer 7 bei Al-Nassr.Cristiano Ronaldo hat seinen Wechsel zum saudi-arabischen Erstligisten Al-Nassr vollzogen und wird nat\u00fcrlich das Trikot mit der Nummer 7 tragen, das er seit seinem Wechsel zu Manchester United im Jahr 2003 bei jedem Verein getragen hat. Die saudische Sportbekleidungsmarke Duneus stellt die Trikots von Al-Nassr her und [&hellip;]<\/p>","protected":false},"featured_media":11542,"comment_status":"open","ping_status":"closed","template":"","meta":[],"product_brand":[],"product_cat":[433],"product_tag":[434,20,435,215,21,22,23,24,436],"class_list":{"0":"post-11500","1":"product","2":"type-product","3":"status-publish","4":"has-post-thumbnail","6":"product_cat-al-nassr-fc","7":"product_tag-al-nassr-fc-cristiano-ronaldo-7-home-trikot","8":"product_tag-coole-fussballtrikots","9":"product_tag-cristiano-ronaldo-al-nassr","10":"product_tag-fussball-trikot-kurzarm","11":"product_tag-fussballtrikot-fuer-herren","12":"product_tag-fussballtrikot-guenstig-kaufen","13":"product_tag-fussballtrikot-kurzarm","14":"product_tag-guenstiges-fussballtrikot","15":"product_tag-ronaldo-trikot","17":"first","18":"instock","19":"featured","20":"shipping-taxable","21":"purchasable","22":"product-type-variable"},"_links":{"self":[{"href":"https:\/\/www.billigtrikotde.com\/sv\/wp-json\/wp\/v2\/product\/11500","targetHints":{"allow":["GET"]}}],"collection":[{"href":"https:\/\/www.billigtrikotde.com\/sv\/wp-json\/wp\/v2\/product"}],"about":[{"href":"https:\/\/www.billigtrikotde.com\/sv\/wp-json\/wp\/v2\/types\/product"}],"replies":[{"embeddable":true,"href":"https:\/\/www.billigtrikotde.com\/sv\/wp-json\/wp\/v2\/comments?post=11500"}],"wp:featuredmedia":[{"embeddable":true,"href":"https:\/\/www.billigtrikotde.com\/sv\/wp-json\/wp\/v2\/media\/11542"}],"wp:attachment":[{"href":"https:\/\/www.billigtrikotde.com\/sv\/wp-json\/wp\/v2\/media?parent=11500"}],"wp:term":[{"taxonomy":"product_brand","embeddable":true,"href":"https:\/\/www.billigtrikotde.com\/sv\/wp-json\/wp\/v2\/product_brand?post=11500"},{"taxonomy":"product_cat","embeddable":true,"href":"https:\/\/www.billigtrikotde.com\/sv\/wp-json\/wp\/v2\/product_cat?post=11500"},{"taxonomy":"product_tag","embeddable":true,"href":"https:\/\/www.billigtrikotde.com\/sv\/wp-json\/wp\/v2\/product_tag?post=11500"}],"curies":[{"name":"wp","href":"https:\/\/api.w.org\/{rel}","templated":true}]}}