{"id":11449,"date":"2024-10-24T04:14:51","date_gmt":"2024-10-24T02:14:51","guid":{"rendered":"http:\/\/billigtrikots.com\/?post_type=product&#038;p=11449"},"modified":"2024-10-24T04:17:33","modified_gmt":"2024-10-24T02:17:33","slug":"o-pineda-10-kinder-heimtrikot-mexiko-wm-2022-gruen-kurzarm-kurze-hosen","status":"publish","type":"product","link":"https:\/\/www.billigtrikotde.com\/sv\/o-pineda-10-kinder-heimtrikot-mexiko-wm-2022-gruen-kurzarm-kurze-hosen\/","title":{"rendered":"O.PINEDA 10 Barn Hemmatr\u00f6ja Mexiko World Cup 2022 Gr\u00f6n Kort\u00e4rmad + Shorts"},"content":{"rendered":"<p>Mexikos matchtr\u00f6ja f\u00f6r VM 2022 kommer att ha en design inspirerad av gamla traditioner, har det avsl\u00f6jats. Vi har skapat en modell av hur tr\u00f6jan f\u00f6r VM i Mexiko 2022 skulle kunna se ut, med en gr\u00f6n basf\u00e4rg som kombineras med troligen r\u00f6da och vita applikationer. Det som g\u00f6r tr\u00f6jan unik \u00e4r ett speciellt m\u00f6nster p\u00e5 tr\u00f6jan.<br \/>\nMexikos matchtr\u00f6ja f\u00f6r fotbolls-VM 2022 kommer att ha en grafik inspirerad av gamla aztekiska rustningar och i synnerhet Quetzalcoatls fj\u00e4der. Quetzalcoatl (\"fj\u00e4drad orm\" eller \"fj\u00e4drad orm\") \u00e4r Nahuatl-namnet f\u00f6r den fj\u00e4drade ormguden i den gamla mesoamerikanska kulturen.Liksom alla andra Adidas-tr\u00f6jor f\u00f6r VM 2022 har Mexiko 2022-tr\u00f6jan den nya Adidas-logotypen. Den b\u00e4r ocks\u00e5 det mexikanska fotbollsf\u00f6rbundets (FMF) nya vapensk\u00f6ld.<\/p>\n<p>Tips f\u00f6r utskrift: Om namn och nummer p\u00e5 bilden \u00e4r exakt vad du vill ha, beh\u00f6ver du inte ange dem igen. Om inte, ska du ange \u00f6nskat namn och nummer.<\/p>\n<p>Tips f\u00f6r tv\u00e4tt: Det \u00e4r rekommenderat att tv\u00e4tta fotbollstr\u00f6jor f\u00f6r hand. Om du vill anv\u00e4nda tv\u00e4ttmaskinen ska du komma ih\u00e5g att v\u00e4nda fotbollstr\u00f6jorna ut och in och sedan tv\u00e4tta dem. Fyll maskinen med kallt vatten och anv\u00e4nd ett skonsamt program f\u00f6r att b\u00e4ttre skydda f\u00e4rgerna.<\/p>","protected":false},"excerpt":{"rendered":"<p>Mexikos Trikot f\u00fcr die WM 2022 soll ein Design haben, das von alten Traditionen inspiriert ist, so wurde bekannt. Wir haben ein Modell erstellt, wie das Trikot f\u00fcr die WM 2022 in Mexiko aussehen k\u00f6nnte.Das Trikot von Mexiko 2022 kombiniert eine gr\u00fcne Grundfarbe mit wahrscheinlich roten und wei\u00dfen Applikationen. Was das Trikot einzigartig macht, ist [&hellip;]<\/p>","protected":false},"featured_media":11487,"comment_status":"open","ping_status":"closed","template":"","meta":[],"product_brand":[],"product_cat":[251],"product_tag":[20,21,22,23,24,252,253,254],"class_list":{"0":"post-11449","1":"product","2":"type-product","3":"status-publish","4":"has-post-thumbnail","6":"product_cat-mexiko-trikots","7":"product_tag-coole-fussballtrikots","8":"product_tag-fussballtrikot-fuer-herren","9":"product_tag-fussballtrikot-guenstig-kaufen","10":"product_tag-fussballtrikot-kurzarm","11":"product_tag-guenstiges-fussballtrikot","12":"product_tag-mexiko-2022-trikots","13":"product_tag-mexiko-heimtrikot","14":"product_tag-mexiko-trikot-schwarz","16":"first","17":"instock","18":"shipping-taxable","19":"purchasable","20":"product-type-variable"},"_links":{"self":[{"href":"https:\/\/www.billigtrikotde.com\/sv\/wp-json\/wp\/v2\/product\/11449","targetHints":{"allow":["GET"]}}],"collection":[{"href":"https:\/\/www.billigtrikotde.com\/sv\/wp-json\/wp\/v2\/product"}],"about":[{"href":"https:\/\/www.billigtrikotde.com\/sv\/wp-json\/wp\/v2\/types\/product"}],"replies":[{"embeddable":true,"href":"https:\/\/www.billigtrikotde.com\/sv\/wp-json\/wp\/v2\/comments?post=11449"}],"wp:featuredmedia":[{"embeddable":true,"href":"https:\/\/www.billigtrikotde.com\/sv\/wp-json\/wp\/v2\/media\/11487"}],"wp:attachment":[{"href":"https:\/\/www.billigtrikotde.com\/sv\/wp-json\/wp\/v2\/media?parent=11449"}],"wp:term":[{"taxonomy":"product_brand","embeddable":true,"href":"https:\/\/www.billigtrikotde.com\/sv\/wp-json\/wp\/v2\/product_brand?post=11449"},{"taxonomy":"product_cat","embeddable":true,"href":"https:\/\/www.billigtrikotde.com\/sv\/wp-json\/wp\/v2\/product_cat?post=11449"},{"taxonomy":"product_tag","embeddable":true,"href":"https:\/\/www.billigtrikotde.com\/sv\/wp-json\/wp\/v2\/product_tag?post=11449"}],"curies":[{"name":"wp","href":"https:\/\/api.w.org\/{rel}","templated":true}]}}