{"id":11403,"date":"2024-10-24T04:12:02","date_gmt":"2024-10-24T02:12:02","guid":{"rendered":"http:\/\/billigtrikots.com\/?post_type=product&#038;p=11403"},"modified":"2024-10-24T04:14:43","modified_gmt":"2024-10-24T02:14:43","slug":"kinder-mexiko-2022-wm-auswaertstrikot-kurzarm-kurze-hosen-mit-aufdruck-c-vela-11","status":"publish","type":"product","link":"https:\/\/www.billigtrikotde.com\/sv\/kinder-mexiko-2022-wm-auswaertstrikot-kurzarm-kurze-hosen-mit-aufdruck-c-vela-11\/","title":{"rendered":"Barn Mexiko 2022 VM Bortatr\u00f6ja Kort\u00e4rmad + Kortbyxor med tryck C.VELA 11"},"content":{"rendered":"<p>Kalla fram din k\u00e4mparanda f\u00f6r att ta dig till toppen av v\u00e4rldsfotbollen. F\u00f6r att g\u00f6ra det har vi gett denna adidas Mexiko bortatr\u00f6ja f\u00f6r barn och ton\u00e5ringar en look inspirerad av Mixtec och Aztec gudar. Mitt i denna i\u00f6gonfallande allover-design finns Quetzalcoatls ormkropp - en representation av m\u00e4nsklighetens fysiska skicklighet. Mesh-insatserna och den fuktabsorberande AEROREADY-tekniken garanterar ocks\u00e5 en bekv\u00e4m passform. Och den helt nya klubblogotypen g\u00f6r ett uttalande f\u00f6r din fan-k\u00e4rlek.<\/p>\n<p>Adidas Mexiko VM-bortatr\u00f6ja 2022 \u00e4r \u201eWonder White\u201c, kombinerad med r\u00f6tt f\u00f6r logotyper och tre streck. Det speciella med den nya Mexiko 2022-bortatr\u00f6jan \u00e4r ett allover-m\u00f6nster som \u00e4r inspirerat av Quetzalcoatl, den \u201eFj\u00e4drade Ormen\u201c.<\/p>\n<p>Tips f\u00f6r utskrift: Om namn och nummer p\u00e5 bilden \u00e4r exakt vad du vill ha, beh\u00f6ver du inte ange dem igen. Om inte, ska du ange \u00f6nskat namn och nummer.<\/p>\n<p>Tips f\u00f6r tv\u00e4tt: Det \u00e4r rekommenderat att tv\u00e4tta fotbollstr\u00f6jor f\u00f6r hand. Om du vill anv\u00e4nda tv\u00e4ttmaskinen ska du komma ih\u00e5g att v\u00e4nda fotbollstr\u00f6jorna ut och in och sedan tv\u00e4tta dem. Fyll maskinen med kallt vatten och anv\u00e4nd ett skonsamt program f\u00f6r att b\u00e4ttre skydda f\u00e4rgerna.<\/p>","protected":false},"excerpt":{"rendered":"<p>Beschw\u00f6re deinen Kampfgeist, um es bis an die Weltspritze des Fu\u00dfballs zu schaffen. Hierf\u00fcr haben wir diesem adidas Mexiko Ausw\u00e4rtstrikot f\u00fcr Kinder und Teens eine von Mixteken und aztekischen Gottheiten inspirierte Optik verpasst. Inmitten dieses auff\u00e4lligen Allover-Designs ist auch Quetzalcoatls Schlangenk\u00f6rper zu finden \u2013 eine Darstellung der physischen F\u00e4higkeiten der Menschheit. Die Mesh-Eins\u00e4tze und feuchtigkeitsabsorbierende [&hellip;]<\/p>","protected":false},"featured_media":11444,"comment_status":"open","ping_status":"closed","template":"","meta":[],"product_brand":[],"product_cat":[251],"product_tag":[20,21,22,23,24,252,360],"class_list":{"0":"post-11403","1":"product","2":"type-product","3":"status-publish","4":"has-post-thumbnail","6":"product_cat-mexiko-trikots","7":"product_tag-coole-fussballtrikots","8":"product_tag-fussballtrikot-fuer-herren","9":"product_tag-fussballtrikot-guenstig-kaufen","10":"product_tag-fussballtrikot-kurzarm","11":"product_tag-guenstiges-fussballtrikot","12":"product_tag-mexiko-2022-trikots","13":"product_tag-mexiko-2022-wm-auswaertstrikot","15":"first","16":"instock","17":"shipping-taxable","18":"purchasable","19":"product-type-variable"},"_links":{"self":[{"href":"https:\/\/www.billigtrikotde.com\/sv\/wp-json\/wp\/v2\/product\/11403","targetHints":{"allow":["GET"]}}],"collection":[{"href":"https:\/\/www.billigtrikotde.com\/sv\/wp-json\/wp\/v2\/product"}],"about":[{"href":"https:\/\/www.billigtrikotde.com\/sv\/wp-json\/wp\/v2\/types\/product"}],"replies":[{"embeddable":true,"href":"https:\/\/www.billigtrikotde.com\/sv\/wp-json\/wp\/v2\/comments?post=11403"}],"wp:featuredmedia":[{"embeddable":true,"href":"https:\/\/www.billigtrikotde.com\/sv\/wp-json\/wp\/v2\/media\/11444"}],"wp:attachment":[{"href":"https:\/\/www.billigtrikotde.com\/sv\/wp-json\/wp\/v2\/media?parent=11403"}],"wp:term":[{"taxonomy":"product_brand","embeddable":true,"href":"https:\/\/www.billigtrikotde.com\/sv\/wp-json\/wp\/v2\/product_brand?post=11403"},{"taxonomy":"product_cat","embeddable":true,"href":"https:\/\/www.billigtrikotde.com\/sv\/wp-json\/wp\/v2\/product_cat?post=11403"},{"taxonomy":"product_tag","embeddable":true,"href":"https:\/\/www.billigtrikotde.com\/sv\/wp-json\/wp\/v2\/product_tag?post=11403"}],"curies":[{"name":"wp","href":"https:\/\/api.w.org\/{rel}","templated":true}]}}