{"id":11354,"date":"2024-10-24T04:09:16","date_gmt":"2024-10-24T02:09:16","guid":{"rendered":"http:\/\/billigtrikots.com\/?post_type=product&#038;p=11354"},"modified":"2024-10-24T04:11:53","modified_gmt":"2024-10-24T02:11:53","slug":"brasilien-wm-2022-trikot-gelb-t-shirt-fuer-herren-antony-18","status":"publish","type":"product","link":"https:\/\/www.billigtrikotde.com\/sv\/brasilien-wm-2022-trikot-gelb-t-shirt-fuer-herren-antony-18\/","title":{"rendered":"Brasilien World Cup 2022 tr\u00f6ja gul T-shirt f\u00f6r herrar ANTONY 18"},"content":{"rendered":"<p>Nike Brazil 2022 World Cup fotbollstr\u00f6ja byter ut den klassiska gula f\u00e4rgen mot en ljusgul, officiellt kallad \"Dynamic Yellow\". N\u00e4r det g\u00e4ller design har Brazil 2022 World Cup tr\u00f6jan en liten traditionell krage f\u00e4rgad gr\u00f6n och dekorerad med en bl\u00e5 rand. Ett subtilt leopardm\u00f6nster p\u00e5 framsidan, baksidan och \u00e4rmarna f\u00f6renar designen med den f\u00f6r bortatr\u00f6jan f\u00f6r VM 2022 i Brasilien.<\/p>\n<p>Tips f\u00f6r utskrift: Om namn och nummer p\u00e5 bilden \u00e4r exakt vad du vill ha, beh\u00f6ver du inte ange dem igen. Om inte, ska du ange \u00f6nskat namn och nummer.<\/p>\n<p>Tips f\u00f6r tv\u00e4tt: Det \u00e4r rekommenderat att tv\u00e4tta fotbollstr\u00f6jor f\u00f6r hand. Om du vill anv\u00e4nda tv\u00e4ttmaskinen ska du komma ih\u00e5g att v\u00e4nda fotbollstr\u00f6jorna ut och in och sedan tv\u00e4tta dem. Fyll maskinen med kallt vatten och anv\u00e4nd ett skonsamt program f\u00f6r att b\u00e4ttre skydda f\u00e4rgerna.<\/p>","protected":false},"excerpt":{"rendered":"<p>Das Nike Brasilien 2022 WM-Fu\u00dfballtrikot tauscht das klassische Gelb gegen ein leuchtendes Gelb, offiziell \u201eDynamic Yellow\u201c.Was das Design angeht, hat das Brasilien 2022 WM Trikot einen kleinen traditionellen Kragen, der gr\u00fcn gef\u00e4rbt und mit einem blauen Streifen verziert ist. Ein dezentes Leopardenmuster auf der Vorder- und R\u00fcckseite sowie auf den \u00c4rmeln vereint das Design mit [&hellip;]<\/p>","protected":false},"featured_media":11395,"comment_status":"open","ping_status":"closed","template":"","meta":[],"product_brand":[],"product_cat":[112],"product_tag":[20,430,431,432,113,114,222,21,22,23,24],"class_list":{"0":"post-11354","1":"product","2":"type-product","3":"status-publish","4":"has-post-thumbnail","6":"product_cat-brasilien-trikots","7":"product_tag-coole-fussballtrikots","8":"product_tag-brasilien-2022-wm-fussballtrikot","9":"product_tag-brasilien-2022-wm-trikot","10":"product_tag-brasilien-2022-world-cup-heimtrikot","11":"product_tag-brasilien-heimtrikot","12":"product_tag-brasilien-trikots","13":"product_tag-fussball-wm-2022-trikots","14":"product_tag-fussballtrikot-fuer-herren","15":"product_tag-fussballtrikot-guenstig-kaufen","16":"product_tag-fussballtrikot-kurzarm","17":"product_tag-guenstiges-fussballtrikot","19":"first","20":"instock","21":"shipping-taxable","22":"purchasable","23":"product-type-variable"},"_links":{"self":[{"href":"https:\/\/www.billigtrikotde.com\/sv\/wp-json\/wp\/v2\/product\/11354","targetHints":{"allow":["GET"]}}],"collection":[{"href":"https:\/\/www.billigtrikotde.com\/sv\/wp-json\/wp\/v2\/product"}],"about":[{"href":"https:\/\/www.billigtrikotde.com\/sv\/wp-json\/wp\/v2\/types\/product"}],"replies":[{"embeddable":true,"href":"https:\/\/www.billigtrikotde.com\/sv\/wp-json\/wp\/v2\/comments?post=11354"}],"wp:featuredmedia":[{"embeddable":true,"href":"https:\/\/www.billigtrikotde.com\/sv\/wp-json\/wp\/v2\/media\/11395"}],"wp:attachment":[{"href":"https:\/\/www.billigtrikotde.com\/sv\/wp-json\/wp\/v2\/media?parent=11354"}],"wp:term":[{"taxonomy":"product_brand","embeddable":true,"href":"https:\/\/www.billigtrikotde.com\/sv\/wp-json\/wp\/v2\/product_brand?post=11354"},{"taxonomy":"product_cat","embeddable":true,"href":"https:\/\/www.billigtrikotde.com\/sv\/wp-json\/wp\/v2\/product_cat?post=11354"},{"taxonomy":"product_tag","embeddable":true,"href":"https:\/\/www.billigtrikotde.com\/sv\/wp-json\/wp\/v2\/product_tag?post=11354"}],"curies":[{"name":"wp","href":"https:\/\/api.w.org\/{rel}","templated":true}]}}