{"id":11275,"date":"2024-10-24T04:04:23","date_gmt":"2024-10-24T02:04:23","guid":{"rendered":"http:\/\/billigtrikots.com\/?post_type=product&#038;p=11275"},"modified":"2024-10-24T04:06:54","modified_gmt":"2024-10-24T02:06:54","slug":"guenstig-herren-brasilien-wm-2022-auswaertstrikot-blaue-kurzarm-kurze-hosen-antony-18","status":"publish","type":"product","link":"https:\/\/www.billigtrikotde.com\/sv\/guenstig-herren-brasilien-wm-2022-auswaertstrikot-blaue-kurzarm-kurze-hosen-antony-18\/","title":{"rendered":"Billiga herrar Brasilien World Cup 2022 Bortatr\u00f6ja Bl\u00e5 Kort\u00e4rmad + Shorts ANTONY 18"},"content":{"rendered":"<p>Nike Brasilien 2022 VM Bortatr\u00f6ja kombinerar en bl\u00e5 grundf\u00e4rg med ljusgr\u00f6n swoosh. De officiella f\u00e4rgerna \u00e4r \u201eParamount Blue\/Dynamic Yellow\/Green Spark\u201c. Vita byxor och bl\u00e5a strumpor kompletterar Brasilien 2022 VM Bortatr\u00f6ja.<\/p>\n<p>Tips f\u00f6r utskrift: Om namn och nummer p\u00e5 bilden \u00e4r exakt vad du vill ha, beh\u00f6ver du inte ange dem igen. Om inte, ska du ange \u00f6nskat namn och nummer.<\/p>\n<p>Tips f\u00f6r tv\u00e4tt: Det \u00e4r rekommenderat att tv\u00e4tta fotbollstr\u00f6jor f\u00f6r hand. Om du vill anv\u00e4nda tv\u00e4ttmaskinen ska du komma ih\u00e5g att v\u00e4nda fotbollstr\u00f6jorna ut och in och sedan tv\u00e4tta dem. Fyll maskinen med kallt vatten och anv\u00e4nd ett skonsamt program f\u00f6r att b\u00e4ttre skydda f\u00e4rgerna.<\/p>","protected":false},"excerpt":{"rendered":"<p>Nike Brasilien 2022 VM:s bortske-utomhustr\u00f6ja kombinerar en bl\u00e5 grundf\u00e4rg med en ljusgr\u00f6n Swoosh. De officiella f\u00e4rgerna \u00e4r \u201eParamount Blue\/Dynamic Yellow\/Green Spark\u201c. Vita shorts och bl\u00e5 strumpor fullbordar Brasiliens 2022 VM:s bortatr\u00f6ja. Utskriftsanvisningar: Om namn och nummer p\u00e5 bilden exakt motsvarar dina \u00f6nskem\u00e5l beh\u00f6ver du inte ange dem igen. [\u2026]<\/p>","protected":false},"featured_media":11315,"comment_status":"open","ping_status":"closed","template":"","meta":[],"product_brand":[],"product_cat":[112],"product_tag":[20,429,210,114,222,21,22,23,24],"class_list":{"0":"post-11275","1":"product","2":"type-product","3":"status-publish","4":"has-post-thumbnail","6":"product_cat-brasilien-trikots","7":"product_tag-coole-fussballtrikots","8":"product_tag-brasilien-2022-world-cup-auswaertstrikot","9":"product_tag-brasilien-auswaertstrikot","10":"product_tag-brasilien-trikots","11":"product_tag-fussball-wm-2022-trikots","12":"product_tag-fussballtrikot-fuer-herren","13":"product_tag-fussballtrikot-guenstig-kaufen","14":"product_tag-fussballtrikot-kurzarm","15":"product_tag-guenstiges-fussballtrikot","17":"first","18":"instock","19":"shipping-taxable","20":"purchasable","21":"product-type-variable"},"_links":{"self":[{"href":"https:\/\/www.billigtrikotde.com\/sv\/wp-json\/wp\/v2\/product\/11275","targetHints":{"allow":["GET"]}}],"collection":[{"href":"https:\/\/www.billigtrikotde.com\/sv\/wp-json\/wp\/v2\/product"}],"about":[{"href":"https:\/\/www.billigtrikotde.com\/sv\/wp-json\/wp\/v2\/types\/product"}],"replies":[{"embeddable":true,"href":"https:\/\/www.billigtrikotde.com\/sv\/wp-json\/wp\/v2\/comments?post=11275"}],"wp:featuredmedia":[{"embeddable":true,"href":"https:\/\/www.billigtrikotde.com\/sv\/wp-json\/wp\/v2\/media\/11315"}],"wp:attachment":[{"href":"https:\/\/www.billigtrikotde.com\/sv\/wp-json\/wp\/v2\/media?parent=11275"}],"wp:term":[{"taxonomy":"product_brand","embeddable":true,"href":"https:\/\/www.billigtrikotde.com\/sv\/wp-json\/wp\/v2\/product_brand?post=11275"},{"taxonomy":"product_cat","embeddable":true,"href":"https:\/\/www.billigtrikotde.com\/sv\/wp-json\/wp\/v2\/product_cat?post=11275"},{"taxonomy":"product_tag","embeddable":true,"href":"https:\/\/www.billigtrikotde.com\/sv\/wp-json\/wp\/v2\/product_tag?post=11275"}],"curies":[{"name":"wp","href":"https:\/\/api.w.org\/{rel}","templated":true}]}}