{"id":11175,"date":"2024-10-24T03:58:21","date_gmt":"2024-10-24T01:58:21","guid":{"rendered":"http:\/\/billigtrikots.com\/?post_type=product&#038;p=11175"},"modified":"2024-10-24T04:01:27","modified_gmt":"2024-10-24T02:01:27","slug":"kinder-portugal-heimtrikot-t-shirt-fussball-wm-2022-rot-gruen-trikotsatz-kit-joao-felix-23","status":"publish","type":"product","link":"https:\/\/www.billigtrikotde.com\/sv\/kinder-portugal-heimtrikot-t-shirt-fussball-wm-2022-rot-gruen-trikotsatz-kit-joao-felix-23\/","title":{"rendered":"Barn Portugal Hemmatr\u00f6ja T-shirt Fotbolls-VM 2022 r\u00f6dgr\u00f6n Kit JOAO FELIX 23"},"content":{"rendered":"<p>Nike Portugal 2022-tr\u00f6jan \u00e4r \u00f6verv\u00e4gande r\u00f6d (\"Pepper Red\"), kombinerad med gr\u00f6nt i en diagonal design a la Monaco och gulgula logotyper (\"Gold Dart\").<\/p>\n<p>En ovanlig look och en nyhet i lagets historia: tr\u00f6jan f\u00f6r VM 2022 i Portugal har en diagonal gr\u00f6n grafik p\u00e5 fram- och baksidan. Den forts\u00e4tter \u00e4ven p\u00e5 h\u00f6ger \u00e4rm. Detta utseende \u00e4r avsett att imitera flaggan som \u00e4r lindad runt kroppen, enligt det officiella pressmeddelandet.<\/p>\n<p>Precis som vid Euro 2020 kombinerar Nike Nike Portugal 2022-tr\u00f6jan med gr\u00f6na shorts. Strumporna p\u00e5 Portugal 2022 World Cup hemmatr\u00f6ja \u00e4r r\u00f6da, med en gr\u00f6n manschett och guldlogotyper.<\/p>\n<p>Tips f\u00f6r utskrift: Om namn och nummer p\u00e5 bilden \u00e4r exakt vad du vill ha, beh\u00f6ver du inte ange dem igen. Om inte, ska du ange \u00f6nskat namn och nummer.<\/p>\n<p>Tips f\u00f6r tv\u00e4tt: Det \u00e4r rekommenderat att tv\u00e4tta fotbollstr\u00f6jor f\u00f6r hand. Om du vill anv\u00e4nda tv\u00e4ttmaskinen ska du komma ih\u00e5g att v\u00e4nda fotbollstr\u00f6jorna ut och in och sedan tv\u00e4tta dem. Fyll maskinen med kallt vatten och anv\u00e4nd ett skonsamt program f\u00f6r att b\u00e4ttre skydda f\u00e4rgerna.<\/p>","protected":false},"excerpt":{"rendered":"<p>Nike Portugal 2022-tr\u00f6jan \u00e4r fr\u00e4mst r\u00f6d (\u201ePepper Red\u201c), kombinerad med gr\u00f6nt i en diagonalt m\u00f6nster \u00e0 la Monaco och guldkorniga logotyper (\u201eGold Dart\u201c). En extraordin\u00e4r look och ett nyhet i lagets historia: tr\u00f6jan f\u00f6r VM i fotboll 2022 i Portugal har en diagonalt gr\u00f6n grafik p\u00e5 fram- och baksidan. Hon [\u2026]<\/p>","protected":false},"featured_media":11214,"comment_status":"open","ping_status":"closed","template":"","meta":[],"product_brand":[],"product_cat":[239],"product_tag":[20,222,21,23,24,94,240,347,348],"class_list":{"0":"post-11175","1":"product","2":"type-product","3":"status-publish","4":"has-post-thumbnail","6":"product_cat-portugal-trikots","7":"product_tag-coole-fussballtrikots","8":"product_tag-fussball-wm-2022-trikots","9":"product_tag-fussballtrikot-fuer-herren","10":"product_tag-fussballtrikot-kurzarm","11":"product_tag-guenstiges-fussballtrikot","12":"product_tag-kinder-fussball-trikotsatz","13":"product_tag-portugal-heimtrikot","14":"product_tag-portugal-trikots","15":"product_tag-portugal-trikotsatz-fuer-kinder","17":"first","18":"instock","19":"shipping-taxable","20":"purchasable","21":"product-type-variable"},"_links":{"self":[{"href":"https:\/\/www.billigtrikotde.com\/sv\/wp-json\/wp\/v2\/product\/11175","targetHints":{"allow":["GET"]}}],"collection":[{"href":"https:\/\/www.billigtrikotde.com\/sv\/wp-json\/wp\/v2\/product"}],"about":[{"href":"https:\/\/www.billigtrikotde.com\/sv\/wp-json\/wp\/v2\/types\/product"}],"replies":[{"embeddable":true,"href":"https:\/\/www.billigtrikotde.com\/sv\/wp-json\/wp\/v2\/comments?post=11175"}],"wp:featuredmedia":[{"embeddable":true,"href":"https:\/\/www.billigtrikotde.com\/sv\/wp-json\/wp\/v2\/media\/11214"}],"wp:attachment":[{"href":"https:\/\/www.billigtrikotde.com\/sv\/wp-json\/wp\/v2\/media?parent=11175"}],"wp:term":[{"taxonomy":"product_brand","embeddable":true,"href":"https:\/\/www.billigtrikotde.com\/sv\/wp-json\/wp\/v2\/product_brand?post=11175"},{"taxonomy":"product_cat","embeddable":true,"href":"https:\/\/www.billigtrikotde.com\/sv\/wp-json\/wp\/v2\/product_cat?post=11175"},{"taxonomy":"product_tag","embeddable":true,"href":"https:\/\/www.billigtrikotde.com\/sv\/wp-json\/wp\/v2\/product_tag?post=11175"}],"curies":[{"name":"wp","href":"https:\/\/api.w.org\/{rel}","templated":true}]}}